{"id":102,"date":"2010-09-02T09:37:36","date_gmt":"2010-09-02T07:37:36","guid":{"rendered":"http:\/\/www.forex-pc.de\/wordpress\/wordpress\/?page_id=102"},"modified":"2011-02-02T14:49:14","modified_gmt":"2011-02-02T12:49:14","slug":"hammer","status":"publish","type":"page","link":"http:\/\/www.candlestick-fibonacci.de\/?page_id=102","title":{"rendered":"Hammer"},"content":{"rendered":"<hr \/>\n<div style=\"overflow: hidden;\">\n<div id=\"attachment_211\" style=\"width: 110px\" class=\"wp-caption alignnone\"><img loading=\"lazy\" decoding=\"async\" aria-describedby=\"caption-attachment-211\" class=\"size-full wp-image-211\" title=\"Hammer\" src=\"http:\/\/www.candlestick-fibonacci.de\/wp-content\/uploads\/2010\/09\/hammer1.jpg\" alt=\"\" width=\"100\" height=\"100\" \/><p id=\"caption-attachment-211\" class=\"wp-caption-text\">Hammer<\/p><\/div>\n<p style=\"text-align: justify; padding: 0; margin: -115px 0 0 108px; position: relative; float: left; display: inline;\">Nach vorherrschender Marktbewegung ist der Hammer eine bullishe Bodenumkehrformation und gilt mit hoher Wahrscheinlichkeit als Umkehrsignal.<br \/>\nDer Hammer ist gekennzeichnet durch einen kleinen K\u00f6rper sowie langen Schatten und charakterisiert einen Markt der im Zeitabschnitt unter Druck geraten ist, aber am Ende wieder Boden gewinnen konnte.<br \/>\nDie klassische Umkehrformation ist umso st\u00e4rker, je kleiner der K\u00f6rper und je l\u00e4nger der Docht der Kerze.<\/p>\n<\/div>\n<hr \/>\n<div id=\"attachment_228\" style=\"width: 650px\" class=\"wp-caption alignnone\"><img loading=\"lazy\" decoding=\"async\" aria-describedby=\"caption-attachment-228\" class=\"size-full wp-image-228\" title=\"Hammer\" src=\"http:\/\/www.candlestick-fibonacci.de\/wp-content\/uploads\/2010\/09\/hammer3.jpg\" alt=\"\" width=\"640\" height=\"480\" srcset=\"http:\/\/www.candlestick-fibonacci.de\/wp-content\/uploads\/2010\/09\/hammer3.jpg 640w, http:\/\/www.candlestick-fibonacci.de\/wp-content\/uploads\/2010\/09\/hammer3-300x225.jpg 300w\" sizes=\"auto, (max-width: 640px) 100vw, 640px\" \/><p id=\"caption-attachment-228\" class=\"wp-caption-text\">Hammer im Chart<\/p><\/div>\n<p style=\"text-align: justify;\">Die Hammer Formation erfolgte nach vorherrschender bearisher Marktbewegung an einer bedeutenden Widerstandslinie (70$). Optimisten sehen nun m\u00f6gliche Chancen, an der bullishen Gegenbewegung zu partizipieren. Hierbei sollte die m\u00f6gliche Korrekturbewegung nach dem Hammer Close ber\u00fccksichtigt werden.<\/p>\n<hr \/>\n","protected":false},"excerpt":{"rendered":"<p>Nach vorherrschender Marktbewegung ist der Hammer eine bullishe Bodenumkehrformation und gilt mit hoher Wahrscheinlichkeit als Umkehrsignal. Der Hammer ist gekennzeichnet durch einen kleinen K\u00f6rper sowie langen Schatten und charakterisiert einen Markt der im Zeitabschnitt unter Druck geraten ist, aber am Ende wieder Boden gewinnen konnte. Die klassische Umkehrformation ist umso st\u00e4rker, je kleiner der K\u00f6rper [&hellip;]<\/p>\n","protected":false},"author":1,"featured_media":0,"parent":18,"menu_order":0,"comment_status":"closed","ping_status":"closed","template":"","meta":{"footnotes":""},"class_list":["post-102","page","type-page","status-publish","hentry"],"_links":{"self":[{"href":"http:\/\/www.candlestick-fibonacci.de\/index.php?rest_route=\/wp\/v2\/pages\/102","targetHints":{"allow":["GET"]}}],"collection":[{"href":"http:\/\/www.candlestick-fibonacci.de\/index.php?rest_route=\/wp\/v2\/pages"}],"about":[{"href":"http:\/\/www.candlestick-fibonacci.de\/index.php?rest_route=\/wp\/v2\/types\/page"}],"author":[{"embeddable":true,"href":"http:\/\/www.candlestick-fibonacci.de\/index.php?rest_route=\/wp\/v2\/users\/1"}],"replies":[{"embeddable":true,"href":"http:\/\/www.candlestick-fibonacci.de\/index.php?rest_route=%2Fwp%2Fv2%2Fcomments&post=102"}],"version-history":[{"count":87,"href":"http:\/\/www.candlestick-fibonacci.de\/index.php?rest_route=\/wp\/v2\/pages\/102\/revisions"}],"predecessor-version":[{"id":107,"href":"http:\/\/www.candlestick-fibonacci.de\/index.php?rest_route=\/wp\/v2\/pages\/102\/revisions\/107"}],"up":[{"embeddable":true,"href":"http:\/\/www.candlestick-fibonacci.de\/index.php?rest_route=\/wp\/v2\/pages\/18"}],"wp:attachment":[{"href":"http:\/\/www.candlestick-fibonacci.de\/index.php?rest_route=%2Fwp%2Fv2%2Fmedia&parent=102"}],"curies":[{"name":"wp","href":"https:\/\/api.w.org\/{rel}","templated":true}]}}