{"id":1135,"date":"2010-10-11T16:06:14","date_gmt":"2010-10-11T14:06:14","guid":{"rendered":"http:\/\/www.metatrader-mql-seminare.de\/xyz_wordpress\/?page_id=1135"},"modified":"2010-10-15T13:30:27","modified_gmt":"2010-10-15T11:30:27","slug":"basiswissen","status":"publish","type":"page","link":"http:\/\/www.candlestick-fibonacci.de\/?page_id=1135","title":{"rendered":"Basiswissen"},"content":{"rendered":"<hr>\n<p>Das Basiswissen dient dem Besucher, sich in das Thema einzuarbeiten. Hier wird eine gro\u00dfe Anzahl an Candlesticks pr\u00e4sentiert. Die wichtigsten sind auf alle F\u00e4lle vorhanden.<\/p>\n<p>Die zus\u00e4tzlichen Abbildungen erleichtern Ihnen das Verst\u00e4ndnis.<\/p>\n<p>So gehen wir auch kurz auf die Fibonacci Analyse ein.<\/p>\n<p>Somit ist ein Kauf eines Buches, welches zu diesem Thema schreibt, nicht unbedingt erforderlich.<\/p>\n<p>Da Sie in meinem Seminar viel mehr Informationen bekommen werden, kann ich Ihnen nur empfehlen, daran Teil zu nehmen.<\/p>\n","protected":false},"excerpt":{"rendered":"<p>Das Basiswissen dient dem Besucher, sich in das Thema einzuarbeiten. Hier wird eine gro\u00dfe Anzahl an Candlesticks pr\u00e4sentiert. Die wichtigsten sind auf alle F\u00e4lle vorhanden. Die zus\u00e4tzlichen Abbildungen erleichtern Ihnen das Verst\u00e4ndnis. So gehen wir auch kurz auf die Fibonacci Analyse ein. Somit ist ein Kauf eines Buches, welches zu diesem Thema schreibt, nicht unbedingt [&hellip;]<\/p>\n","protected":false},"author":1,"featured_media":0,"parent":0,"menu_order":13,"comment_status":"closed","ping_status":"closed","template":"","meta":{"footnotes":""},"class_list":["post-1135","page","type-page","status-publish","hentry"],"_links":{"self":[{"href":"http:\/\/www.candlestick-fibonacci.de\/index.php?rest_route=\/wp\/v2\/pages\/1135","targetHints":{"allow":["GET"]}}],"collection":[{"href":"http:\/\/www.candlestick-fibonacci.de\/index.php?rest_route=\/wp\/v2\/pages"}],"about":[{"href":"http:\/\/www.candlestick-fibonacci.de\/index.php?rest_route=\/wp\/v2\/types\/page"}],"author":[{"embeddable":true,"href":"http:\/\/www.candlestick-fibonacci.de\/index.php?rest_route=\/wp\/v2\/users\/1"}],"replies":[{"embeddable":true,"href":"http:\/\/www.candlestick-fibonacci.de\/index.php?rest_route=%2Fwp%2Fv2%2Fcomments&post=1135"}],"version-history":[{"count":5,"href":"http:\/\/www.candlestick-fibonacci.de\/index.php?rest_route=\/wp\/v2\/pages\/1135\/revisions"}],"predecessor-version":[{"id":1246,"href":"http:\/\/www.candlestick-fibonacci.de\/index.php?rest_route=\/wp\/v2\/pages\/1135\/revisions\/1246"}],"wp:attachment":[{"href":"http:\/\/www.candlestick-fibonacci.de\/index.php?rest_route=%2Fwp%2Fv2%2Fmedia&parent=1135"}],"curies":[{"name":"wp","href":"https:\/\/api.w.org\/{rel}","templated":true}]}}