{"id":1146,"date":"2010-10-11T16:52:29","date_gmt":"2010-10-11T14:52:29","guid":{"rendered":"http:\/\/www.metatrader-mql-seminare.de\/xyz_wordpress\/?page_id=1146"},"modified":"2011-11-02T14:13:41","modified_gmt":"2011-11-02T12:13:41","slug":"seminar","status":"publish","type":"page","link":"http:\/\/www.candlestick-fibonacci.de\/?page_id=1146","title":{"rendered":"Seminar"},"content":{"rendered":"<hr \/>\n<p>Wieso neue Candlestick und Fibonacci Analyse? In meinem Seminar ist nicht alles neu. Sie k\u00f6nnen Ihr bisheriges Wissen weiterhin einsetzen. Es wird alles nur viel exakter und somit auch effektiver betrachtet.<\/p>\n<p>Bisher kennen Sie nur die Formationen und ein paar Instrumente, die den Einstieg verbessern k\u00f6nnen. Das Seminar geht allerdings deutlich weiter. Und dies ganz konkret in einem Schritt f\u00fcr Schritt Plan.<\/p>\n<p>Dies hat vor allem auch f\u00fcr Einsteiger den Vorteil gleich mit der richtigen L\u00f6sung zu beginnen.<\/p>\n<p><strong>Was ist nun alles neu:<\/strong><\/p>\n<ul> <strong>Candlestick-Analyse:<\/strong><\/p>\n<li> Der Trend wird neu unter die Lupe genommen.<\/li>\n<li> Die Signifikanz der Gr\u00f6\u00dfe der Balken.<\/li>\n<li> Die Formationsst\u00e4rke ist eines der entscheidenden Eigenschaften.<\/li>\n<li> Doppelsignale erh\u00f6hen die Wahrscheinlichkeit.<\/li>\n<li> Die Betrachtung der vorherigen Situation verst\u00e4rkt das Signal.<\/li>\n<\/ul>\n<ul> <strong>Fibonacci-Analyse:<\/strong><\/p>\n<li> Identifizierung der letzten relevanten Wellen. Entscheidend ist der Wahl der richtigen Wellen.<\/li>\n<li> Es werden immer 3 Fibonacci-Instrumente ben\u00f6tigt. Der Synergieeffekt aller 3 Instrumente f\u00fchrt zu einer h\u00f6heren Trefferquote.<\/li>\n<li> Einordnung der Instrumente in eine Hierarchie. Die Fibo-Verh\u00e4ltnisse bekommen eine Rangfolge.<\/li>\n<li> Konkrete Vorgehensweise der Analyse der letzten Wellen.<\/li>\n<li> Beachtung des \u00fcbergeordneten Charts.<\/li>\n<li> Zusammenf\u00fchren aller bisherigen Analysen mit konkreter Bewertung.<\/li>\n<\/ul>\n<p>Es wird eine gro\u00dfe Anzahl an Beispielen und deren Charts geben. Alles wird genau erkl\u00e4rt und Sie erhalten nat\u00fcrlich das Seminar-Material zur sp\u00e4teren Aufbereitung.<\/p>\n<hr \/>\n<p><strong>Aktuell k\u00f6nnen Sie immer noch den Rabatt in Anspruch nehmen. Also bezahlen Sie <span style=\"text-decoration: underline;\">nur 299,00 Euro<\/span> und bekommen die Profi-Version des Candle-Scanners kostenlos dazu.<\/strong> <\/p>\n<p>Sie sparen also 200,00 Euro. <\/p>\n<p>Es wird an einem Tag am Wochenende stattfinden.<br \/>\nTermine bitte auf Anfrage.<\/p>\n<p>Haben Sie Interesse? Dann schicken Sie mir doch einfach Ihre Kontaktdaten zu und wir werden uns bei Ihnen melden.<\/p>\n","protected":false},"excerpt":{"rendered":"<p>Wieso neue Candlestick und Fibonacci Analyse? In meinem Seminar ist nicht alles neu. Sie k\u00f6nnen Ihr bisheriges Wissen weiterhin einsetzen. Es wird alles nur viel exakter und somit auch effektiver betrachtet. Bisher kennen Sie nur die Formationen und ein paar Instrumente, die den Einstieg verbessern k\u00f6nnen. Das Seminar geht allerdings deutlich weiter. Und dies ganz [&hellip;]<\/p>\n","protected":false},"author":1,"featured_media":0,"parent":0,"menu_order":0,"comment_status":"closed","ping_status":"closed","template":"","meta":{"footnotes":""},"class_list":["post-1146","page","type-page","status-publish","hentry"],"_links":{"self":[{"href":"http:\/\/www.candlestick-fibonacci.de\/index.php?rest_route=\/wp\/v2\/pages\/1146","targetHints":{"allow":["GET"]}}],"collection":[{"href":"http:\/\/www.candlestick-fibonacci.de\/index.php?rest_route=\/wp\/v2\/pages"}],"about":[{"href":"http:\/\/www.candlestick-fibonacci.de\/index.php?rest_route=\/wp\/v2\/types\/page"}],"author":[{"embeddable":true,"href":"http:\/\/www.candlestick-fibonacci.de\/index.php?rest_route=\/wp\/v2\/users\/1"}],"replies":[{"embeddable":true,"href":"http:\/\/www.candlestick-fibonacci.de\/index.php?rest_route=%2Fwp%2Fv2%2Fcomments&post=1146"}],"version-history":[{"count":13,"href":"http:\/\/www.candlestick-fibonacci.de\/index.php?rest_route=\/wp\/v2\/pages\/1146\/revisions"}],"predecessor-version":[{"id":1233,"href":"http:\/\/www.candlestick-fibonacci.de\/index.php?rest_route=\/wp\/v2\/pages\/1146\/revisions\/1233"}],"wp:attachment":[{"href":"http:\/\/www.candlestick-fibonacci.de\/index.php?rest_route=%2Fwp%2Fv2%2Fmedia&parent=1146"}],"curies":[{"name":"wp","href":"https:\/\/api.w.org\/{rel}","templated":true}]}}