{"id":1165,"date":"2010-10-11T18:24:28","date_gmt":"2010-10-11T16:24:28","guid":{"rendered":"http:\/\/www.metatrader-mql-seminare.de\/xyz_wordpress\/?page_id=1165"},"modified":"2010-10-15T13:29:09","modified_gmt":"2010-10-15T11:29:09","slug":"agb-datenschutz-wiederrufsbelehrung","status":"publish","type":"page","link":"http:\/\/www.candlestick-fibonacci.de\/?page_id=1165","title":{"rendered":"AGB \/ Datenschutz \/ Wiederrufsbelehrung"},"content":{"rendered":"<hr>\n<h3>Allgemeine Gesch\u00e4ftsbedingungen (AGB)<\/h3>\n<p>Stand: 01.09.2010<\/p>\n<p>1)      <strong>Allgemeines \/ Vertragsabschluss<\/strong><\/p>\n<p>a.       <strong>Vertragspartner<\/strong><\/p>\n<p>Der Vertrag kommt zwischen dem K\u00e4ufer, nachfolgend Kunde genannt und Sebastian Holtz forexsolutions, nachfolgend forexsolutions genannt, zustande.<\/p>\n<p>b.      <strong>Geltungsbereich<\/strong><\/p>\n<p>Diese Allgemeinen Gesch\u00e4ftsbedingungen gelten f\u00fcr Leistungen, welche auf der Homepage www.???.com angeboten werden.<\/p>\n<p>c.       <strong>Zustandekommen des Vertrages<\/strong><\/p>\n<p>Der Kaufvertrag kommt zustande, wenn forexsolutions die Bestellung des Kunden annimmt. Beide Seiten k\u00f6nnen dies m\u00fcndlich oder schriftlich tun.  Als Textform ist ebenfalls der Versand einer e-mail anzusehen.<\/p>\n<p>2)      <strong>Preis- und Zahlungsbedingungen<\/strong><\/p>\n<p>a.       <strong>Preisg\u00fcltigkeit<\/strong><\/p>\n<p>F\u00fcr die Lieferung der Ware und die Dienstleistungen gelten die ausgewiesenen Preise auf unserer Homepage.<\/p>\n<p>b.      <strong>MwSt. \/ Versandkosten<\/strong><\/p>\n<p>Alle unsere Preise enthalten die gesetzliche Mehrwertsteuer. Versandkosten fallen hierbei nicht an.<\/p>\n<p>c.       <strong>Zahlungsbedingungen<\/strong><\/p>\n<p>Unsere Rechnungen sind sofort f\u00e4llig und im Voraus per Bank\u00fcberweisung zu begleichen. Eine Zahlung gilt erst dann als erfolgt, wenn forexsolutions \u00fcber den Betrag verf\u00fcgen kann. Im Falle eines Zahlungsverzuges gelten die Rechte und Pflichten des BGB.<\/p>\n<p>3)      <strong>Lieferfrist<\/strong><\/p>\n<p>a.       Lieferfristen sind nicht vorgesehen.<\/p>\n<p>b.      Des Weiteren gelten die Rechte und Pflichten des BGB.<\/p>\n<p>4)      <strong>Leistungsumfang<\/strong><\/p>\n<p>a.       <strong>Seminare<\/strong><\/p>\n<p>Der Inhalt der Seminare ist von forexsolutions frei gew\u00e4hlt. Der Kunde hat kein Recht auf weiterf\u00fchrenden Service welcher sich aus dem Seminar ergibt. Dieser Service muss extra bezahlt werden. Die Verg\u00fctung richtet sich nach meinen aktuellen Stundenpreisen.<\/p>\n<p>b.      <strong>sonstige Dienstleistungen<\/strong><\/p>\n<p>Der Preis der sonstigen Dienstleistungen wird nach Stundensatz berechnet. Dieser ist auf der Homepage ausgewiesen oder wird dem Kunden im vorhinein mitgeteilt. Der Kunde hat hier kein Recht auf weiteren Service, welcher sich aus der erworbenen Dienstleistung ergibt. Dieser Service muss extra bezahlt werden. Die Verg\u00fctung richtet sich nach meinen aktuellen Stundenpreisen.<\/p>\n<p>5)      <strong>Haftungsausschluss<\/strong><\/p>\n<p>Das Angebot auf der Homepage stellt keine Beratung oder Empfehlung zum Kauf eines Wertpapiers dar. Der Kunde ist sich bewusst, dass er sich \u00fcber Verlustrisiken zum Kauf und Verkauf von Finanztermingesch\u00e4ften und Devisen, bei seinem Kreditinstitut (Bsp: Bank oder Broker) zu informieren hat. An dieser Stelle sei genannt, dass die m\u00f6glichen Verluste die Einlage bei ihrem Kreditinstitut \u00fcbersteigen k\u00f6nnen. Bitte informieren sie sich \u00fcber ihre Risiken.<\/p>\n<p>Forexsolutions kann keine Haftung f\u00fcr entstehende Verm\u00f6genssch\u00e4den \u00fcbernehmen. Sobald der Kunde die Strategien mit realem Geld zum Einsatz bringt, ist er sich seiner Risiken bewusst. Forexsolutions hat keinen Einfluss auf ihre entstehenden Gewinne und Verluste. <\/p>\n<hr \/>\n<h3>Datenschutz<\/h3>\n<p>Stand: 01.09.2010<\/p>\n<p>Sebastian Holtz forexsolutions nimmt den Schutz personenbezogener Daten sehr ernst. Dieser ist f\u00fcr uns von h\u00f6chster Bedeutung, weshalb die Einhaltung der datenschutzrechtlichen Vorschriften f\u00fcr uns eine Selbstverst\u00e4ndlichkeit darstellt.<\/p>\n<h4>Verwendung der Daten<\/h4>\n<p>Personenbezogene Daten werden von uns lediglich zur zweckbezogenen Durchf\u00fchrung von Auftr\u00e4gen verwendet. Eine weitergehende Nutzung z.B. f\u00fcr Werbezwecke ohne Ihr ausdr\u00fcckliches Einverst\u00e4ndnis hierzu ist ausgeschlossen.<\/p>\n<table style=\"height: 600px;\" width=\"800\">\n<tbody>\n<tr valign=\"top\">\n<td width=\"540\">\n<hr \/>\n<div>\n<h3>Widerrufsbelehrung<\/h3>\n<p>Als Verbraucher steht Ihnen &#8211; bei Anwendbarkeit der Vorschriften \u00fcber   \t\t\t\t\t\t\tFernabsatzvertr\u00e4ge &#8211; in Bezug auf die bei uns gekauften Waren ein Widerrufsrecht   \t\t\t\t\t\t\tnach Massgabe der folgenden Belehrung zu:<\/p><\/div>\n<div>\n<h4>Widerrufsrecht<\/h4>\n<p>Sie k\u00f6nnen Ihre Vertragserkl\u00e4rung innerhalb von 2 Wochen, ohne Angabe von Gr\u00fcnden, in Textform   \t\t\t\t\t\t\t(z. B. Brief, E-Mail, etc.) oder durch R\u00fccksendung der Sache widerrufen.   \t\t\t\t\t\t\tDie Frist beginnt fr\u00fchestens mit dem Zeitpunkt, zu dem die Belehrung in   \t\t\t\t\t\t\tTextform mitgeteilt worden ist, nicht jedoch vor dem Tag des Eingangs der Warenlieferung.   \t\t\t\t\t\t\tZur Wahrung der Widerrufsfrist gen\u00fcgt die rechtzeitige Absendung des Widerrufs oder der Sache.   \t\t\t\t\t\t\tDer Widerruf ist zu richten an:<\/p>\n<div>\nSebastian Holtz forexsolutions<br \/>\nFranz-Schubert-Str. 22<br \/>\n06712 Zeitz<br \/>\nemail: <a href=\"mailto:kontakt@devisen-handelssysteme.com\">kontakt@devisen-handelssysteme.com<\/a><\/div>\n<\/div>\n<div>\n<h4>Ausschluss<\/h4>\n<p>Das Widerrufsrecht besteht entsprechend \u00a7 312 d Abs. 4 BGB unter anderem   \t\t\t\t\t\t\tnicht bei Vertr\u00e4gen:<\/p>\n<ul>\n<li> Zur Lieferung von Waren, die nach Kundenspezifikation angefertigt werden   \t\t\t\t\t\t\t\t\t(dazu geh\u00f6ren programmierte Handelssysteme) oder eindeutig auf die pers\u00f6nlichen   \t\t\t\t\t\t\t\t\tBed\u00fcrfnisse zugeschnitten sind oder die aufgrund ihrer Beschaffenheit nicht   \t\t\t\t\t\t\t\t\tf\u00fcr eine R\u00fccksendung geeignet sind oder schnell verderben k\u00f6nnen oder deren   \t\t\t\t\t\t\t\t\tVerfallsdatum \u00fcberschritten w\u00fcrde,<\/li>\n<li> Zur Lieferung von Audio- oder Videoaufzeichnung oder von Software,   \t\t\t\t\t\t\t\t\tsofern die gelieferten Datentr\u00e4ger von Ihnen entsiegelt worden sind<\/li>\n<li> oder die in der Form von Versteigerungen geschlossen werden<\/li>\n<\/ul>\n<\/div>\n<div>\n<h4>Widerrufsfolgen<\/h4>\n<p>Im Falle eines wirksamen Widerrufs sind die beiderseits empfangenen Leistungen   \t\t\t\t\t\t\tzur\u00fcck zu gew\u00e4hren und ggf. gezogene Nutzung (z.B. Zinsen) herauszugeben.   \t\t\t\t\t\t\tK\u00f6nnen Sie uns die empfangene Leistung ganz oder teilweise nicht oder nur in   \t\t\t\t\t\t\tverschlechtertem Zustand zur\u00fcckgew\u00e4hren, m\u00fcssen Sie uns insoweit ggf. Wertersatz leisten.   \t\t\t\t\t\t\tBei der \u00dcberlassung von Sachen gilt dies nicht, wenn die Verschlechterung der Sache   \t\t\t\t\t\t\tausschlie\u00dflich auf deren Pr\u00fcfung &#8211; wie sie etwa im Ladengesch\u00e4ft m\u00f6glich gewesen   \t\t\t\t\t\t\tw\u00e4re &#8211; zur\u00fcckzuf\u00fchren ist. Im \u00dcbrigen k\u00f6nnen Sie uns soweit die Wertersatzpflicht vermeiden,   \t\t\t\t\t\t\tindem Sie die Sache nicht wie ein Eigent\u00fcmer in Gebrauch nehmen und alles unterlassen,   \t\t\t\t\t\t\twas deren Wert beeintr\u00e4chtigt. Paketversandf\u00e4hige Sachen sind zur\u00fcckzusenden;   \t\t\t\t\t\t\tnicht paketversandf\u00e4hige Sachen werden bei Ihnen abgeholt. Bei einer R\u00fccksendung   \t\t\t\t\t\t\taus einer Warenlieferung, deren Bestellwert insgesamt bis zu EUR 40,00 betr\u00e4gt,   \t\t\t\t\t\t\thaben Sie die Kosten der R\u00fccksendung zu tragen, wenn die gelieferte Ware der   \t\t\t\t\t\t\tbestellten entspricht. Andernfalls ist die R\u00fccksendung f\u00fcr Sie kostenfrei.<\/p><\/div>\n<\/td>\n<\/tr>\n<\/tbody>\n<\/table>\n","protected":false},"excerpt":{"rendered":"<p>Allgemeine Gesch\u00e4ftsbedingungen (AGB) Stand: 01.09.2010 1) Allgemeines \/ Vertragsabschluss a. Vertragspartner Der Vertrag kommt zwischen dem K\u00e4ufer, nachfolgend Kunde genannt und Sebastian Holtz forexsolutions, nachfolgend forexsolutions genannt, zustande. b. Geltungsbereich Diese Allgemeinen Gesch\u00e4ftsbedingungen gelten f\u00fcr Leistungen, welche auf der Homepage www.???.com angeboten werden. c. Zustandekommen des Vertrages Der Kaufvertrag kommt zustande, wenn forexsolutions die Bestellung [&hellip;]<\/p>\n","protected":false},"author":1,"featured_media":0,"parent":0,"menu_order":83,"comment_status":"closed","ping_status":"closed","template":"","meta":{"footnotes":""},"class_list":["post-1165","page","type-page","status-publish","hentry"],"_links":{"self":[{"href":"http:\/\/www.candlestick-fibonacci.de\/index.php?rest_route=\/wp\/v2\/pages\/1165","targetHints":{"allow":["GET"]}}],"collection":[{"href":"http:\/\/www.candlestick-fibonacci.de\/index.php?rest_route=\/wp\/v2\/pages"}],"about":[{"href":"http:\/\/www.candlestick-fibonacci.de\/index.php?rest_route=\/wp\/v2\/types\/page"}],"author":[{"embeddable":true,"href":"http:\/\/www.candlestick-fibonacci.de\/index.php?rest_route=\/wp\/v2\/users\/1"}],"replies":[{"embeddable":true,"href":"http:\/\/www.candlestick-fibonacci.de\/index.php?rest_route=%2Fwp%2Fv2%2Fcomments&post=1165"}],"version-history":[{"count":8,"href":"http:\/\/www.candlestick-fibonacci.de\/index.php?rest_route=\/wp\/v2\/pages\/1165\/revisions"}],"predecessor-version":[{"id":1244,"href":"http:\/\/www.candlestick-fibonacci.de\/index.php?rest_route=\/wp\/v2\/pages\/1165\/revisions\/1244"}],"wp:attachment":[{"href":"http:\/\/www.candlestick-fibonacci.de\/index.php?rest_route=%2Fwp%2Fv2%2Fmedia&parent=1165"}],"curies":[{"name":"wp","href":"https:\/\/api.w.org\/{rel}","templated":true}]}}