{"id":1194,"date":"2010-10-13T19:09:09","date_gmt":"2010-10-13T17:09:09","guid":{"rendered":"http:\/\/www.metatrader-mql-seminare.de\/xyz_wordpress\/?page_id=1194"},"modified":"2010-10-15T13:30:32","modified_gmt":"2010-10-15T11:30:32","slug":"newsletter","status":"publish","type":"page","link":"http:\/\/www.candlestick-fibonacci.de\/?page_id=1194","title":{"rendered":"Newsletter"},"content":{"rendered":"<hr \/>\n<p>F\u00fcr Trader, welche wenig Zeit haben oder einen leichten Einstieg in den Handel mit der neuen Methodik suchen, werden wir in der n\u00e4chsten Zeit einen Newsletter anbieten.<\/p>\n<p>In diesem Newsletter werden wir eine gro\u00dfe Anzahl an verschiedensten Aktien, regelm\u00e4\u00dfig nach relevanten Patterns, durchsuchen. Dies wird eine ideale Unterst\u00fctzung f\u00fcr Ihren Handel darstellen.<\/p>\n<p>Sie bekommen dabei Ihre Signale tagesaktuell zugesandt. So finden Sie immer einen fr\u00fchen Einstieg.<\/p>\n<p>Wenn Sie von einem Fr\u00fchbucherrabatt profitieren wollen, k\u00f6nnen Sie sich gerne ganz unverbindlich daf\u00fcr anmelden. Unverbindlich hei\u00dft nat\u00fcrlich, dass Sie hier noch keinen Auftrag erteilen, sondern nur Ihr Interesse bekunden. Und Sie bekommen trotzdem den Rabatt.<\/p>\n<p>F\u00fcllen Sie dazu bitte das unten stehende Formular aus.<\/p>\n<p><\/p>\n<hr>\n<p><\/p>\n<form action=\"http:\/\/www.metatrader-mql-seminare.de\/xyz_wordpress\/newsletter_candle.php\" method=\"post\">\n<table>\n<tbody>\n<tr>\n<td>Anrede:<\/td>\n<td><select name=\"anrede\"><option value=\"m\"> Herr <\/option><option value=\"w\"> Frau <\/option><\/select><\/td>\n<\/tr>\n<tr height=\"30\">\n<td width=\"100\">Vorname:<\/td>\n<td><input maxlength=\"100\" name=\"vorname\" size=\"40\" type=\"text\" \/><\/td>\n<\/tr>\n<tr height=\"30\">\n<td>Name:<\/td>\n<td><input maxlength=\"100\" name=\"name\" size=\"40\" type=\"text\" \/><\/td>\n<\/tr>\n<tr height=\"30\">\n<td>e-mail:<\/td>\n<td><input maxlength=\"100\" name=\"emailkunde\" size=\"40\" type=\"text\" \/><\/td>\n<\/tr>\n<tr>\n<td colspan=\"2\">\n<table>\n<tbody>\n<tr>\n<td colspan=\"2\">\n<div style=\"padding: 20px 0 10px 100px;\">Wir gew\u00e4hren einen 25%-igen Rabatt auf den Ausgangspreis. Dieser steht noch nicht fest. Wird aber zwischen 20,00 und 50,00 Euro pro Monat liegen.<\/div>\n<\/td>\n<\/tr>\n<tr>\n<td width=\"350\">\n<div style=\"padding: 0 0 0 100px;\">Ich habe Interesse am Newsletter und m\u00f6chte dies hiermit unverbindlich mitteilen:<\/div>\n<\/td>\n<td>\n<div style=\"padding-right: 0px;\"><input name=\"newsletter\" type=\"checkbox\" \/><\/div>\n<\/td>\n<\/tr>\n<\/tbody>\n<\/table>\n<\/td>\n<\/tr>\n<tr height=\"10\">\n<td><\/td>\n<\/tr>\n<tr>\n<td valign=\"top\">Nachricht:<\/td>\n<td>\nIst Ihnen etwas unklar? Haben Sie irgend eine Frage? Im unten stehenden Textfeld k\u00f6nnen Sie gerne Ihr Anliegen hineinschreiben.<br \/>\n<br \/>\n<textarea cols=\"40\" rows=\"6\" name=\"nachricht\"> <\/textarea><\/td>\n<\/tr>\n<tr height=\"30\">\n<td><\/td>\n<td><input type=\"submit\" value=\"absenden\" \/><\/td>\n<\/tr>\n<\/tbody>\n<\/table>\n<\/form>\n","protected":false},"excerpt":{"rendered":"<p>F\u00fcr Trader, welche wenig Zeit haben oder einen leichten Einstieg in den Handel mit der neuen Methodik suchen, werden wir in der n\u00e4chsten Zeit einen Newsletter anbieten. In diesem Newsletter werden wir eine gro\u00dfe Anzahl an verschiedensten Aktien, regelm\u00e4\u00dfig nach relevanten Patterns, durchsuchen. Dies wird eine ideale Unterst\u00fctzung f\u00fcr Ihren Handel darstellen. Sie bekommen dabei [&hellip;]<\/p>\n","protected":false},"author":1,"featured_media":0,"parent":0,"menu_order":12,"comment_status":"closed","ping_status":"closed","template":"","meta":{"footnotes":""},"class_list":["post-1194","page","type-page","status-publish","hentry"],"_links":{"self":[{"href":"http:\/\/www.candlestick-fibonacci.de\/index.php?rest_route=\/wp\/v2\/pages\/1194","targetHints":{"allow":["GET"]}}],"collection":[{"href":"http:\/\/www.candlestick-fibonacci.de\/index.php?rest_route=\/wp\/v2\/pages"}],"about":[{"href":"http:\/\/www.candlestick-fibonacci.de\/index.php?rest_route=\/wp\/v2\/types\/page"}],"author":[{"embeddable":true,"href":"http:\/\/www.candlestick-fibonacci.de\/index.php?rest_route=\/wp\/v2\/users\/1"}],"replies":[{"embeddable":true,"href":"http:\/\/www.candlestick-fibonacci.de\/index.php?rest_route=%2Fwp%2Fv2%2Fcomments&post=1194"}],"version-history":[{"count":21,"href":"http:\/\/www.candlestick-fibonacci.de\/index.php?rest_route=\/wp\/v2\/pages\/1194\/revisions"}],"predecessor-version":[{"id":1247,"href":"http:\/\/www.candlestick-fibonacci.de\/index.php?rest_route=\/wp\/v2\/pages\/1194\/revisions\/1247"}],"wp:attachment":[{"href":"http:\/\/www.candlestick-fibonacci.de\/index.php?rest_route=%2Fwp%2Fv2%2Fmedia&parent=1194"}],"curies":[{"name":"wp","href":"https:\/\/api.w.org\/{rel}","templated":true}]}}