{"id":1196,"date":"2010-10-13T19:10:46","date_gmt":"2010-10-13T17:10:46","guid":{"rendered":"http:\/\/www.metatrader-mql-seminare.de\/xyz_wordpress\/?page_id=1196"},"modified":"2010-10-15T13:30:55","modified_gmt":"2010-10-15T11:30:55","slug":"gewinnspiel","status":"publish","type":"page","link":"http:\/\/www.candlestick-fibonacci.de\/?page_id=1196","title":{"rendered":"Gewinnspiel"},"content":{"rendered":"<hr \/>\n<p>Gewinnen Sie eine Teilnahme an meinem Seminar. Sie m\u00fcssen nur den DAX-Index-Stand der n\u00e4chsten Woche erraten.<\/p>\n<p>Spielregeln:<br \/>\nEs ist der Kurs des Dax-Performance-Index von www.tradesignalonline.com entscheidend.<br \/>\nEs wird genau der Schlusskurs der Woche, also der Schlusskurs des Freitags herangezogen.<br \/>\nDer Tipp darf sp\u00e4testens bis zum vorherigen Sonntag, 24:00 Uhr MEZ, abgegeben werden.<br \/>\nEs kann nur ein Teilnehmer pro Runde gewinnen. Und es muss mindestens 10 Teilnehmer geben.<br \/>\nGibt es in einer Woche nicht gen\u00fcgend Teilnehmer, wird gewartet, bis 10 oder mehr Teilnehmer, vorhanden sind.<br \/>\nIst dies der Fall, gibt es mehrere Schlusskurse. Nun wird der jenige gewinnen, welcher direkt zu seinem zugeh\u00f6rigen Kurs am nahesten dran ist. Am nahesten ist der Teilnehmer, welcher in absolutem Abstand am nahesten ist.<br \/>\nDiese Prozedur f\u00e4ngt danach wieder von vorne an, bis wieder mindestens 10 neue Teilnehmer vorhanden sind.<\/p>\n<p><\/p>\n<hr>\n<p><\/p>\n<p>Bitte f\u00fcllen Sie f\u00fcr Ihre Teilnahme das unten stehende Formular aus. Achten Sie darauf, dass alle Felder ausgef\u00fcllt sind. ( Vor allem email und DAX-Kurs )<\/p>\n<p><\/p>\n<form action=\"http:\/\/www.metatrader-mql-seminare.de\/xyz_wordpress\/gewinnspiel_candle.php\" method=\"post\">\n<table>\n<tbody>\n<tr>\n<td>Anrede:<\/td>\n<td><select name=\"anrede\"><option value=\"m\"> Herr <\/option><option value=\"w\"> Frau <\/option><\/select><\/td>\n<\/tr>\n<tr height=\"30\">\n<td width=\"100\">Vorname:<\/td>\n<td><input maxlength=\"100\" name=\"vorname\" size=\"40\" type=\"text\" \/><\/td>\n<\/tr>\n<tr height=\"30\">\n<td>Name:<\/td>\n<td><input maxlength=\"100\" name=\"name\" size=\"40\" type=\"text\" \/><\/td>\n<\/tr>\n<tr height=\"30\">\n<td>e-mail:<\/td>\n<td><input maxlength=\"100\" name=\"emailkunde\" size=\"40\" type=\"text\" \/><\/td>\n<\/tr>\n<tr height=\"30\">\n<td>DAX-Kurs:<\/td>\n<td><input maxlength=\"100\" name=\"dax\" size=\"40\" type=\"text\" \/><\/td>\n<\/tr>\n<tr>\n<td colspan=\"2\">\n<table>\n<tbody>\n<tr>\n<td colspan=\"2\">\n<\/td>\n<\/tr>\n<tr>\n<\/tr>\n<\/tbody>\n<\/table>\n<\/td>\n<\/tr>\n<tr height=\"10\">\n<td><\/td>\n<\/tr>\n<tr>\n<td valign=\"top\">Nachricht:<\/td>\n<td>\nIst Ihnen etwas unklar? Haben Sie irgend eine Frage? Im unten stehenden Textfeld k\u00f6nnen Sie gerne Ihr Anliegen hineinschreiben.<br \/>\n<br \/>\n<textarea cols=\"40\" rows=\"6\" name=\"nachricht\"> <\/textarea><\/td>\n<\/tr>\n<tr height=\"30\">\n<td><\/td>\n<td><input type=\"submit\" value=\"absenden\" \/><\/td>\n<\/tr>\n<\/tbody>\n<\/table>\n<\/form>\n","protected":false},"excerpt":{"rendered":"<p>Gewinnen Sie eine Teilnahme an meinem Seminar. Sie m\u00fcssen nur den DAX-Index-Stand der n\u00e4chsten Woche erraten. Spielregeln: Es ist der Kurs des Dax-Performance-Index von www.tradesignalonline.com entscheidend. Es wird genau der Schlusskurs der Woche, also der Schlusskurs des Freitags herangezogen. Der Tipp darf sp\u00e4testens bis zum vorherigen Sonntag, 24:00 Uhr MEZ, abgegeben werden. Es kann nur [&hellip;]<\/p>\n","protected":false},"author":1,"featured_media":0,"parent":0,"menu_order":14,"comment_status":"closed","ping_status":"closed","template":"","meta":{"footnotes":""},"class_list":["post-1196","page","type-page","status-publish","hentry"],"_links":{"self":[{"href":"http:\/\/www.candlestick-fibonacci.de\/index.php?rest_route=\/wp\/v2\/pages\/1196","targetHints":{"allow":["GET"]}}],"collection":[{"href":"http:\/\/www.candlestick-fibonacci.de\/index.php?rest_route=\/wp\/v2\/pages"}],"about":[{"href":"http:\/\/www.candlestick-fibonacci.de\/index.php?rest_route=\/wp\/v2\/types\/page"}],"author":[{"embeddable":true,"href":"http:\/\/www.candlestick-fibonacci.de\/index.php?rest_route=\/wp\/v2\/users\/1"}],"replies":[{"embeddable":true,"href":"http:\/\/www.candlestick-fibonacci.de\/index.php?rest_route=%2Fwp%2Fv2%2Fcomments&post=1196"}],"version-history":[{"count":13,"href":"http:\/\/www.candlestick-fibonacci.de\/index.php?rest_route=\/wp\/v2\/pages\/1196\/revisions"}],"predecessor-version":[{"id":1248,"href":"http:\/\/www.candlestick-fibonacci.de\/index.php?rest_route=\/wp\/v2\/pages\/1196\/revisions\/1248"}],"wp:attachment":[{"href":"http:\/\/www.candlestick-fibonacci.de\/index.php?rest_route=%2Fwp%2Fv2%2Fmedia&parent=1196"}],"curies":[{"name":"wp","href":"https:\/\/api.w.org\/{rel}","templated":true}]}}