{"id":1277,"date":"2011-03-03T15:46:49","date_gmt":"2011-03-03T13:46:49","guid":{"rendered":"http:\/\/www.candlestick-fibonacci.de\/?page_id=1277"},"modified":"2013-11-05T18:15:20","modified_gmt":"2013-11-05T16:15:20","slug":"indikatoren","status":"publish","type":"page","link":"http:\/\/www.candlestick-fibonacci.de\/?page_id=1277","title":{"rendered":"Indikatoren"},"content":{"rendered":"<hr \/>\n<div><span style=\"font-size: medium;\"><\/p>\n<p>Hier wird der CANDLE-SCANNER pr\u00e4sentiert. Diesen erhalten Sie in Form eines Indikators f\u00fcr den Metatrader.<br \/>\nSie k\u00f6nnen damit den ganzen Markt nach Candlestick-Formationen absuchen und dann nat\u00fcrlich auch handeln.<br \/>\n<\/b><\/p>\n<ul> <strong>Was kann der CANDLE-SCANNER?<\/strong><\/p>\n<li> Er erkennt spezielle Candle-Stick-Formationen, die auf den Intraday-Markt optimiert wurden.<\/li>\n<li> Wenn er eine Formation erkannt wird, gibt er ein Signal aus und weist Sie auf das W\u00e4hrungspaar und die Zeitperiode hin.<\/li>\n<li> Dieses Signal ist akustisch zu h\u00f6ren und optisch zu sehen.<\/li>\n<li> Das Alarmfenster zeigt Ihnen das Wa\u00e4hrungspaar oder Aktie bzw. CFD\u00b4s und den Timeframe.<\/li>\n<li> Dieser Indikator ist vorl\u00e4ufig nur auf dem Metatrader lauff\u00e4hig.<\/li>\n<\/ul>\n<ul> <strong>Manueller Handel mit dem CANDLE-SCANNER<\/strong><\/p>\n<li> Der Scanner ist f\u00fcr den manuellen Handel sehr geeignet.<\/li>\n<li> Er kann im Prinzip fast jede Strategie verbessern.<\/li>\n<li> Finden Sie in der \u00fcbergeordneten Zeitperiode eine geeignete Phase zum Einstieg.<\/li>\n<li> So erh\u00f6hen Sie die Trefferquote Ihrer eigenen System-Idee.<\/li>\n<li> So k\u00f6nnen Sie hunderte von Charts scannen lassen und haben die M\u00f6glichkeit optimale Situationen<br \/>\nf\u00fcr Ihren Handel herrauszusuchen.<\/li>\n<\/ul>\n<ul> <strong>Automatischer Handel mit dem CANDLE-SCANNER<\/strong><\/p>\n<li> Auch im automatischen Handel ist der Scanner sehr n\u00fctzlich.<\/li>\n<li> Erweitern Sie Ihr System durch den Scanner und erh\u00f6hen Ihren Profit.<\/li>\n<li> Vor allem antizyklische Systeme profitieren hiervon.<\/li>\n<\/ul>\n<hr \/>\n<div style=\"color:#D57807; font-size: 1.2em;\">\nBestellen Sie den Indikator: &#8222;CANDLE SCANNER&#8220; auf meiner Shop-Homepage.<br \/>\n>>> <a href=\"http:\/\/www.forex-metatrader-shop.de\/?page_id=210\" target=\"_blank\"> hier bestellen <\/a><\/p>\n<\/div>\n<hr \/>\n<ul> <strong>ALL-IN-ONE und der CANDLE-SCANNER<\/strong><\/p>\n<li> Die gr\u00f6\u00dfte Anzahl an M\u00f6glichkeiten bietet Ihnen der Scanner in Verbindung mit dem ALL-IN-ONE.<\/li>\n<li> Der ALL-IN-ONE ist eine Software, die Ihnen erm\u00f6glicht automatische Handelssysteme zu erstellen.<\/li>\n<li> Diese k\u00f6nnen Sie in Verbindung mit dem Scanner und den enthaltenen Candlestick-Formationen erstellen.<\/li>\n<\/ul>\n<p><a href=\"http:\/\/www.candlestick-fibonacci.de\/?page_id=1319\"> &gt; Hier zum ALL-IN-ONE &lt; <\/a><\/p>\n<\/div>\n<hr \/>\n<div>\n<p><span> Hier sind einige Beispiele des Scanners aufgef\u00fchrt. Die Candles werden mit einer vertikalen Linie markiert.<br \/>\nDiese k\u00f6nnen Sie in Farbe und Dicke anpassen.<br \/>\n<\/span><\/p>\n<p><a href=\"http:\/\/www.candlestick-fibonacci.de\/wp-content\/uploads\/2013\/04\/chart_beispiel_1.gif\"><img loading=\"lazy\" decoding=\"async\" class=\"alignnone size-full wp-image-1307\" title=\"candle_chart_1\" src=\"http:\/\/www.candlestick-fibonacci.de\/wp-content\/uploads\/2013\/04\/chart_beispiel_1.gif\" alt=\"Hier sehen Sie Beispiele der Umbrella Lines\" width=\"800\" height=\"381\" srcset=\"http:\/\/www.candlestick-fibonacci.de\/wp-content\/uploads\/2013\/04\/chart_beispiel_1.gif 1153w, http:\/\/www.candlestick-fibonacci.de\/wp-content\/uploads\/2013\/04\/chart_beispiel_1-300x142.gif 300w, http:\/\/www.candlestick-fibonacci.de\/wp-content\/uploads\/2013\/04\/chart_beispiel_1-1024x487.gif 1024w\" sizes=\"auto, (max-width: 800px) 100vw, 800px\" \/><\/a><\/p>\n<p><a href=\"http:\/\/www.candlestick-fibonacci.de\/wp-content\/uploads\/2013\/04\/chart_beispiel_2.gif\"><img loading=\"lazy\" decoding=\"async\" class=\"alignnone size-full wp-image-1308\" title=\"candle_chart_2\" src=\"http:\/\/www.candlestick-fibonacci.de\/wp-content\/uploads\/2013\/04\/chart_beispiel_2.gif\" alt=\"\" width=\"800\" height=\"381\" srcset=\"http:\/\/www.candlestick-fibonacci.de\/wp-content\/uploads\/2013\/04\/chart_beispiel_2.gif 1153w, http:\/\/www.candlestick-fibonacci.de\/wp-content\/uploads\/2013\/04\/chart_beispiel_2-300x142.gif 300w, http:\/\/www.candlestick-fibonacci.de\/wp-content\/uploads\/2013\/04\/chart_beispiel_2-1024x487.gif 1024w\" sizes=\"auto, (max-width: 800px) 100vw, 800px\" \/><\/a><\/p>\n<p><a href=\"http:\/\/www.candlestick-fibonacci.de\/wp-content\/uploads\/2013\/04\/chart_beispiel_3.gif\"><img loading=\"lazy\" decoding=\"async\" class=\"alignnone size-full wp-image-1309\" title=\"candle_chart_3\" src=\"http:\/\/www.candlestick-fibonacci.de\/wp-content\/uploads\/2013\/04\/chart_beispiel_3.gif\" alt=\"\" width=\"800\" height=\"381\" srcset=\"http:\/\/www.candlestick-fibonacci.de\/wp-content\/uploads\/2013\/04\/chart_beispiel_3.gif 1153w, http:\/\/www.candlestick-fibonacci.de\/wp-content\/uploads\/2013\/04\/chart_beispiel_3-300x142.gif 300w, http:\/\/www.candlestick-fibonacci.de\/wp-content\/uploads\/2013\/04\/chart_beispiel_3-1024x487.gif 1024w\" sizes=\"auto, (max-width: 800px) 100vw, 800px\" \/><\/a><\/p>\n<p><a href=\"http:\/\/www.candlestick-fibonacci.de\/wp-content\/uploads\/2013\/04\/chart_beispiel_4.gif\"><img loading=\"lazy\" decoding=\"async\" class=\"alignnone size-full wp-image-1310\" title=\"candle_chart_4\" src=\"http:\/\/www.candlestick-fibonacci.de\/wp-content\/uploads\/2013\/04\/chart_beispiel_4.gif\" alt=\"\" width=\"800\" height=\"381\" srcset=\"http:\/\/www.candlestick-fibonacci.de\/wp-content\/uploads\/2013\/04\/chart_beispiel_4.gif 1153w, http:\/\/www.candlestick-fibonacci.de\/wp-content\/uploads\/2013\/04\/chart_beispiel_4-300x142.gif 300w, http:\/\/www.candlestick-fibonacci.de\/wp-content\/uploads\/2013\/04\/chart_beispiel_4-1024x487.gif 1024w\" sizes=\"auto, (max-width: 800px) 100vw, 800px\" \/><\/a><\/p>\n<p><a href=\"http:\/\/www.candlestick-fibonacci.de\/wp-content\/uploads\/2013\/04\/chart_beispiel_5.gif\"><img loading=\"lazy\" decoding=\"async\" class=\"alignnone size-full wp-image-1311\" title=\"candle_chart_5\" src=\"http:\/\/www.candlestick-fibonacci.de\/wp-content\/uploads\/2013\/04\/chart_beispiel_5.gif\" alt=\"\" width=\"800\" height=\"381\" srcset=\"http:\/\/www.candlestick-fibonacci.de\/wp-content\/uploads\/2013\/04\/chart_beispiel_5.gif 1153w, http:\/\/www.candlestick-fibonacci.de\/wp-content\/uploads\/2013\/04\/chart_beispiel_5-300x142.gif 300w, http:\/\/www.candlestick-fibonacci.de\/wp-content\/uploads\/2013\/04\/chart_beispiel_5-1024x487.gif 1024w\" sizes=\"auto, (max-width: 800px) 100vw, 800px\" \/><\/a><\/p>\n<p><a href=\"http:\/\/www.candlestick-fibonacci.de\/wp-content\/uploads\/2013\/04\/chart_beispiel_6.gif\"><img loading=\"lazy\" decoding=\"async\" class=\"alignnone size-full wp-image-1312\" title=\"candle_chart_6\" src=\"http:\/\/www.candlestick-fibonacci.de\/wp-content\/uploads\/2013\/04\/chart_beispiel_6.gif\" alt=\"\" width=\"800\" height=\"381\" srcset=\"http:\/\/www.candlestick-fibonacci.de\/wp-content\/uploads\/2013\/04\/chart_beispiel_6.gif 1153w, http:\/\/www.candlestick-fibonacci.de\/wp-content\/uploads\/2013\/04\/chart_beispiel_6-300x142.gif 300w, http:\/\/www.candlestick-fibonacci.de\/wp-content\/uploads\/2013\/04\/chart_beispiel_6-1024x487.gif 1024w\" sizes=\"auto, (max-width: 800px) 100vw, 800px\" \/><\/a><\/p>\n<p><a href=\"http:\/\/www.candlestick-fibonacci.de\/wp-content\/uploads\/2013\/04\/chart_beispiel_7.gif\"><img loading=\"lazy\" decoding=\"async\" class=\"alignnone size-full wp-image-1313\" title=\"candle_chart_7\" src=\"http:\/\/www.candlestick-fibonacci.de\/wp-content\/uploads\/2013\/04\/chart_beispiel_7.gif\" alt=\"\" width=\"800\" height=\"381\" srcset=\"http:\/\/www.candlestick-fibonacci.de\/wp-content\/uploads\/2013\/04\/chart_beispiel_7.gif 1153w, http:\/\/www.candlestick-fibonacci.de\/wp-content\/uploads\/2013\/04\/chart_beispiel_7-300x142.gif 300w, http:\/\/www.candlestick-fibonacci.de\/wp-content\/uploads\/2013\/04\/chart_beispiel_7-1024x487.gif 1024w\" sizes=\"auto, (max-width: 800px) 100vw, 800px\" \/><\/a><\/p>\n<p><a href=\"http:\/\/www.candlestick-fibonacci.de\/wp-content\/uploads\/2013\/04\/chart_beispiel_8.gif\"><img loading=\"lazy\" decoding=\"async\" class=\"alignnone size-full wp-image-1314\" title=\"candle_chart_8\" src=\"http:\/\/www.candlestick-fibonacci.de\/wp-content\/uploads\/2013\/04\/chart_beispiel_8.gif\" alt=\"\" width=\"800\" height=\"381\" srcset=\"http:\/\/www.candlestick-fibonacci.de\/wp-content\/uploads\/2013\/04\/chart_beispiel_8.gif 1153w, http:\/\/www.candlestick-fibonacci.de\/wp-content\/uploads\/2013\/04\/chart_beispiel_8-300x142.gif 300w, http:\/\/www.candlestick-fibonacci.de\/wp-content\/uploads\/2013\/04\/chart_beispiel_8-1024x487.gif 1024w\" sizes=\"auto, (max-width: 800px) 100vw, 800px\" \/><\/a><\/p>\n<p><a href=\"http:\/\/www.candlestick-fibonacci.de\/wp-content\/uploads\/2013\/04\/chart_beispiel_9.gif\"><img loading=\"lazy\" decoding=\"async\" class=\"alignnone size-full wp-image-1315\" title=\"candle_chart_9\" src=\"http:\/\/www.candlestick-fibonacci.de\/wp-content\/uploads\/2013\/04\/chart_beispiel_9.gif\" alt=\"\" width=\"800\" height=\"381\" srcset=\"http:\/\/www.candlestick-fibonacci.de\/wp-content\/uploads\/2013\/04\/chart_beispiel_9.gif 1153w, http:\/\/www.candlestick-fibonacci.de\/wp-content\/uploads\/2013\/04\/chart_beispiel_9-300x142.gif 300w, http:\/\/www.candlestick-fibonacci.de\/wp-content\/uploads\/2013\/04\/chart_beispiel_9-1024x487.gif 1024w\" sizes=\"auto, (max-width: 800px) 100vw, 800px\" \/><\/a><\/p>\n<p><a href=\"http:\/\/www.candlestick-fibonacci.de\/wp-content\/uploads\/2013\/04\/chart_beispiel_10.gif\"><img loading=\"lazy\" decoding=\"async\" class=\"alignnone size-full wp-image-1316\" title=\"candle_chart_10\" src=\"http:\/\/www.candlestick-fibonacci.de\/wp-content\/uploads\/2013\/04\/chart_beispiel_10.gif\" alt=\"\" width=\"800\" height=\"381\" srcset=\"http:\/\/www.candlestick-fibonacci.de\/wp-content\/uploads\/2013\/04\/chart_beispiel_10.gif 1153w, http:\/\/www.candlestick-fibonacci.de\/wp-content\/uploads\/2013\/04\/chart_beispiel_10-300x142.gif 300w, http:\/\/www.candlestick-fibonacci.de\/wp-content\/uploads\/2013\/04\/chart_beispiel_10-1024x487.gif 1024w\" sizes=\"auto, (max-width: 800px) 100vw, 800px\" \/><\/a><\/p>\n<p><a href=\"http:\/\/www.candlestick-fibonacci.de\/wp-content\/uploads\/2013\/04\/chart_beispiel_11.gif\"><img loading=\"lazy\" decoding=\"async\" class=\"alignnone size-full wp-image-1317\" title=\"candle_chart_11\" src=\"http:\/\/www.candlestick-fibonacci.de\/wp-content\/uploads\/2013\/04\/chart_beispiel_11.gif\" alt=\"\" width=\"800\" height=\"381\" srcset=\"http:\/\/www.candlestick-fibonacci.de\/wp-content\/uploads\/2013\/04\/chart_beispiel_11.gif 1153w, http:\/\/www.candlestick-fibonacci.de\/wp-content\/uploads\/2013\/04\/chart_beispiel_11-300x142.gif 300w, http:\/\/www.candlestick-fibonacci.de\/wp-content\/uploads\/2013\/04\/chart_beispiel_11-1024x487.gif 1024w\" sizes=\"auto, (max-width: 800px) 100vw, 800px\" \/><\/a><\/p>\n<p><a href=\"http:\/\/www.candlestick-fibonacci.de\/wp-content\/uploads\/2013\/04\/chart_beispiel_12.gif\"><img loading=\"lazy\" decoding=\"async\" class=\"alignnone size-full wp-image-1318\" title=\"candle_chart_12\" src=\"http:\/\/www.candlestick-fibonacci.de\/wp-content\/uploads\/2013\/04\/chart_beispiel_12.gif\" alt=\"\" width=\"800\" height=\"381\" srcset=\"http:\/\/www.candlestick-fibonacci.de\/wp-content\/uploads\/2013\/04\/chart_beispiel_12.gif 1153w, http:\/\/www.candlestick-fibonacci.de\/wp-content\/uploads\/2013\/04\/chart_beispiel_12-300x142.gif 300w, http:\/\/www.candlestick-fibonacci.de\/wp-content\/uploads\/2013\/04\/chart_beispiel_12-1024x487.gif 1024w\" sizes=\"auto, (max-width: 800px) 100vw, 800px\" \/><\/a><\/p>\n<\/div>\n","protected":false},"excerpt":{"rendered":"<p>Hier wird der CANDLE-SCANNER pr\u00e4sentiert. Diesen erhalten Sie in Form eines Indikators f\u00fcr den Metatrader. Sie k\u00f6nnen damit den ganzen Markt nach Candlestick-Formationen absuchen und dann nat\u00fcrlich auch handeln. Was kann der CANDLE-SCANNER? Er erkennt spezielle Candle-Stick-Formationen, die auf den Intraday-Markt optimiert wurden. Wenn er eine Formation erkannt wird, gibt er ein Signal aus und [&hellip;]<\/p>\n","protected":false},"author":1,"featured_media":0,"parent":0,"menu_order":5,"comment_status":"closed","ping_status":"closed","template":"","meta":{"footnotes":""},"class_list":["post-1277","page","type-page","status-publish","hentry"],"_links":{"self":[{"href":"http:\/\/www.candlestick-fibonacci.de\/index.php?rest_route=\/wp\/v2\/pages\/1277","targetHints":{"allow":["GET"]}}],"collection":[{"href":"http:\/\/www.candlestick-fibonacci.de\/index.php?rest_route=\/wp\/v2\/pages"}],"about":[{"href":"http:\/\/www.candlestick-fibonacci.de\/index.php?rest_route=\/wp\/v2\/types\/page"}],"author":[{"embeddable":true,"href":"http:\/\/www.candlestick-fibonacci.de\/index.php?rest_route=\/wp\/v2\/users\/1"}],"replies":[{"embeddable":true,"href":"http:\/\/www.candlestick-fibonacci.de\/index.php?rest_route=%2Fwp%2Fv2%2Fcomments&post=1277"}],"version-history":[{"count":17,"href":"http:\/\/www.candlestick-fibonacci.de\/index.php?rest_route=\/wp\/v2\/pages\/1277\/revisions"}],"predecessor-version":[{"id":1279,"href":"http:\/\/www.candlestick-fibonacci.de\/index.php?rest_route=\/wp\/v2\/pages\/1277\/revisions\/1279"}],"wp:attachment":[{"href":"http:\/\/www.candlestick-fibonacci.de\/index.php?rest_route=%2Fwp%2Fv2%2Fmedia&parent=1277"}],"curies":[{"name":"wp","href":"https:\/\/api.w.org\/{rel}","templated":true}]}}