{"id":1319,"date":"2013-04-11T14:29:18","date_gmt":"2013-04-11T12:29:18","guid":{"rendered":"http:\/\/www.candlestick-fibonacci.de\/?page_id=1319"},"modified":"2013-11-05T18:14:59","modified_gmt":"2013-11-05T16:14:59","slug":"candle-trader","status":"publish","type":"page","link":"http:\/\/www.candlestick-fibonacci.de\/?page_id=1319","title":{"rendered":"Candle Trader"},"content":{"rendered":"<hr \/>\n<div style=\"font-size: medium;\">\n<p>Der Candle Trader ist im Prinzip der ALL-IN-ONE in Kombination mit dem Candle-Scanner.<\/p>\n<p>Sie erhalten damit eine M\u00f6glichkeit <span style=\"text-decoration: underline;\">viele verschiedene automatische Handelssysteme zu erstellen<\/span>.<br \/>\nEin Upgrade des ALL-IN-ONE ist die M\u00f6glichkeit, Candlestick-Formationen in diese Handelssysteme einzubauen.<br \/>\nF\u00fcr sich gesehen besitzt der ALL-IN-ONE schon eine riesige Anzahl an technisch analytischen Mitteln.<\/p>\n<\/div>\n<div style=\"font-size: medium;\">\n<ul> <strong>Was kann der ALL-IN-ONE ?<\/strong><\/p>\n<li> Viele bekannte Indikatoren.<\/li>\n<li> Viele Profi-Indikatoren von mir erstellt.<\/li>\n<li> Nicht nur normale Interpretationen, sondern weiterf\u00fchrende technisch analytische Varianten der Indikatoren.<br \/>\n(Das ist das wesentliche des ALL-IN-ONE)<\/li>\n<li> Moneymanagement wie:\n<ul>\n<li> Draw-Down-Schutz<\/li>\n<\/ul>\n<ul>\n<li> Account-Profit-Schutz<\/li>\n<\/ul>\n<ul>\n<li> Variable Lotgr\u00f6\u00dfenberechnung anhand des tats\u00e4chlichen Risikos einer Order.<\/li>\n<\/ul>\n<\/li>\n<li> Ordermanagement wie:\n<ul>\n<li> Spread-Schutz<\/li>\n<\/ul>\n<ul>\n<li> Nachkauf-Modi<\/li>\n<\/ul>\n<ul>\n<li> mehrere Handelszeiten (auch Tagesschluss oder Wochenschluss)<\/li>\n<\/ul>\n<\/li>\n<li> Zugriff auf andere W\u00e4hrungspaare oder Zeitperioden sowie komplexere Intermarketbeziehungen.<\/li>\n<li> Sie k\u00f6nnen auch Ihre eigene System-Idee in den ALL-IN-ONE integrieren lassen.<\/li>\n<\/ul>\n<\/div>\n<div style=\"font-size: medium;\">\n<hr \/>\n<div style=\"color:#D57807; font-size: 1.0em;\">\n<b><br \/>\nDer ALL-IN-ONE kann noch viel mehr. Dies ist nur eine grobe Zusammenfassung.<br \/>\nAuf meiner Shop-Homepage gibt es noch viel mehr Informationen.<\/p>\n<p>Unter anderem die Profi-Indikatoren &#8222;Kronos, CandleS und ATR-Band&#8220; im ALL-IN-ONE enthalten.<\/p>\n<p>>>> <a href=\"http:\/\/www.forex-metatrader-shop.de\/\" target=\"_blank\"> Shop-Homepage<\/a><br \/>\n<\/b>\n<\/div>\n<\/div>\n","protected":false},"excerpt":{"rendered":"<p>Der Candle Trader ist im Prinzip der ALL-IN-ONE in Kombination mit dem Candle-Scanner. Sie erhalten damit eine M\u00f6glichkeit viele verschiedene automatische Handelssysteme zu erstellen. Ein Upgrade des ALL-IN-ONE ist die M\u00f6glichkeit, Candlestick-Formationen in diese Handelssysteme einzubauen. F\u00fcr sich gesehen besitzt der ALL-IN-ONE schon eine riesige Anzahl an technisch analytischen Mitteln. Was kann der ALL-IN-ONE ? [&hellip;]<\/p>\n","protected":false},"author":1,"featured_media":0,"parent":0,"menu_order":6,"comment_status":"closed","ping_status":"closed","template":"","meta":{"footnotes":""},"class_list":["post-1319","page","type-page","status-publish","hentry"],"_links":{"self":[{"href":"http:\/\/www.candlestick-fibonacci.de\/index.php?rest_route=\/wp\/v2\/pages\/1319","targetHints":{"allow":["GET"]}}],"collection":[{"href":"http:\/\/www.candlestick-fibonacci.de\/index.php?rest_route=\/wp\/v2\/pages"}],"about":[{"href":"http:\/\/www.candlestick-fibonacci.de\/index.php?rest_route=\/wp\/v2\/types\/page"}],"author":[{"embeddable":true,"href":"http:\/\/www.candlestick-fibonacci.de\/index.php?rest_route=\/wp\/v2\/users\/1"}],"replies":[{"embeddable":true,"href":"http:\/\/www.candlestick-fibonacci.de\/index.php?rest_route=%2Fwp%2Fv2%2Fcomments&post=1319"}],"version-history":[{"count":30,"href":"http:\/\/www.candlestick-fibonacci.de\/index.php?rest_route=\/wp\/v2\/pages\/1319\/revisions"}],"predecessor-version":[{"id":1361,"href":"http:\/\/www.candlestick-fibonacci.de\/index.php?rest_route=\/wp\/v2\/pages\/1319\/revisions\/1361"}],"wp:attachment":[{"href":"http:\/\/www.candlestick-fibonacci.de\/index.php?rest_route=%2Fwp%2Fv2%2Fmedia&parent=1319"}],"curies":[{"name":"wp","href":"https:\/\/api.w.org\/{rel}","templated":true}]}}