{"id":137,"date":"2010-09-02T15:36:55","date_gmt":"2010-09-02T13:36:55","guid":{"rendered":"http:\/\/www.forex-pc.de\/wordpress\/wordpress\/?page_id=137"},"modified":"2010-10-08T12:04:02","modified_gmt":"2010-10-08T10:04:02","slug":"shooting-star","status":"publish","type":"page","link":"http:\/\/www.candlestick-fibonacci.de\/?page_id=137","title":{"rendered":"Shooting Star"},"content":{"rendered":"<hr>\n<div style=\"overflow: hidden;\">\n<div id=\"attachment_255\" style=\"width: 110px\" class=\"wp-caption alignnone\"><img loading=\"lazy\" decoding=\"async\" aria-describedby=\"caption-attachment-255\" class=\"size-full wp-image-255\" title=\"Shooting Star\" src=\"http:\/\/www.forex-pc.de\/wordpress\/wordpress\/wp-content\/uploads\/2010\/09\/Shooting-Star.jpg\" alt=\"\" width=\"100\" height=\"100\" \/><p id=\"caption-attachment-255\" class=\"wp-caption-text\">Shooting Star<\/p><\/div><\/p>\n<p style=\"text-align:justify; padding:0; margin: -120px 0 0 108px; position: relative; float: left; display: inline;\">Der der Shooting Star stellt nach vorherrschender Marktbewegung eine Top-Umkehrformation dar, die als bearishe Version gilt. Er ist der Counterpart zum <a href=\"http:\/\/www.forex-pc.de\/wordpress\/wordpress\/?page_id=134\" target=\"_blank\">Inverted Hammer<\/a>.<br \/>\nDer Shooting Star er\u00f6ffnet m\u00f6glicherweise mit einem Formationsgap und ist gekennzeichnet durch einen langen oberen Schatten.<br \/>\nDie H\u00f6chstkurse konnten nicht behauptet werden und der Widerstand gegen weitere Kurssteigerungen steigt. Das Vertrauen in den vorherrschenden Trend sinkt. Die Formation ist ein Indiz daf\u00fcr, dass der bestehende Aufw\u00e4rtstrend enden k\u00f6nnte.\n<\/p>\n<\/div>\n<hr>\n<div id=\"attachment_650\" style=\"width: 650px\" class=\"wp-caption alignnone\"><img loading=\"lazy\" decoding=\"async\" aria-describedby=\"caption-attachment-650\" src=\"http:\/\/www.forex-pc.de\/wordpress\/wordpress\/wp-content\/uploads\/2010\/09\/Shooting-Star1.jpg\" alt=\"\" title=\"Shooting Star\" width=\"640\" height=\"480\" class=\"size-full wp-image-650\" srcset=\"http:\/\/www.candlestick-fibonacci.de\/wp-content\/uploads\/2010\/09\/Shooting-Star1.jpg 640w, http:\/\/www.candlestick-fibonacci.de\/wp-content\/uploads\/2010\/09\/Shooting-Star1-300x225.jpg 300w\" sizes=\"auto, (max-width: 640px) 100vw, 640px\" \/><p id=\"caption-attachment-650\" class=\"wp-caption-text\">Shooting Star<\/p><\/div>\n<p style=\"text-align:justify\">\nNach vorheriger bullisher Marktbewegung formiert sich am Top ein Shooting Star. Zun\u00e4chst er\u00f6ffnet die Kerze mit einem neuer H\u00f6chstkurs. Im Zeitverlauf verliert der bullishe Trend an Momentum und schlie\u00dft letztliche in der N\u00e4he des Er\u00f6ffnungskurses. Dadurch formiert sich ein kleiner K\u00f6rper mit langen oberen Schatten.<\/p>\n","protected":false},"excerpt":{"rendered":"<p>Der der Shooting Star stellt nach vorherrschender Marktbewegung eine Top-Umkehrformation dar, die als bearishe Version gilt. Er ist der Counterpart zum Inverted Hammer. Der Shooting Star er\u00f6ffnet m\u00f6glicherweise mit einem Formationsgap und ist gekennzeichnet durch einen langen oberen Schatten. Die H\u00f6chstkurse konnten nicht behauptet werden und der Widerstand gegen weitere Kurssteigerungen steigt. Das Vertrauen in [&hellip;]<\/p>\n","protected":false},"author":1,"featured_media":0,"parent":18,"menu_order":3,"comment_status":"closed","ping_status":"closed","template":"","meta":{"footnotes":""},"class_list":["post-137","page","type-page","status-publish","hentry"],"_links":{"self":[{"href":"http:\/\/www.candlestick-fibonacci.de\/index.php?rest_route=\/wp\/v2\/pages\/137","targetHints":{"allow":["GET"]}}],"collection":[{"href":"http:\/\/www.candlestick-fibonacci.de\/index.php?rest_route=\/wp\/v2\/pages"}],"about":[{"href":"http:\/\/www.candlestick-fibonacci.de\/index.php?rest_route=\/wp\/v2\/types\/page"}],"author":[{"embeddable":true,"href":"http:\/\/www.candlestick-fibonacci.de\/index.php?rest_route=\/wp\/v2\/users\/1"}],"replies":[{"embeddable":true,"href":"http:\/\/www.candlestick-fibonacci.de\/index.php?rest_route=%2Fwp%2Fv2%2Fcomments&post=137"}],"version-history":[{"count":17,"href":"http:\/\/www.candlestick-fibonacci.de\/index.php?rest_route=\/wp\/v2\/pages\/137\/revisions"}],"predecessor-version":[{"id":1120,"href":"http:\/\/www.candlestick-fibonacci.de\/index.php?rest_route=\/wp\/v2\/pages\/137\/revisions\/1120"}],"up":[{"embeddable":true,"href":"http:\/\/www.candlestick-fibonacci.de\/index.php?rest_route=\/wp\/v2\/pages\/18"}],"wp:attachment":[{"href":"http:\/\/www.candlestick-fibonacci.de\/index.php?rest_route=%2Fwp%2Fv2%2Fmedia&parent=137"}],"curies":[{"name":"wp","href":"https:\/\/api.w.org\/{rel}","templated":true}]}}