{"id":140,"date":"2010-09-02T15:38:29","date_gmt":"2010-09-02T13:38:29","guid":{"rendered":"http:\/\/www.forex-pc.de\/wordpress\/wordpress\/?page_id=140"},"modified":"2010-09-06T17:19:20","modified_gmt":"2010-09-06T15:19:20","slug":"spinning-tops","status":"publish","type":"page","link":"http:\/\/www.candlestick-fibonacci.de\/?page_id=140","title":{"rendered":"Spinning Tops"},"content":{"rendered":"<hr>\n<div style=\"overflow: hidden;\">\n<div id=\"attachment_274\" style=\"width: 110px\" class=\"wp-caption alignnone\"><img loading=\"lazy\" decoding=\"async\" aria-describedby=\"caption-attachment-274\" src=\"http:\/\/www.forex-pc.de\/wordpress\/wordpress\/wp-content\/uploads\/2010\/09\/Spinning-Tops.jpg\" alt=\"\" title=\"Spinning Tops\" width=\"100\" height=\"100\" class=\"size-full wp-image-274\" \/><p id=\"caption-attachment-274\" class=\"wp-caption-text\">Spinning Tops<\/p><\/div><\/p>\n<p style=\"text-align:justify; padding:0; margin: -105px 0 0 108px; position: relative; float: left; display: inline;\"> Ein Spinning Top kennzeichnet ein schwaches Umkehrsignal, welches bullish oder bearish interpretiert werden kann.<br \/>\nSpinning Tops charakterisieren eine Kerze mit kleinem K\u00f6rper und l\u00e4ngerem Docht. Sie \u00e4hneln daher von der Form her Dojis.<br \/>\nDurch die charakteristische Form indizieren sie Ungewissheit zwischen den Marktteilnehmern.\n<\/p>\n<\/div>\n<hr>\n<div id=\"attachment_276\" style=\"width: 650px\" class=\"wp-caption alignnone\"><img loading=\"lazy\" decoding=\"async\" aria-describedby=\"caption-attachment-276\" src=\"http:\/\/www.forex-pc.de\/wordpress\/wordpress\/wp-content\/uploads\/2010\/09\/spinning-tops.jpg\" alt=\"\" title=\"Spinning Tops\" width=\"640\" height=\"480\" class=\"size-full wp-image-276\" srcset=\"http:\/\/www.candlestick-fibonacci.de\/wp-content\/uploads\/2010\/09\/spinning-tops.jpg 640w, http:\/\/www.candlestick-fibonacci.de\/wp-content\/uploads\/2010\/09\/spinning-tops-300x225.jpg 300w\" sizes=\"auto, (max-width: 640px) 100vw, 640px\" \/><p id=\"caption-attachment-276\" class=\"wp-caption-text\">Spinning Tops<\/p><\/div>\n<p style=\"text-align:justify\">Im Chart formieren sich nach vorherrschender Marktbewegung Spinning Tops, die eine Boden-Umkehrformation signalisieren. Es ist wahrscheinlich, dass durch die Spinning Tops eine Trendwende eingeleitet wird. Um die Prognosegenauigkeit zu erh\u00f6hen sollte die Best\u00e4tigung in den folgenden Kerzen erzeugt werden. Ihr Aussagegehalt erh\u00f6ht sich als Komponente von komplexeren Umkehrformationen. <\/p>\n<hr>\n","protected":false},"excerpt":{"rendered":"<p>Ein Spinning Top kennzeichnet ein schwaches Umkehrsignal, welches bullish oder bearish interpretiert werden kann. Spinning Tops charakterisieren eine Kerze mit kleinem K\u00f6rper und l\u00e4ngerem Docht. Sie \u00e4hneln daher von der Form her Dojis. Durch die charakteristische Form indizieren sie Ungewissheit zwischen den Marktteilnehmern. Im Chart formieren sich nach vorherrschender Marktbewegung Spinning Tops, die eine Boden-Umkehrformation [&hellip;]<\/p>\n","protected":false},"author":1,"featured_media":0,"parent":18,"menu_order":4,"comment_status":"closed","ping_status":"closed","template":"","meta":{"footnotes":""},"class_list":["post-140","page","type-page","status-publish","hentry"],"_links":{"self":[{"href":"http:\/\/www.candlestick-fibonacci.de\/index.php?rest_route=\/wp\/v2\/pages\/140","targetHints":{"allow":["GET"]}}],"collection":[{"href":"http:\/\/www.candlestick-fibonacci.de\/index.php?rest_route=\/wp\/v2\/pages"}],"about":[{"href":"http:\/\/www.candlestick-fibonacci.de\/index.php?rest_route=\/wp\/v2\/types\/page"}],"author":[{"embeddable":true,"href":"http:\/\/www.candlestick-fibonacci.de\/index.php?rest_route=\/wp\/v2\/users\/1"}],"replies":[{"embeddable":true,"href":"http:\/\/www.candlestick-fibonacci.de\/index.php?rest_route=%2Fwp%2Fv2%2Fcomments&post=140"}],"version-history":[{"count":7,"href":"http:\/\/www.candlestick-fibonacci.de\/index.php?rest_route=\/wp\/v2\/pages\/140\/revisions"}],"predecessor-version":[{"id":366,"href":"http:\/\/www.candlestick-fibonacci.de\/index.php?rest_route=\/wp\/v2\/pages\/140\/revisions\/366"}],"up":[{"embeddable":true,"href":"http:\/\/www.candlestick-fibonacci.de\/index.php?rest_route=\/wp\/v2\/pages\/18"}],"wp:attachment":[{"href":"http:\/\/www.candlestick-fibonacci.de\/index.php?rest_route=%2Fwp%2Fv2%2Fmedia&parent=140"}],"curies":[{"name":"wp","href":"https:\/\/api.w.org\/{rel}","templated":true}]}}