{"id":143,"date":"2010-09-02T15:39:16","date_gmt":"2010-09-02T13:39:16","guid":{"rendered":"http:\/\/www.forex-pc.de\/wordpress\/wordpress\/?page_id=143"},"modified":"2010-09-23T13:00:51","modified_gmt":"2010-09-23T11:00:51","slug":"doji","status":"publish","type":"page","link":"http:\/\/www.candlestick-fibonacci.de\/?page_id=143","title":{"rendered":"Doji"},"content":{"rendered":"<hr>\n<div style=\"overflow: hidden;\">\n<div id=\"attachment_303\" style=\"width: 110px\" class=\"wp-caption alignnone\"><img loading=\"lazy\" decoding=\"async\" aria-describedby=\"caption-attachment-303\" src=\"http:\/\/www.forex-pc.de\/wordpress\/wordpress\/wp-content\/uploads\/2010\/09\/doji.jpg\" alt=\"\" title=\"Doji\" width=\"100\" height=\"100\" class=\"size-full wp-image-303\"\/><p id=\"caption-attachment-303\" class=\"wp-caption-text\">Doji<\/p><\/div><\/p>\n<p style=\"text-align:justify; padding:0; margin: -110px 0 0 108px; position: relative; float: left; display: inline;\"> Der Doji ist eine bedeutende Einzelkerze mit minimal oder gar nicht ausgepr\u00e4gtem Kerzenk\u00f6rper. Diese kann Bullish oder Bearish interpretiert werden.<br \/>\nBei einem Doji bildet sich ein langer Kerzendocht mit identischem Er\u00f6ffnungs- und Schlusskurs.<br \/>\nDer Klassische Doji impliziert die klare Unentschlossenheit des Marktes und kennzeichnet Pattsituation zwischen Bullen und B\u00e4ren. Das Signal ist umso gr\u00f6\u00dfer, je h\u00f6her die Handelsspanne des Zeitraums. Die Formation tritt oft bei Widerstands- und Unterst\u00fctzungslinien auf.\n<\/p>\n<\/div>\n<hr>\n<div style=\"overflow: hidden;\">\n<div id=\"attachment_301\" style=\"width: 110px\" class=\"wp-caption alignnone\"><img loading=\"lazy\" decoding=\"async\" aria-describedby=\"caption-attachment-301\" class=\"size-full wp-image-301\" title=\"Dragonfly Doji\" src=\"http:\/\/www.forex-pc.de\/wordpress\/wordpress\/wp-content\/uploads\/2010\/09\/DragonFlyDoji.jpg\" alt=\"\" width=\"100\" height=\"100\" \/><p id=\"caption-attachment-301\" class=\"wp-caption-text\">Dragonfly Doji<\/p><\/div><\/p>\n<p style=\"text-align:justify; padding:0; margin: -100px 0 0 108px; position: relative; float: left; display: inline;\"> Der Dragonfly Doji holt den gesamten Tagesverlust auf und schlie\u00dft letztlich mit dem Er\u00f6ffnungskurs.<br \/>\nIm Abw\u00e4rtstrend signalisiert dies einen bullishen Impuls.\n<\/p>\n<\/div>\n<hr>\n<div style=\"overflow: hidden;\">\n<div id=\"attachment_302\" style=\"width: 110px\" class=\"wp-caption alignnone\"><img loading=\"lazy\" decoding=\"async\" aria-describedby=\"caption-attachment-302\" class=\"size-full wp-image-302\" title=\"Gravestone Doji\" src=\"http:\/\/www.forex-pc.de\/wordpress\/wordpress\/wp-content\/uploads\/2010\/09\/GravestoneDoji.jpg\" alt=\"\" width=\"100\" height=\"100\" \/><p id=\"caption-attachment-302\" class=\"wp-caption-text\">Gravestone Doji<\/p><\/div><\/p>\n<p style=\"text-align:justify; padding:0; margin: -100px 0 0 108px; position: relative; float: left; display: inline;\"> Der Gravestone Doji verbraucht den gesamten Tagesgewinn und schlie\u00dft mit dem Er\u00f6ffnungskurs in der N\u00e4he des Tiefstkurses und indiziert beim Aufw\u00e4rtstrend mit hoher Wahrscheinlichkeit ein bearishes Umkehrsignal.\n<\/p>\n<\/div>\n<hr>\n<div id=\"attachment_339\" style=\"width: 650px\" class=\"wp-caption alignnone\"><img loading=\"lazy\" decoding=\"async\" aria-describedby=\"caption-attachment-339\" src=\"http:\/\/www.forex-pc.de\/wordpress\/wordpress\/wp-content\/uploads\/2010\/09\/Doji.jpg\" alt=\"\" title=\"Doji\" width=\"640\" height=\"480\" class=\"size-full wp-image-339\" srcset=\"http:\/\/www.candlestick-fibonacci.de\/wp-content\/uploads\/2010\/09\/Doji.jpg 640w, http:\/\/www.candlestick-fibonacci.de\/wp-content\/uploads\/2010\/09\/Doji-300x225.jpg 300w\" sizes=\"auto, (max-width: 640px) 100vw, 640px\" \/><p id=\"caption-attachment-339\" class=\"wp-caption-text\">Doji<\/p><\/div>\n<p>Nach signifikanter Marktbewegung formiert sich ein ausgepr\u00e4gter Doji mit langem Kerzendocht. Der Doji allein kann noch nicht als Umkehrsignal interpretiert werden. In Verbindung mit anderen Hinweisen wie Widerstandslinien und \u00fcbergekauft\/\u00fcberverkauft Situationen l\u00e4sst sich die Prognosekraft erh\u00f6hen.<\/p>\n<hr>\n","protected":false},"excerpt":{"rendered":"<p>Der Doji ist eine bedeutende Einzelkerze mit minimal oder gar nicht ausgepr\u00e4gtem Kerzenk\u00f6rper. Diese kann Bullish oder Bearish interpretiert werden. Bei einem Doji bildet sich ein langer Kerzendocht mit identischem Er\u00f6ffnungs- und Schlusskurs. Der Klassische Doji impliziert die klare Unentschlossenheit des Marktes und kennzeichnet Pattsituation zwischen Bullen und B\u00e4ren. Das Signal ist umso gr\u00f6\u00dfer, je [&hellip;]<\/p>\n","protected":false},"author":1,"featured_media":0,"parent":18,"menu_order":5,"comment_status":"closed","ping_status":"closed","template":"","meta":{"footnotes":""},"class_list":["post-143","page","type-page","status-publish","hentry"],"_links":{"self":[{"href":"http:\/\/www.candlestick-fibonacci.de\/index.php?rest_route=\/wp\/v2\/pages\/143","targetHints":{"allow":["GET"]}}],"collection":[{"href":"http:\/\/www.candlestick-fibonacci.de\/index.php?rest_route=\/wp\/v2\/pages"}],"about":[{"href":"http:\/\/www.candlestick-fibonacci.de\/index.php?rest_route=\/wp\/v2\/types\/page"}],"author":[{"embeddable":true,"href":"http:\/\/www.candlestick-fibonacci.de\/index.php?rest_route=\/wp\/v2\/users\/1"}],"replies":[{"embeddable":true,"href":"http:\/\/www.candlestick-fibonacci.de\/index.php?rest_route=%2Fwp%2Fv2%2Fcomments&post=143"}],"version-history":[{"count":52,"href":"http:\/\/www.candlestick-fibonacci.de\/index.php?rest_route=\/wp\/v2\/pages\/143\/revisions"}],"predecessor-version":[{"id":923,"href":"http:\/\/www.candlestick-fibonacci.de\/index.php?rest_route=\/wp\/v2\/pages\/143\/revisions\/923"}],"up":[{"embeddable":true,"href":"http:\/\/www.candlestick-fibonacci.de\/index.php?rest_route=\/wp\/v2\/pages\/18"}],"wp:attachment":[{"href":"http:\/\/www.candlestick-fibonacci.de\/index.php?rest_route=%2Fwp%2Fv2%2Fmedia&parent=143"}],"curies":[{"name":"wp","href":"https:\/\/api.w.org\/{rel}","templated":true}]}}