{"id":146,"date":"2010-09-02T15:40:24","date_gmt":"2010-09-02T13:40:24","guid":{"rendered":"http:\/\/www.forex-pc.de\/wordpress\/wordpress\/?page_id=146"},"modified":"2010-09-23T13:08:35","modified_gmt":"2010-09-23T11:08:35","slug":"belt-hold","status":"publish","type":"page","link":"http:\/\/www.candlestick-fibonacci.de\/?page_id=146","title":{"rendered":"Belt-Hold"},"content":{"rendered":"<hr>\n<div style=\"overflow: hidden;\">\n<div id=\"attachment_283\" style=\"width: 110px\" class=\"wp-caption alignnone\"><img loading=\"lazy\" decoding=\"async\" aria-describedby=\"caption-attachment-283\" src=\"http:\/\/www.forex-pc.de\/wordpress\/wordpress\/wp-content\/uploads\/2010\/09\/BullishBelthold.jpg\" alt=\"\" title=\"Belt-Hold (Bullish)\" width=\"100\" height=\"100\" class=\"size-full wp-image-283\" \/><p id=\"caption-attachment-283\" class=\"wp-caption-text\">Belt-Hold <br \/>(Bullish)<\/p><\/div><\/p>\n<p style=\"text-align:justify; padding:0; margin: -135px 0 0 108px; position: relative; float: left; display: inline;\"> Belt-Hold-Lines sind Umkehrformationen, die Bullish oder Bearish interpretiert werden k\u00f6nnen.<br \/>\nIm Gegensatz zu Spinning Tops und Dojis, die Ungewissheit und Unentschlossenheit darstellen, indizieren Belt-Hold-Lines den Kampf zwischen Bullen und B\u00e4ren.<br \/>\nDer Bullish Belt-Hold ist eine lange wei\u00dfe Kerze, die sich nach vorherrschender bearisher Marktbewegung formiert. Charakteristisch f\u00fcr diese Kerze ist, dass sie in ihrem Tiefstkurs er\u00f6ffnet und in der N\u00e4he des H\u00f6chstkurses schlie\u00dft.<br \/>\nW\u00e4hrend einer bearishen Talfahrt indiziert die Kerze eine bullishe Gegenbewegung.\n<\/p>\n<\/div>\n<hr>\n<div style=\"overflow: hidden;\">\n<div id=\"attachment_290\" style=\"width: 110px\" class=\"wp-caption alignnone\"><img loading=\"lazy\" decoding=\"async\" aria-describedby=\"caption-attachment-290\" src=\"http:\/\/www.forex-pc.de\/wordpress\/wordpress\/wp-content\/uploads\/2010\/09\/beltholdbearish.jpg\" alt=\"\" title=\"Belt-Hold (Bearish)\" width=\"100\" height=\"100\" class=\"size-full wp-image-290\" \/><p id=\"caption-attachment-290\" class=\"wp-caption-text\">Belt-Hold <br \/>(Bearish)<\/p><\/div><\/p>\n<p style=\"text-align:justify; padding:0; margin: -135px 0 0 108px; position: relative; float: left; display: inline;\"> Der Gegenpart stellt der Bearish Belt-Hold dar.<br \/>\nDer Bearish Belt-Hold beschreibt eine lange schwarze Kerze, die nach einer bullishen Marktbewegung mit dem gleichzeitigen H\u00f6chstkurs er\u00f6ffnet und in der N\u00e4he ihres Tiefstkurses schlie\u00dft.<br \/>\nIn einem Aufw\u00e4rtstrend kann dies ein Signal f\u00fcr eine Trendwende sein.\n<\/p>\n<\/div>\n<hr>\n<div id=\"attachment_280\" style=\"width: 650px\" class=\"wp-caption alignnone\"><img loading=\"lazy\" decoding=\"async\" aria-describedby=\"caption-attachment-280\" src=\"http:\/\/www.forex-pc.de\/wordpress\/wordpress\/wp-content\/uploads\/2010\/09\/bearishbelthold1.jpg\" alt=\"\" title=\"Belt-Hold (Bearish)\" width=\"640\" height=\"480\" class=\"size-full wp-image-280\" srcset=\"http:\/\/www.candlestick-fibonacci.de\/wp-content\/uploads\/2010\/09\/bearishbelthold1.jpg 640w, http:\/\/www.candlestick-fibonacci.de\/wp-content\/uploads\/2010\/09\/bearishbelthold1-300x225.jpg 300w\" sizes=\"auto, (max-width: 640px) 100vw, 640px\" \/><p id=\"caption-attachment-280\" class=\"wp-caption-text\">Belt-Hold (Bearish)<\/p><\/div>\n<p>Nach einer langen bullishen Rally formiert sich ein Bearish Belt-Hold. Der lange bearishe Kerzenk\u00f6rper und der Close in der N\u00e4he des Tiefstkurses zeigen die klare Dominanz der Shorter gegen\u00fcber vorherigen Perioden. Dieser Bearish Belt-Hold stellt mit hoher Wahrscheinlichkeit eine Top-Umkehrformation dar.<\/p>\n<hr>\n","protected":false},"excerpt":{"rendered":"<p>Belt-Hold-Lines sind Umkehrformationen, die Bullish oder Bearish interpretiert werden k\u00f6nnen. Im Gegensatz zu Spinning Tops und Dojis, die Ungewissheit und Unentschlossenheit darstellen, indizieren Belt-Hold-Lines den Kampf zwischen Bullen und B\u00e4ren. Der Bullish Belt-Hold ist eine lange wei\u00dfe Kerze, die sich nach vorherrschender bearisher Marktbewegung formiert. Charakteristisch f\u00fcr diese Kerze ist, dass sie in ihrem Tiefstkurs [&hellip;]<\/p>\n","protected":false},"author":1,"featured_media":0,"parent":18,"menu_order":6,"comment_status":"closed","ping_status":"closed","template":"","meta":{"footnotes":""},"class_list":["post-146","page","type-page","status-publish","hentry"],"_links":{"self":[{"href":"http:\/\/www.candlestick-fibonacci.de\/index.php?rest_route=\/wp\/v2\/pages\/146","targetHints":{"allow":["GET"]}}],"collection":[{"href":"http:\/\/www.candlestick-fibonacci.de\/index.php?rest_route=\/wp\/v2\/pages"}],"about":[{"href":"http:\/\/www.candlestick-fibonacci.de\/index.php?rest_route=\/wp\/v2\/types\/page"}],"author":[{"embeddable":true,"href":"http:\/\/www.candlestick-fibonacci.de\/index.php?rest_route=\/wp\/v2\/users\/1"}],"replies":[{"embeddable":true,"href":"http:\/\/www.candlestick-fibonacci.de\/index.php?rest_route=%2Fwp%2Fv2%2Fcomments&post=146"}],"version-history":[{"count":29,"href":"http:\/\/www.candlestick-fibonacci.de\/index.php?rest_route=\/wp\/v2\/pages\/146\/revisions"}],"predecessor-version":[{"id":925,"href":"http:\/\/www.candlestick-fibonacci.de\/index.php?rest_route=\/wp\/v2\/pages\/146\/revisions\/925"}],"up":[{"embeddable":true,"href":"http:\/\/www.candlestick-fibonacci.de\/index.php?rest_route=\/wp\/v2\/pages\/18"}],"wp:attachment":[{"href":"http:\/\/www.candlestick-fibonacci.de\/index.php?rest_route=%2Fwp%2Fv2%2Fmedia&parent=146"}],"curies":[{"name":"wp","href":"https:\/\/api.w.org\/{rel}","templated":true}]}}