{"id":376,"date":"2010-09-06T18:24:37","date_gmt":"2010-09-06T16:24:37","guid":{"rendered":"http:\/\/www.forex-pc.de\/wordpress\/wordpress\/?page_id=376"},"modified":"2010-09-23T13:15:14","modified_gmt":"2010-09-23T11:15:14","slug":"piercing-line-und-dark-cloud-cover","status":"publish","type":"page","link":"http:\/\/www.candlestick-fibonacci.de\/?page_id=376","title":{"rendered":"Piercing Line und Dark Cloud Cover"},"content":{"rendered":"<hr \/>\n<div style=\"overflow: hidden;\">\n<div id=\"attachment_451\" style=\"width: 90px\" class=\"wp-caption alignnone\"><img loading=\"lazy\" decoding=\"async\" aria-describedby=\"caption-attachment-451\" class=\"size-full wp-image-451\" title=\"Piercing Line\" src=\"http:\/\/www.forex-pc.de\/wordpress\/wordpress\/wp-content\/uploads\/2010\/09\/piercing-line.jpg\" alt=\"\" width=\"80\" height=\"140\" \/><p id=\"caption-attachment-451\" class=\"wp-caption-text\">Piercing Line<\/p><\/div>\n<\/div>\n<p style=\"text-align: justify; padding: 0; margin: -135px 0 0 110px; position: relative; float: left; display: inline;\">Piercing Line Formation und <a href=\"#Dark Cloud Cover\">Dark Cloud Cover<\/a> bestehen aus zwei Kerzen, die starke Umkehrformationen darstellen. Piercing Line stellt dabei die Long Version dar (Boden-Umkehrformation), der Dark Cloud Cover ist die Short Version (Top-Umkehrformation).<br \/>\nDie vorliegende Marktbewegung stellt sich zun\u00e4chst mit einer langen schwarzen Kerze dar (1). Die zweite Kerze er\u00f6ffnet unter dem vorherigen Tiefstkurs, schlie\u00dft jedoch mindestens 50% innerhalb des Kerzenk\u00f6rpers der vorherigen Kerze. Je h\u00f6her weiterhin dieser Close (2) in die vorherige Kerze ragt, umso wahrscheinlicher ist es, dass der Trend umkehrt.<\/p>\n<hr \/>\n<div id=\"attachment_452\" style=\"width: 650px\" class=\"wp-caption alignnone\"><img loading=\"lazy\" decoding=\"async\" aria-describedby=\"caption-attachment-452\" class=\"size-full wp-image-452\" title=\"Piercing Line\" src=\"http:\/\/www.forex-pc.de\/wordpress\/wordpress\/wp-content\/uploads\/2010\/09\/Piercing-Line.jpg\" alt=\"\" width=\"640\" height=\"480\" srcset=\"http:\/\/www.candlestick-fibonacci.de\/wp-content\/uploads\/2010\/09\/Piercing-Line.jpg 640w, http:\/\/www.candlestick-fibonacci.de\/wp-content\/uploads\/2010\/09\/Piercing-Line-300x225.jpg 300w\" sizes=\"auto, (max-width: 640px) 100vw, 640px\" \/><p id=\"caption-attachment-452\" class=\"wp-caption-text\">Piercing Line<\/p><\/div>\n<p style=\"text-align: justify;\">Die Abbildung zeigt eine Piercing Line Formation nach vorherrschender Marktbewegung. Der zweite Kerzenk\u00f6rper ragt weit in die erste Kerze herein. Dies komplettiert die Piercing Line Formation als ein m\u00f6gliches bullishes Signal.<\/p>\n<hr id=\"Dark Cloud Cover\" \/>\n<p style=\"text-align: justify;\"><strong>Analog dazu das Gegenst\u00fcck die Dark Cloud Cover Formation: <\/strong><\/p>\n<div style=\"overflow: hidden;\">\n<div id=\"attachment_454\" style=\"width: 110px\" class=\"wp-caption alignnone\"><img loading=\"lazy\" decoding=\"async\" aria-describedby=\"caption-attachment-454\" class=\"size-full wp-image-454\" title=\"Dark Cloud Cover\" src=\"http:\/\/www.forex-pc.de\/wordpress\/wordpress\/wp-content\/uploads\/2010\/09\/dark-cloud-cover.jpg\" alt=\"\" width=\"100\" height=\"100\" \/><p id=\"caption-attachment-454\" class=\"wp-caption-text\">Dark Cloud Cover<\/p><\/div>\n<\/div>\n<p style=\"text-align: justify; padding: 0; margin: -135px 0 0 125px; position: relative; float: left; display: inline;\">Der Dark Cloud Cover gilt als bearishes Trendwendesignal.<br \/>\nDer Markt setzt zun\u00e4chst seine bullishe Marktbewegung mit einer langen wei\u00dfen Kerze fort. Die zweite Kerze er\u00f6ffnet \u00fcber dem vorherigen H\u00f6chstkurs (bzw. Schlusskurs), schlie\u00dft jedoch in der N\u00e4he des Er\u00f6ffnungskurses der vorherigen Kerze. Je tiefer dieser Close (2) in die vorherige Kerze (1) ragt, umso wahrscheinlicher ist es, dass der Trend umkehrt.<br \/>\nDie Formation kennzeichnet einen Markt mit breiter Handelsspanne. Es wird zunehmend mit fallenden Kursen gerechnet, sodass der Aufw\u00e4rtstrend an Momentum verliert. Je nach Auspr\u00e4gung des Trends ist auch nur eine Verlangsamung des vorherrschenden Trends m\u00f6glich. Es ist sinnvoll auf eine weitere Best\u00e4tigung des Trendwechsels zu warten.<\/p>\n<hr \/>\n<div id=\"attachment_455\" style=\"width: 650px\" class=\"wp-caption alignnone\"><img loading=\"lazy\" decoding=\"async\" aria-describedby=\"caption-attachment-455\" class=\"size-full wp-image-455\" title=\"Dark Cloud Cover\" src=\"http:\/\/www.forex-pc.de\/wordpress\/wordpress\/wp-content\/uploads\/2010\/09\/DCC.jpg\" alt=\"In Abbildung 13 ist nach der Piercing Line Formation die Marktbewegung bullish. Am Top der Kursbewegung formiert sich ein Dark Cloud Cover in einer signifikanten Widerstandszone (54\u20ac). Die zweite Kerze schlie\u00dft in der Folgeperiode in der N\u00e4he des Er\u00f6ffnungskurses der ersten Kerze. Dieses starke Umkehrsignal wird durch die vorherige Exhaustion Gap zus\u00e4tzlich best\u00e4tigt.\" width=\"640\" height=\"480\" srcset=\"http:\/\/www.candlestick-fibonacci.de\/wp-content\/uploads\/2010\/09\/DCC.jpg 640w, http:\/\/www.candlestick-fibonacci.de\/wp-content\/uploads\/2010\/09\/DCC-300x225.jpg 300w\" sizes=\"auto, (max-width: 640px) 100vw, 640px\" \/><p id=\"caption-attachment-455\" class=\"wp-caption-text\">Dark Cloud Cover<\/p><\/div>\n<p style=\"text-align: justify;\">In der Abbildung ist nach der Piercing Line Formation die Marktbewegung bullish. Am Top der Kursbewegung formiert sich ein Dark Cloud Cover in einer signifikanten Widerstandszone (54\u20ac). Die zweite Kerze schlie\u00dft in der Folgeperiode in der N\u00e4he des Er\u00f6ffnungskurses der ersten Kerze. Dieses starke Umkehrsignal wird durch die vorherige Exhaustion Gap zus\u00e4tzlich best\u00e4tigt.<\/p>\n<hr id=\"thrusting\" \/><strong>Die folgenden Kerzenformationen stellen \u00e4hnliche Varianten wie die Piercing Line Formation dar. In der Literatur sind diese als Fortsetzungsformationen gelistet. Wir werden Sie als schw\u00e4chere Umkehrformationen charakterisieren.<\/strong><\/p>\n<div id=\"attachment_630\" style=\"width: 98px\" class=\"wp-caption alignnone\"><img loading=\"lazy\" decoding=\"async\" aria-describedby=\"caption-attachment-630\" class=\"size-full wp-image-630\" title=\"Thrusting\" src=\"http:\/\/www.forex-pc.de\/wordpress\/wordpress\/wp-content\/uploads\/2010\/09\/thrusting.jpg\" alt=\"\" width=\"88\" height=\"122\" \/><p id=\"caption-attachment-630\" class=\"wp-caption-text\">Thrusting<\/p><\/div>\n<p style=\"text-align: justify; padding: 0; margin: -160px 0 0 110px; position: relative; float: left; display: inline;\">Bei der Piercing Line Umkehrformation hatten wir konstatiert, dass die zweite Kerze mindestens die H\u00e4lfte der ersten Kerze durchdringen muss. Ist diese Pr\u00e4misse nicht erf\u00fcllt, gibt es eine Reihe von Abwandlungen der Piercing Line als bullishe Umkehrformation, die eine Fortsetzung des bestehenden Trends indizieren.<br \/>\nBei einer Thrusting Kerzenformation kann die zweite Kerze nicht mehr als 50% des ersten Kerzenk\u00f6rpers durchdringen. Es entwickelt sich keine Piercing Line Formation. Die Thrusting Formation ist ein eher schwaches Fortsetzungssignal.<\/p>\n<hr \/>\n<div style=\"overflow: hidden;\">\n<div id=\"attachment_628\" style=\"width: 99px\" class=\"wp-caption alignnone\"><img loading=\"lazy\" decoding=\"async\" aria-describedby=\"caption-attachment-628\" class=\"size-full wp-image-628\" title=\"In-Neck\" src=\"http:\/\/www.forex-pc.de\/wordpress\/wordpress\/wp-content\/uploads\/2010\/09\/in-neck.jpg\" alt=\"\" width=\"89\" height=\"134\" \/><p id=\"caption-attachment-628\" class=\"wp-caption-text\">In-Neck<\/p><\/div>\n<p style=\"text-align: justify; padding: 0; margin: -135px 0 0 115px; position: relative; float: left; display: inline;\">Die In-Neck Kerzenformation beschreibt mit der ersten Kerze den vorliegenden Trend. Die zweite Kerze schlie\u00dft mit dem Schlusskurs der ersten Kerze. Trotz der gro\u00dfen Aufw\u00e4rtsbewegung der zweiten Kerze und das Erreichen des Schlusskurses der ersten Kerze ist es wahrscheinlich, dass sich der Abw\u00e4rtstrend fortsetzt.<br \/>\n<strong>Beachte Unterschied zu <a href=\"http:\/\/www.forex-pc.de\/wordpress\/wordpress\/?page_id=611\" target=\"_blank\">Separating Lines!<\/a><\/strong><\/p>\n<\/div>\n<hr \/>\n<div id=\"attachment_629\" style=\"width: 99px\" class=\"wp-caption alignnone\"><img loading=\"lazy\" decoding=\"async\" aria-describedby=\"caption-attachment-629\" class=\"size-full wp-image-629\" title=\"On-Neck\" src=\"http:\/\/www.forex-pc.de\/wordpress\/wordpress\/wp-content\/uploads\/2010\/09\/on-neck.jpg\" alt=\"\" width=\"89\" height=\"134\" \/><p id=\"caption-attachment-629\" class=\"wp-caption-text\">On-Neck<\/p><\/div>\n<p style=\"text-align: justify; padding: 0; margin: -135px 0 0 115px; position: relative; float: left; display: inline;\">Die On-Neck Formation beschreibt zun\u00e4chst eine lange schwarze Kerze, die den vorherrschenden Trend charakterisiert. Die zweite Kerze er\u00f6ffnet mit einem Gap und best\u00e4tigt zun\u00e4chst den Abw\u00e4rtstrend. Der Schlusskurs der zweiten Kerze erreicht den Tiefstkurs der ersten Kerze. Es ist sehr wahrscheinlich, dass der aktuelle Trend fortgesetzt wird.<\/p>\n<hr \/>\n<div id=\"attachment_632\" style=\"width: 650px\" class=\"wp-caption alignnone\"><img loading=\"lazy\" decoding=\"async\" aria-describedby=\"caption-attachment-632\" class=\"size-full wp-image-632\" title=\"Thrusting, In-Neck und On-Neck im Chart\" src=\"http:\/\/www.forex-pc.de\/wordpress\/wordpress\/wp-content\/uploads\/2010\/09\/oninneckthrusting.jpg\" alt=\"\" width=\"640\" height=\"480\" srcset=\"http:\/\/www.candlestick-fibonacci.de\/wp-content\/uploads\/2010\/09\/oninneckthrusting.jpg 640w, http:\/\/www.candlestick-fibonacci.de\/wp-content\/uploads\/2010\/09\/oninneckthrusting-300x225.jpg 300w\" sizes=\"auto, (max-width: 640px) 100vw, 640px\" \/><p id=\"caption-attachment-632\" class=\"wp-caption-text\">Thrusting, In-Neck und On-Neck im Chart<\/p><\/div>\n<p style=\"text-align: justify;\">Die Abbildung zeigt die drei verschiedenen Variationen in einem Chart. Eine ausgepr\u00e4gte On-Neck Kerzenformation charakterisierte mit hoher Wahrscheinlichkeit die Fortsetzung des Abw\u00e4rtstrends. Die darauffolgende In-Neck Formation k\u00f6nnte weiterhin die bearishe Marktbewegung signalisieren.<br \/>\nGerade bei schwachen Fortsetzungsformationen, wie der Thrusting Kerzenformation, sollte eine Best\u00e4tigung in Form einer dritten bearishen Kerze erfolgen.<\/p>\n<hr \/>\n","protected":false},"excerpt":{"rendered":"<p>Piercing Line Formation und Dark Cloud Cover bestehen aus zwei Kerzen, die starke Umkehrformationen darstellen. Piercing Line stellt dabei die Long Version dar (Boden-Umkehrformation), der Dark Cloud Cover ist die Short Version (Top-Umkehrformation). Die vorliegende Marktbewegung stellt sich zun\u00e4chst mit einer langen schwarzen Kerze dar (1). Die zweite Kerze er\u00f6ffnet unter dem vorherigen Tiefstkurs, schlie\u00dft [&hellip;]<\/p>\n","protected":false},"author":1,"featured_media":0,"parent":49,"menu_order":0,"comment_status":"closed","ping_status":"closed","template":"","meta":{"footnotes":""},"class_list":["post-376","page","type-page","status-publish","hentry"],"_links":{"self":[{"href":"http:\/\/www.candlestick-fibonacci.de\/index.php?rest_route=\/wp\/v2\/pages\/376","targetHints":{"allow":["GET"]}}],"collection":[{"href":"http:\/\/www.candlestick-fibonacci.de\/index.php?rest_route=\/wp\/v2\/pages"}],"about":[{"href":"http:\/\/www.candlestick-fibonacci.de\/index.php?rest_route=\/wp\/v2\/types\/page"}],"author":[{"embeddable":true,"href":"http:\/\/www.candlestick-fibonacci.de\/index.php?rest_route=\/wp\/v2\/users\/1"}],"replies":[{"embeddable":true,"href":"http:\/\/www.candlestick-fibonacci.de\/index.php?rest_route=%2Fwp%2Fv2%2Fcomments&post=376"}],"version-history":[{"count":23,"href":"http:\/\/www.candlestick-fibonacci.de\/index.php?rest_route=\/wp\/v2\/pages\/376\/revisions"}],"predecessor-version":[{"id":450,"href":"http:\/\/www.candlestick-fibonacci.de\/index.php?rest_route=\/wp\/v2\/pages\/376\/revisions\/450"}],"up":[{"embeddable":true,"href":"http:\/\/www.candlestick-fibonacci.de\/index.php?rest_route=\/wp\/v2\/pages\/49"}],"wp:attachment":[{"href":"http:\/\/www.candlestick-fibonacci.de\/index.php?rest_route=%2Fwp%2Fv2%2Fmedia&parent=376"}],"curies":[{"name":"wp","href":"https:\/\/api.w.org\/{rel}","templated":true}]}}