{"id":382,"date":"2010-09-06T18:26:34","date_gmt":"2010-09-06T16:26:34","guid":{"rendered":"http:\/\/www.forex-pc.de\/wordpress\/wordpress\/?page_id=382"},"modified":"2010-09-23T13:37:43","modified_gmt":"2010-09-23T11:37:43","slug":"harami","status":"publish","type":"page","link":"http:\/\/www.candlestick-fibonacci.de\/?page_id=382","title":{"rendered":"Harami"},"content":{"rendered":"<hr>\n<div style=\"overflow: hidden;\">\n<div id=\"attachment_487\" style=\"width: 82px\" class=\"wp-caption alignnone\"><img loading=\"lazy\" decoding=\"async\" aria-describedby=\"caption-attachment-487\" src=\"http:\/\/www.forex-pc.de\/wordpress\/wordpress\/wp-content\/uploads\/2010\/09\/harami_bullish1.jpg\" alt=\"\" title=\"Harami &lt;br&gt;(Bullish)\" width=\"72\" height=\"112\" class=\"size-full wp-image-487\" \/><p id=\"caption-attachment-487\" class=\"wp-caption-text\">Harami (Bullish)<\/p><\/div><\/p>\n<p style=\"text-align:justify; padding:0; margin: -150px 0 0 110px; position: relative; float: left; display: inline;\">\nHarami stellt eine Zwei-Kerzen-Formation dar, die bullish oder bearish ausgepr\u00e4gt sein kann.<br \/>\nBei dem Harami (Bullish) formiert sich zun\u00e4chst ein schwarzer Kerzenk\u00f6rper, der die vorherrschende Marktbewegung charakterisiert (1). Die danach folgende Kerze besteht aus einem kleinen K\u00f6rper, der komplett innerhalb des ersten Kerzenk\u00f6rpers liegt.<br \/>\nDurch das Abschw\u00e4chen der Dynamik des bestehenden Trends, stellt der Harami einen Fr\u00fchindikator f\u00fcr m\u00f6gliche Trendwechsel und Konsolidierungsphasen dar.<br \/>\nUmso gr\u00f6\u00dfer das Formationsgap zwischen den beiden Kerzenk\u00f6rpern, umso wahrscheinlicher ist das Umkehrsignal. <\/p>\n<\/div>\n<hr>\n<div id=\"attachment_484\" style=\"width: 650px\" class=\"wp-caption alignnone\"><img loading=\"lazy\" decoding=\"async\" aria-describedby=\"caption-attachment-484\" src=\"http:\/\/www.forex-pc.de\/wordpress\/wordpress\/wp-content\/uploads\/2010\/09\/harami_bullish.jpg\" alt=\"\" title=\"Harami (Bullish)\" width=\"640\" height=\"480\" class=\"size-full wp-image-484\" srcset=\"http:\/\/www.candlestick-fibonacci.de\/wp-content\/uploads\/2010\/09\/harami_bullish.jpg 640w, http:\/\/www.candlestick-fibonacci.de\/wp-content\/uploads\/2010\/09\/harami_bullish-300x225.jpg 300w\" sizes=\"auto, (max-width: 640px) 100vw, 640px\" \/><p id=\"caption-attachment-484\" class=\"wp-caption-text\">Harami (Bullish)<\/p><\/div>\n<p style=\"text-align:justify\">Die Abbildung zeigt einen Harami (Bullish). Die erste Kerze charakterisiert die vorherrschende Marktbewegung.<br \/>\nDie zweite Kerze er\u00f6ffnet mit einem Formationsgap gegen\u00fcber dem Schlusskurs der ersten Kerze und schlie\u00dft innerhalb der Handelsspanne der ersten Kerze. Dadurch komplettiert sich ein Harami als Boden-Umkehrformation. Der signifikante Abw\u00e4rtstrend und das ausgepr\u00e4gte Formationsgap indizieren mit hoher Wahrscheinlichkeit ein Trendwendesignal durch den Harami.  <\/p>\n<hr>\n<p><strong>Analog dazu der Counterpart die Harami (Bearish) Formation: <\/strong><br \/>\n\n<\/p>\n<div style=\"overflow: hidden;\">\n<div id=\"attachment_486\" style=\"width: 82px\" class=\"wp-caption alignnone\"><img loading=\"lazy\" decoding=\"async\" aria-describedby=\"caption-attachment-486\" src=\"http:\/\/www.forex-pc.de\/wordpress\/wordpress\/wp-content\/uploads\/2010\/09\/harami_bearish.jpg\" alt=\"\" title=\"Harami (Bearish)\" width=\"72\" height=\"96\" class=\"size-full wp-image-486\" \/><p id=\"caption-attachment-486\" class=\"wp-caption-text\">Harami (Bearish)<\/p><\/div><\/p>\n<p style=\"text-align:justify; padding:0; margin: -135px 0 0 115px; position: relative; float: left; display: inline;\">\nDer Harami (Bearish) ist gekennzeichnet durch eine lange wei\u00dfe Kerze, die die vorherrschende Marktbewegung charakterisiert. Die zweite Kerze \u00f6ffnet \u00fcber dem vorherigen Schlusskurs und schlie\u00dft innerhalb des ersten Kerzenk\u00f6rpers.<br \/>\nTritt ein Harami (Bearish) im etablierten Aufw\u00e4rtstrend auf, k\u00fcndigt dies m\u00f6glicherweise das Ende des bisherigen Trends an.\n<\/p>\n<\/div>\n<hr>\n<div id=\"attachment_483\" style=\"width: 650px\" class=\"wp-caption alignnone\"><img loading=\"lazy\" decoding=\"async\" aria-describedby=\"caption-attachment-483\" src=\"http:\/\/www.forex-pc.de\/wordpress\/wordpress\/wp-content\/uploads\/2010\/09\/haramibearish.jpg\" alt=\"\" title=\"Harami (Bearish)\" width=\"640\" height=\"480\" class=\"size-full wp-image-483\" srcset=\"http:\/\/www.candlestick-fibonacci.de\/wp-content\/uploads\/2010\/09\/haramibearish.jpg 640w, http:\/\/www.candlestick-fibonacci.de\/wp-content\/uploads\/2010\/09\/haramibearish-300x225.jpg 300w\" sizes=\"auto, (max-width: 640px) 100vw, 640px\" \/><p id=\"caption-attachment-483\" class=\"wp-caption-text\">Harami (Bearish)<\/p><\/div>\n<p style=\"text-align:justify\">Die Abbildung zeigt einen Harami (Bearish) im Chart. Die erste Kerze charakterisiert die vorherrschende Marktbewegung. Die zweite Kerze er\u00f6ffnet unterhalb des vorherigen Schlusskurses und schlie\u00dft innerhalb des ersten Kerzenk\u00f6rpers. Dies formiert ein ma\u00dfgebliches Formationsgap. Der Markt bewegte sich zwar durch die wei\u00dfe Kerze nach oben, der anschlie\u00dfende kleine Kerzenk\u00f6rper indiziert aber Ungewissheit und Unentschlossenheit. Das Harami (Bearish) ist mit hoher Wahrscheinlichkeit ein Umkehrsignal f\u00fcr die Trendwende.  <\/p>\n<hr id=\"Three Inside\">\n<p><strong>Folgende Kerzenformationen stellen eine Best\u00e4tigung f\u00fcr das Harami als Umkehrsignal dar: <\/strong><br \/>\n\n<\/p>\n<div style=\"overflow: hidden;\">\n<div id=\"attachment_489\" style=\"width: 102px\" class=\"wp-caption alignnone\"><img loading=\"lazy\" decoding=\"async\" aria-describedby=\"caption-attachment-489\" src=\"http:\/\/www.forex-pc.de\/wordpress\/wordpress\/wp-content\/uploads\/2010\/09\/three-inside-up.jpg\" alt=\"\" title=\"Three Inside Up\" width=\"92\" height=\"108\" class=\"size-full wp-image-489\" \/><p id=\"caption-attachment-489\" class=\"wp-caption-text\">Three Inside Up<\/p><\/div><\/p>\n<p style=\"text-align:justify; padding:0; margin: -120px 0 0 125px; position: relative; float: left; display: inline;\">\nZun\u00e4chst formiert sich ein Harami (Bullish). Die Best\u00e4tigung f\u00fcr das Harami als Umkehrsignal signalisiert eine bullishe dritte Kerze, die mit einem h\u00f6heren Close als die vorherige Kerze schlie\u00dft. Dadurch komplettiert sich eine Three Inside Up Formation.<\/p>\n<\/div>\n<div style=\"overflow: hidden;\">\n<div id=\"attachment_490\" style=\"width: 125px\" class=\"wp-caption alignnone\"><img loading=\"lazy\" decoding=\"async\" aria-describedby=\"caption-attachment-490\" src=\"http:\/\/www.forex-pc.de\/wordpress\/wordpress\/wp-content\/uploads\/2010\/09\/three-inside-down.jpg\" alt=\"\" title=\"Three Inside Down\" width=\"115\" height=\"109\" class=\"size-full wp-image-490\" \/><p id=\"caption-attachment-490\" class=\"wp-caption-text\">Three Inside Down<\/p><\/div><\/p>\n<p style=\"text-align:justify; padding:0; margin: -120px 0 0 125px; position: relative; float: left; display: inline;\">\nDie Three Inside Down Formation ist das Gegenst\u00fcck zur Three Inside Up Formation. Zun\u00e4chst bildet sich ein Harami (Bearish). Schlie\u00dft die dritte Kerze nun mit einem niedrigeren Kurs ab, vollendet sich die Three Inside Down Formation und signalisiert<br \/>\nein wahrscheinliches Trendwendesignal.<\/p>\n<\/div>\n<hr>\n<hr>\n<div id=\"attachment_491\" style=\"width: 650px\" class=\"wp-caption alignnone\"><img loading=\"lazy\" decoding=\"async\" aria-describedby=\"caption-attachment-491\" src=\"http:\/\/www.forex-pc.de\/wordpress\/wordpress\/wp-content\/uploads\/2010\/09\/threeinsideup.jpg\" alt=\"\" title=\"Three Inside Up\" width=\"640\" height=\"480\" class=\"size-full wp-image-491\" srcset=\"http:\/\/www.candlestick-fibonacci.de\/wp-content\/uploads\/2010\/09\/threeinsideup.jpg 640w, http:\/\/www.candlestick-fibonacci.de\/wp-content\/uploads\/2010\/09\/threeinsideup-300x225.jpg 300w\" sizes=\"auto, (max-width: 640px) 100vw, 640px\" \/><p id=\"caption-attachment-491\" class=\"wp-caption-text\">Three Inside Up<\/p><\/div>\n<p style=\"text-align:justify\">In der Abbildung erfolgt die Best\u00e4tigung des Umkehrsignals durch die Three Inside Up Formation. Etabliert sich der Close Kurs der dritten Kerze oberhalb des Hochs der ersten Kerze, gilt dies als sehr wahrscheinliches Signal f\u00fcr einen Trendwechsel.<\/p>\n<hr>\n<p><strong>Neben der Harami Formation stellt das Harami Cross eine weitere Variante dar: <\/strong><\/p>\n<div style=\"overflow: hidden;\">\n<div id=\"attachment_493\" style=\"width: 168px\" class=\"wp-caption alignnone\"><img loading=\"lazy\" decoding=\"async\" aria-describedby=\"caption-attachment-493\" src=\"http:\/\/www.forex-pc.de\/wordpress\/wordpress\/wp-content\/uploads\/2010\/09\/harami-crosses.jpg\" alt=\"\" title=\"Harami Crosses\" width=\"158\" height=\"113\" class=\"size-full wp-image-493\"\/><p id=\"caption-attachment-493\" class=\"wp-caption-text\">Harami Crosses<\/p><\/div><\/p>\n<p style=\"text-align:justify; padding:0; margin: -130px 0 0 170px; position: relative; float: left; display: inline;\">\nDie erste Kerze charaktierisiert den vorherigen Trend. Anstatt eines Spinning Tops als zweite Kerze,<br \/>\n\u00e4u\u00dfert sich die sich \u00e4ndernde Marktstimmung in einem Doji.<br \/>\nDiese Formation wird als Harami Cross bezeichnet. Die Formation k\u00f6nnte ein Anzeichen sein, dass der bisherige Trend umkehrt.<\/p>\n<\/div>\n<hr>\n<div id=\"attachment_492\" style=\"width: 650px\" class=\"wp-caption alignnone\"><img loading=\"lazy\" decoding=\"async\" aria-describedby=\"caption-attachment-492\" src=\"http:\/\/www.forex-pc.de\/wordpress\/wordpress\/wp-content\/uploads\/2010\/09\/harami-cross2.jpg\" alt=\"\" title=\"Harami Cross (Bearish)\" width=\"640\" height=\"480\" class=\"size-full wp-image-492\" srcset=\"http:\/\/www.candlestick-fibonacci.de\/wp-content\/uploads\/2010\/09\/harami-cross2.jpg 640w, http:\/\/www.candlestick-fibonacci.de\/wp-content\/uploads\/2010\/09\/harami-cross2-300x225.jpg 300w\" sizes=\"auto, (max-width: 640px) 100vw, 640px\" \/><p id=\"caption-attachment-492\" class=\"wp-caption-text\">Harami Cross (Bearish)<\/p><\/div>\n<p style=\"text-align:justify\">Nach einer kurzen Gegenbewegung des Marktes formiert sich ein Harami (Bearish) mit langer bullisher Kerze (1) und einem Formationsgap zum Doji (2). Die vorhandene bullishe Marktbewegung sowie die Auspr\u00e4gung des Harami und Trendgeraden sind Anzeichen daf\u00fcr, dass das Harami Cross eine Trendumkehr einleitet. Die Best\u00e4tigung in Form einer Three Inside Down Formation erfolgte hier und erh\u00f6ht die Wahrscheinlichkeit der Trendumkehr.  <\/p>\n<hr>\n","protected":false},"excerpt":{"rendered":"<p>Harami stellt eine Zwei-Kerzen-Formation dar, die bullish oder bearish ausgepr\u00e4gt sein kann. Bei dem Harami (Bullish) formiert sich zun\u00e4chst ein schwarzer Kerzenk\u00f6rper, der die vorherrschende Marktbewegung charakterisiert (1). Die danach folgende Kerze besteht aus einem kleinen K\u00f6rper, der komplett innerhalb des ersten Kerzenk\u00f6rpers liegt. Durch das Abschw\u00e4chen der Dynamik des bestehenden Trends, stellt der Harami [&hellip;]<\/p>\n","protected":false},"author":1,"featured_media":0,"parent":49,"menu_order":2,"comment_status":"closed","ping_status":"closed","template":"","meta":{"footnotes":""},"class_list":["post-382","page","type-page","status-publish","hentry"],"_links":{"self":[{"href":"http:\/\/www.candlestick-fibonacci.de\/index.php?rest_route=\/wp\/v2\/pages\/382","targetHints":{"allow":["GET"]}}],"collection":[{"href":"http:\/\/www.candlestick-fibonacci.de\/index.php?rest_route=\/wp\/v2\/pages"}],"about":[{"href":"http:\/\/www.candlestick-fibonacci.de\/index.php?rest_route=\/wp\/v2\/types\/page"}],"author":[{"embeddable":true,"href":"http:\/\/www.candlestick-fibonacci.de\/index.php?rest_route=\/wp\/v2\/users\/1"}],"replies":[{"embeddable":true,"href":"http:\/\/www.candlestick-fibonacci.de\/index.php?rest_route=%2Fwp%2Fv2%2Fcomments&post=382"}],"version-history":[{"count":21,"href":"http:\/\/www.candlestick-fibonacci.de\/index.php?rest_route=\/wp\/v2\/pages\/382\/revisions"}],"predecessor-version":[{"id":930,"href":"http:\/\/www.candlestick-fibonacci.de\/index.php?rest_route=\/wp\/v2\/pages\/382\/revisions\/930"}],"up":[{"embeddable":true,"href":"http:\/\/www.candlestick-fibonacci.de\/index.php?rest_route=\/wp\/v2\/pages\/49"}],"wp:attachment":[{"href":"http:\/\/www.candlestick-fibonacci.de\/index.php?rest_route=%2Fwp%2Fv2%2Fmedia&parent=382"}],"curies":[{"name":"wp","href":"https:\/\/api.w.org\/{rel}","templated":true}]}}