{"id":387,"date":"2010-09-06T18:28:58","date_gmt":"2010-09-06T16:28:58","guid":{"rendered":"http:\/\/www.forex-pc.de\/wordpress\/wordpress\/?page_id=387"},"modified":"2010-09-23T13:30:23","modified_gmt":"2010-09-23T11:30:23","slug":"tweezer","status":"publish","type":"page","link":"http:\/\/www.candlestick-fibonacci.de\/?page_id=387","title":{"rendered":"Tweezer"},"content":{"rendered":"<hr \/>\n<div style=\"overflow: hidden;\">\n<div id=\"attachment_508\" style=\"width: 84px\" class=\"wp-caption alignnone\"><img loading=\"lazy\" decoding=\"async\" aria-describedby=\"caption-attachment-508\" class=\"size-full wp-image-508\" title=\"Tweezer Bottom\" src=\"http:\/\/www.forex-pc.de\/wordpress\/wordpress\/wp-content\/uploads\/2010\/09\/tweezerbottom_bsp.jpg\" alt=\"\" width=\"74\" height=\"123\" \/><p id=\"caption-attachment-508\" class=\"wp-caption-text\">Tweezer Bottom<\/p><\/div>\n<p style=\"text-align: justify; padding: 0; margin: -155px 0 0 110px; position: relative; float: left; display: inline;\">Tweezer stellen Formationen aus zwei oder mehr Kerzen dar, die gleiche Hoch- oder Tiefstkurse aufweisen. Dabei unterscheidet man die Long Version: Tweezer Bottoms und die Short Version: Tweezer Tops.<br \/>\nEin Bullishes Tweezer Bottom liegt vor, wenn zwei oder mehr Kerzen gleiche Tiefstkurse aufweisen. Idealerweise weist der Tweezer Bottom eine lange schwarze Kerze auf (1), gefolgt von einer zweiten Kerze mit kleinem Kerzenk\u00f6rper (2).<br \/>\nTrotz der starken bearishen Kerze (1), wurde dieser Impuls durch die zweite Kerze mit gleichem Tiefstkurs aufgel\u00f6st.<br \/>\nBesteht die zweite Kerze aus einer typischen Bodenumkehrformation (Hammer, Piercing Line) verst\u00e4rkt sich das Umkehrsignal.<\/p>\n<\/div>\n<hr \/>\n<p><strong>Weitere Tweezer Bottom Variationen entstehen durch bereits bekannte Grundelemente: <\/strong><\/p>\n<table width=\"50%\">\n<tbody>\n<tr>\n<td width=\"25%\">\n<div id=\"attachment_509\" style=\"width: 84px\" class=\"wp-caption alignnone\"><img loading=\"lazy\" decoding=\"async\" aria-describedby=\"caption-attachment-509\" src=\"http:\/\/www.forex-pc.de\/wordpress\/wordpress\/wp-content\/uploads\/2010\/09\/tweezerbottom_hammer.jpg\" alt=\"\" title=\"Tweezer Bottom und Hammer\" width=\"74\" height=\"123\" class=\"size-full wp-image-509\" \/><p id=\"caption-attachment-509\" class=\"wp-caption-text\">Tweezer Bottom und Hammer<\/p><\/div>\n<\/td>\n<td width=\"25%\">\n<p><div id=\"attachment_510\" style=\"width: 84px\" class=\"wp-caption alignnone\"><img loading=\"lazy\" decoding=\"async\" aria-describedby=\"caption-attachment-510\" class=\"size-full wp-image-510\" title=\"Tweezer Bottom &lt;br&gt;und Piercing Line\" src=\"http:\/\/www.forex-pc.de\/wordpress\/wordpress\/wp-content\/uploads\/2010\/09\/tweezerbottom_piercing-line.jpg\" alt=\"\" width=\"74\" height=\"123\" \/><p id=\"caption-attachment-510\" class=\"wp-caption-text\">Tweezer Bottom und Piercing Line<\/p><\/div><\/td>\n<\/tr>\n<\/tbody>\n<\/table>\n<hr \/>\n<div id=\"attachment_515\" style=\"width: 650px\" class=\"wp-caption alignnone\"><img loading=\"lazy\" decoding=\"async\" aria-describedby=\"caption-attachment-515\" class=\"size-full wp-image-515\" title=\"Tweezer Bottom und Piercing Line\" src=\"http:\/\/www.forex-pc.de\/wordpress\/wordpress\/wp-content\/uploads\/2010\/09\/tweezer-bottom_piercing.jpg\" alt=\"\" width=\"640\" height=\"480\" srcset=\"http:\/\/www.candlestick-fibonacci.de\/wp-content\/uploads\/2010\/09\/tweezer-bottom_piercing.jpg 640w, http:\/\/www.candlestick-fibonacci.de\/wp-content\/uploads\/2010\/09\/tweezer-bottom_piercing-300x225.jpg 300w\" sizes=\"auto, (max-width: 640px) 100vw, 640px\" \/><p id=\"caption-attachment-515\" class=\"wp-caption-text\">Tweezer Bottom und Piercing Line<\/p><\/div>\n<p style=\"text-align: justify;\">Die erste Kerze charakterisiert die vorliegende Marktbewegung (1). Die zweite Kerze \u00f6ffnet mit ihrem gleichzeitigen Tiefstkurs, der nahezu identisch mit dem der ersten Kerze ist. Der Schlusskurs reicht weit in die erste Kerze herein und komplettiert die Piercing Line Formation. Trotz der starken bearishen Marktbewegung wurde diese durch die Piercing Line Formation aufgel\u00f6st und signalisiert nun eine wahrscheinliche Trendwende.<\/p>\n<hr \/>\n<p><strong>Analog werden nun die Tweezer Top Umkehrformationen analysiert: <\/strong><\/p>\n<div style=\"overflow: hidden;\">\n<div id=\"attachment_516\" style=\"width: 84px\" class=\"wp-caption alignnone\"><img loading=\"lazy\" decoding=\"async\" aria-describedby=\"caption-attachment-516\" class=\"size-full wp-image-516\" title=\"Tweezer Top\" src=\"http:\/\/www.forex-pc.de\/wordpress\/wordpress\/wp-content\/uploads\/2010\/09\/tweezertop_bsp.jpg\" alt=\"\" width=\"74\" height=\"123\" \/><p id=\"caption-attachment-516\" class=\"wp-caption-text\">Tweezer Top<\/p><\/div>\n<p style=\"text-align: justify; padding: 0; margin: -150px 0 0 115px; position: relative; float: left; display: inline;\">Nach einem vorherigen Aufw\u00e4rtstrend weisen die Kerzen bei einem Bearishen Tweezer Top identische H\u00f6chstkurse auf.<br \/>\nDie erste Kerze sollte die starke bullishe Auspr\u00e4gung aufzeigen. Die zweite Kerze sollte einen kleinen Kerzenk\u00f6rper aufweisen. Die zweite Kerze schlie\u00dft mit einem kleinen Kerzenk\u00f6rper und weist den gleichen H\u00f6chstkurs wie die vorherige Kerze auf.<br \/>\nDadurch konterkariert sie den starken bullishen Impuls auf.<br \/>\nDas Aufl\u00f6sen der bullishen Kr\u00e4fte signalisiert eine m\u00f6gliche Trendumkehr. Formieren sich bekannte Top Umkehrformationen als zweite Kerze (Hanging Man, Dark Cloud Cover, Shooting Star, Harami Cross) ist das Trendwendesignal umso wahrscheinlicher.<\/p>\n<\/div>\n<hr \/>\n<p><strong>Tweezer Top Varianten: <\/strong><\/p>\n<table width=\"100%\">\n<tbody>\n<tr>\n<td width=\"25%\">\n<p><div id=\"attachment_518\" style=\"width: 84px\" class=\"wp-caption alignnone\"><img loading=\"lazy\" decoding=\"async\" aria-describedby=\"caption-attachment-518\" class=\"size-full wp-image-518\" title=\"Tweezer Top und Hanging Man\" src=\"http:\/\/www.forex-pc.de\/wordpress\/wordpress\/wp-content\/uploads\/2010\/09\/tweezertop_hangingman.jpg\" alt=\"\" width=\"74\" height=\"123\" \/><p id=\"caption-attachment-518\" class=\"wp-caption-text\">Tweezer Top und Hanging Man<\/p><\/div><\/td>\n<td width=\"25%\">\n<p><div id=\"attachment_517\" style=\"width: 84px\" class=\"wp-caption alignnone\"><img loading=\"lazy\" decoding=\"async\" aria-describedby=\"caption-attachment-517\" class=\"size-full wp-image-517\" title=\"Tweezer Top und Dark Cloud Cover\" src=\"http:\/\/www.forex-pc.de\/wordpress\/wordpress\/wp-content\/uploads\/2010\/09\/tweezertop_dcc.jpg\" alt=\"\" width=\"74\" height=\"123\" \/><p id=\"caption-attachment-517\" class=\"wp-caption-text\">Tweezer Top und Dark Cloud Cover<\/p><\/div><\/td>\n<td width=\"25%\">\n<p><div id=\"attachment_519\" style=\"width: 84px\" class=\"wp-caption alignnone\"><img loading=\"lazy\" decoding=\"async\" aria-describedby=\"caption-attachment-519\" class=\"size-full wp-image-519\" title=\"Tweezer Top und Harami Cross\" src=\"http:\/\/www.forex-pc.de\/wordpress\/wordpress\/wp-content\/uploads\/2010\/09\/tweezertop_harami-cross.jpg\" alt=\"\" width=\"74\" height=\"123\" \/><p id=\"caption-attachment-519\" class=\"wp-caption-text\">Tweezer Top und Harami Cross<\/p><\/div><\/td>\n<td width=\"25%\">\n<p><div id=\"attachment_520\" style=\"width: 84px\" class=\"wp-caption alignnone\"><img loading=\"lazy\" decoding=\"async\" aria-describedby=\"caption-attachment-520\" class=\"size-full wp-image-520\" title=\"Tweezer Top und Shooting Star\" src=\"http:\/\/www.forex-pc.de\/wordpress\/wordpress\/wp-content\/uploads\/2010\/09\/tweezertop_shooting-star.jpg\" alt=\"\" width=\"74\" height=\"123\" \/><p id=\"caption-attachment-520\" class=\"wp-caption-text\">Tweezer Top und Shooting Star<\/p><\/div><\/td>\n<\/tr>\n<\/tbody>\n<\/table>\n<hr \/>\n<div id=\"attachment_521\" style=\"width: 650px\" class=\"wp-caption alignnone\"><img loading=\"lazy\" decoding=\"async\" aria-describedby=\"caption-attachment-521\" class=\"size-full wp-image-521\" title=\"Tweezer Top und Dark Cloud Cover\" src=\"http:\/\/www.forex-pc.de\/wordpress\/wordpress\/wp-content\/uploads\/2010\/09\/tweezertop_dark.jpg\" alt=\"\" width=\"640\" height=\"480\" srcset=\"http:\/\/www.candlestick-fibonacci.de\/wp-content\/uploads\/2010\/09\/tweezertop_dark.jpg 640w, http:\/\/www.candlestick-fibonacci.de\/wp-content\/uploads\/2010\/09\/tweezertop_dark-300x225.jpg 300w\" sizes=\"auto, (max-width: 640px) 100vw, 640px\" \/><p id=\"caption-attachment-521\" class=\"wp-caption-text\">Tweezer Top und Dark Cloud Cover<\/p><\/div>\n<p style=\"text-align: justify;\">W\u00e4hrend des Aufw\u00e4rtstrends bildet sich ein Tweezer Top in Verbindung mit einer Dark Cloud Cover Formation (1,2). Das Hoch der zweiten Kerze ist identisch mit der ersten Kerze. Die zweite Kerze f\u00e4llt aber im Zeitverlauf. Diese Auspr\u00e4gungen charakterisieren das Tweezer Top als wahrscheinliche Umkehrformation.<\/p>\n<hr \/>\n","protected":false},"excerpt":{"rendered":"<p>Tweezer stellen Formationen aus zwei oder mehr Kerzen dar, die gleiche Hoch- oder Tiefstkurse aufweisen. Dabei unterscheidet man die Long Version: Tweezer Bottoms und die Short Version: Tweezer Tops. Ein Bullishes Tweezer Bottom liegt vor, wenn zwei oder mehr Kerzen gleiche Tiefstkurse aufweisen. Idealerweise weist der Tweezer Bottom eine lange schwarze Kerze auf (1), gefolgt [&hellip;]<\/p>\n","protected":false},"author":1,"featured_media":0,"parent":49,"menu_order":3,"comment_status":"closed","ping_status":"closed","template":"","meta":{"footnotes":""},"class_list":["post-387","page","type-page","status-publish","hentry"],"_links":{"self":[{"href":"http:\/\/www.candlestick-fibonacci.de\/index.php?rest_route=\/wp\/v2\/pages\/387","targetHints":{"allow":["GET"]}}],"collection":[{"href":"http:\/\/www.candlestick-fibonacci.de\/index.php?rest_route=\/wp\/v2\/pages"}],"about":[{"href":"http:\/\/www.candlestick-fibonacci.de\/index.php?rest_route=\/wp\/v2\/types\/page"}],"author":[{"embeddable":true,"href":"http:\/\/www.candlestick-fibonacci.de\/index.php?rest_route=\/wp\/v2\/users\/1"}],"replies":[{"embeddable":true,"href":"http:\/\/www.candlestick-fibonacci.de\/index.php?rest_route=%2Fwp%2Fv2%2Fcomments&post=387"}],"version-history":[{"count":13,"href":"http:\/\/www.candlestick-fibonacci.de\/index.php?rest_route=\/wp\/v2\/pages\/387\/revisions"}],"predecessor-version":[{"id":513,"href":"http:\/\/www.candlestick-fibonacci.de\/index.php?rest_route=\/wp\/v2\/pages\/387\/revisions\/513"}],"up":[{"embeddable":true,"href":"http:\/\/www.candlestick-fibonacci.de\/index.php?rest_route=\/wp\/v2\/pages\/49"}],"wp:attachment":[{"href":"http:\/\/www.candlestick-fibonacci.de\/index.php?rest_route=%2Fwp%2Fv2%2Fmedia&parent=387"}],"curies":[{"name":"wp","href":"https:\/\/api.w.org\/{rel}","templated":true}]}}