{"id":391,"date":"2010-09-06T18:31:11","date_gmt":"2010-09-06T16:31:11","guid":{"rendered":"http:\/\/www.forex-pc.de\/wordpress\/wordpress\/?page_id=391"},"modified":"2010-09-23T14:15:31","modified_gmt":"2010-09-23T12:15:31","slug":"stars","status":"publish","type":"page","link":"http:\/\/www.candlestick-fibonacci.de\/?page_id=391","title":{"rendered":"Stars"},"content":{"rendered":"<hr>\n<div style=\"overflow: hidden;\">\n<div id=\"attachment_525\" style=\"width: 110px\" class=\"wp-caption alignnone\"><img loading=\"lazy\" decoding=\"async\" aria-describedby=\"caption-attachment-525\" src=\"http:\/\/www.forex-pc.de\/wordpress\/wordpress\/wp-content\/uploads\/2010\/09\/morning-star.jpg\" alt=\"\" title=\"Morning Star\" width=\"100\" height=\"141\" class=\"size-full wp-image-525\" \/><p id=\"caption-attachment-525\" class=\"wp-caption-text\">Morning Star<\/p><\/div><\/p>\n<p style=\"text-align:justify; padding:0; margin: -165px 0 0 110px; position: relative; float: left; display: inline;\">\nStars sind Formationen aus drei Kerzen, die starke Umkehrsignale generieren k\u00f6nnen und dabei bullish -Morning Star &#8211; oder bearish &#8211; Evening Star \u2013 interpretiert werden.<br \/>\nMorning Star: Die erste Kerze beschreibt den vorherrschenden Trend und signalisiert mit der Gr\u00f6\u00dfe auch die Signifikanz der Star Formation. Der Star ist ein kleiner Kerzenk\u00f6rper, der sich durch ein Gap von der langen Kerze des jeweiligen Trends absetzt. Die dritte Kerze bildet eine lange bullishe Auspr\u00e4gung und sollte auch eine L\u00fccke zum Star aufweisen, sodass sich der Sternk\u00f6rper isoliert am Boden oder an der Spitze des Abw\u00e4rts- bzw. Aufw\u00e4rtstrend befindet.<br \/>\nDie vorherrschende Marktbewegung, die Gr\u00f6\u00dfe des Gaps zwischen Sternk\u00f6rper (2) und den tats\u00e4chlichen K\u00f6rpern (1, 3), aber auch die bullishe Auspr\u00e4gung der dritten Kerze bestimmen ma\u00dfgeblich die Wahrscheinlichkeit der Morning Star Boden-Umkehrformation.<br \/>\n\n<\/p>\n<\/div>\n<hr>\n<div id=\"attachment_529\" style=\"width: 650px\" class=\"wp-caption alignnone\"><img loading=\"lazy\" decoding=\"async\" aria-describedby=\"caption-attachment-529\" src=\"http:\/\/www.forex-pc.de\/wordpress\/wordpress\/wp-content\/uploads\/2010\/09\/morning-star2.jpg\" alt=\"\" title=\"Morning Star\" width=\"640\" height=\"480\" class=\"size-full wp-image-529\" srcset=\"http:\/\/www.candlestick-fibonacci.de\/wp-content\/uploads\/2010\/09\/morning-star2.jpg 640w, http:\/\/www.candlestick-fibonacci.de\/wp-content\/uploads\/2010\/09\/morning-star2-300x225.jpg 300w\" sizes=\"auto, (max-width: 640px) 100vw, 640px\" \/><p id=\"caption-attachment-529\" class=\"wp-caption-text\">Morning Star<\/p><\/div>\n<p style=\"text-align:justify\">In der Abbildung symbolisiert die erste Kerze die vorherrschende Marktbewegung. Der Pessimismus setzt  sich am zweiten Tag durch eine niedriger er\u00f6ffnende Kerze fort. Im Handelsverlauf setzt zunehmend Ungewissheit und Unentschlossenheit ein, wodurch sich ein kleiner Kerzenk\u00f6rper oder auch Spinning Top herausbildet. Die dritte Kerze er\u00f6ffnet deutlich h\u00f6her und geht mit dem Schlusskurs tief in die erste Kerze und vervollst\u00e4ndigt die m\u00f6gliche Bodenumkehrformation. Am Ende eines Abw\u00e4rtstrends stellt der Morning Star mit hoher Wahrscheinlichkeit ein nicht zu verachtendes Kaufsignal dar. <\/p>\n<hr>\n<p><strong>Der Evening Star als Top Umkehrformation: <\/strong><br \/>\n\n<\/p>\n<div style=\"overflow: hidden;\">\n<div id=\"attachment_526\" style=\"width: 112px\" class=\"wp-caption alignnone\"><img loading=\"lazy\" decoding=\"async\" aria-describedby=\"caption-attachment-526\" src=\"http:\/\/www.forex-pc.de\/wordpress\/wordpress\/wp-content\/uploads\/2010\/09\/evening-star.jpg\" alt=\"\" title=\"Evening Star\" width=\"102\" height=\"143\" class=\"size-full wp-image-526\" \/><p id=\"caption-attachment-526\" class=\"wp-caption-text\">Evening Star<\/p><\/div><\/p>\n<p style=\"text-align:justify; padding:0; margin: -170px 0 0 115px; position: relative; float: left; display: inline;\">\nAls Gegenst\u00fcck zum Morning Star stellt der Evening Star nach vorherigen Aufw\u00e4rtstrend eine Top-Umkehrformation dar.<br \/>\nZun\u00e4chst erscheint eine wei\u00dfe Kerze mit kurzer Lunte\/Docht, die die Kontrolle der Bullen im Markt best\u00e4tigt (1). Die zweite Kerze &#8211; der eigentliche Star \u2013 er\u00f6ffnet mit einer L\u00fccke und schlie\u00dft mit einem kleinen Kerzenk\u00f6rper oder Spinning Top. Die dritte Kerze zeigt die bearishe Tendenz und komplettiert die Evening Star Formation als bearishe Top-Umkehrformation.<br \/>\nDie Evening Star Formation ist umso signifikanter, je kleiner der zweite Balken und je gr\u00f6\u00dfer der erste und dritte Balken sind. Idealerweise sind Gaps zwischen erster und zweiter Kerze sowie zweiter und dritter Kerze vorhanden. <\/p>\n<\/div>\n<hr>\n<div id=\"attachment_530\" style=\"width: 650px\" class=\"wp-caption alignnone\"><img loading=\"lazy\" decoding=\"async\" aria-describedby=\"caption-attachment-530\" src=\"http:\/\/www.forex-pc.de\/wordpress\/wordpress\/wp-content\/uploads\/2010\/09\/evening-star1.jpg\" alt=\"\" title=\"Evening Star\" width=\"640\" height=\"480\" class=\"size-full wp-image-530\" srcset=\"http:\/\/www.candlestick-fibonacci.de\/wp-content\/uploads\/2010\/09\/evening-star1.jpg 640w, http:\/\/www.candlestick-fibonacci.de\/wp-content\/uploads\/2010\/09\/evening-star1-300x225.jpg 300w\" sizes=\"auto, (max-width: 640px) 100vw, 640px\" \/><p id=\"caption-attachment-530\" class=\"wp-caption-text\">Evening Star<\/p><\/div>\n<p style=\"text-align:justify\">Die zweite Kerze er\u00f6ffnet mit einem Formationsgap \u00fcber der ersten Kerze und setzt zun\u00e4chst den Aufw\u00e4rtstrend vergangener Perioden fort. Im Verlauf der Periode ist der Optimismus klar dem Pessimismus gewichen. Die Kerze schlie\u00dft mit schmalem Kerzenk\u00f6rper und formiert ein Spinning Top oder sogar Doji heraus (2). Die dritte Kerze indiziert die bearishe Trendwende. Die ausgepr\u00e4gte Evening Star Formation ist mit hoher Wahrscheinlichkeit ein Top-Umkehrsignal.  <\/p>\n<hr>\n<p><a  id=\"eveningdojistar\"><\/a><\/p>\n<p><strong>Im Folgenden weitere bedeutende Star Formationen: <\/strong><\/p>\n<table width=\"50%\">\n<tr>\n<td width=\"25%\">\n<div id=\"attachment_533\" style=\"width: 104px\" class=\"wp-caption alignnone\"><img loading=\"lazy\" decoding=\"async\" aria-describedby=\"caption-attachment-533\" src=\"http:\/\/www.forex-pc.de\/wordpress\/wordpress\/wp-content\/uploads\/2010\/09\/morning-doji-star.jpg\" alt=\"\" title=\"Morning Doji Star\" width=\"94\" height=\"113\" class=\"size-full wp-image-533\" \/><p id=\"caption-attachment-533\" class=\"wp-caption-text\">Morning Doji Star<\/p><\/div>\n<\/td>\n<td width=\"25%\">\n<div id=\"attachment_532\" style=\"width: 96px\" class=\"wp-caption alignnone\"><img loading=\"lazy\" decoding=\"async\" aria-describedby=\"caption-attachment-532\" src=\"http:\/\/www.forex-pc.de\/wordpress\/wordpress\/wp-content\/uploads\/2010\/09\/evening-doji-star.jpg\" alt=\"\" title=\"Evening Doji Star\" width=\"86\" height=\"111\" class=\"size-full wp-image-532\" \/><p id=\"caption-attachment-532\" class=\"wp-caption-text\">Evening Doji Star<\/p><\/div>\n<\/td>\n<\/tr>\n<\/table>\n<p style=\"text-align:justify\"> Gegen\u00fcber der klassischen Star Formation ist bei der Doji Star Formationen die zweite Kerze gepr\u00e4gt von einem identischen Er\u00f6ffnungs- und Schlusskurs. Dieser Doji indiziert die klare Unentschlossenheit des Marktes. Die dritte Kerze er\u00f6ffnet in der N\u00e4he des Doji und sollte -je nach Auspr\u00e4gung- einen starken Impuls in Richtung der Trendwende signalisieren.<br \/>\n\n<\/p>\n<hr id=\"Abandoned Baby\">\n<\/p>\n<div style=\"overflow: hidden;\">\n<div id=\"attachment_535\" style=\"width: 104px\" class=\"wp-caption alignnone\"><img loading=\"lazy\" decoding=\"async\" aria-describedby=\"caption-attachment-535\" src=\"http:\/\/www.forex-pc.de\/wordpress\/wordpress\/wp-content\/uploads\/2010\/09\/abandomed-baby.jpg\" alt=\"\" title=\"Abandoned Baby (Bullish)\" width=\"94\" height=\"113\" class=\"size-full wp-image-535\" \/><p id=\"caption-attachment-535\" class=\"wp-caption-text\">Abandoned Baby (Bullish)<\/p><\/div><\/p>\n<p style=\"text-align:justify; padding:0; margin: -130px 0 0 125px; position: relative; float: left; display: inline;\">\nDie Abandoned Baby Formation stellt eine sehr seltene Umkehrformation dar. Charakteristisch ist zun\u00e4chst eine starke bearishe Bewegung (1). Die zweite Kerze er\u00f6ffnet mit einem deutlichen Gap und schlie\u00dft mit ihrem Er\u00f6ffnungskurs (Doji).<br \/>\nDie dritte Kerze sollte eine starken bullishen Impuls signalisieren.<br \/>\nDie Auspr\u00e4gung des Gaps der zweiten Kerze sowie die Balkengr\u00f6\u00dfe der ersten und dritten Kerze beeinflussen die Wahrscheinlichkeit der Trendumkehr.<\/p>\n<\/div>\n<hr>\n<div style=\"overflow: hidden;\">\n<div id=\"attachment_534\" style=\"width: 102px\" class=\"wp-caption alignnone\"><img loading=\"lazy\" decoding=\"async\" aria-describedby=\"caption-attachment-534\" src=\"http:\/\/www.forex-pc.de\/wordpress\/wordpress\/wp-content\/uploads\/2010\/09\/abandomed-baby-bearish.jpg\" alt=\"\" title=\"Abandoned Baby (Bearish)\" width=\"92\" height=\"113\" class=\"size-full wp-image-534\" \/><p id=\"caption-attachment-534\" class=\"wp-caption-text\">Abandoned Baby (Bearish)<\/p><\/div><\/p>\n<p style=\"text-align:justify; padding:0; margin: -120px 0 0 125px; position: relative; float: left; display: inline;\">\nAnalog dazu ist die bearishe Variante von einer zun\u00e4chst bullishen Marktbewegung gepr\u00e4gt (1). Die zweite Kerze er\u00f6ffnet oberhalb des Schlusskurses der voherigen Kerze und signalisiert zun\u00e4chst die Fortsetzung. Am Ende der Periode schlie\u00dft die zweite Kerze jedoch mit ihrem Er\u00f6ffnungskurs. Dies indiziert Ungewissheit und Unentschlossenheit. Der Aufw\u00e4rtstrend verliert an Momentum. Dies wird in der Folgeperiode durch eine starke bearishe Bewegung best\u00e4tigt. Je tiefer der Close der dritten Kerze umso wahrscheinlicher das Trendwendesignal.<\/p>\n<\/div>\n<hr>\n","protected":false},"excerpt":{"rendered":"<p>Stars sind Formationen aus drei Kerzen, die starke Umkehrsignale generieren k\u00f6nnen und dabei bullish -Morning Star &#8211; oder bearish &#8211; Evening Star \u2013 interpretiert werden. Morning Star: Die erste Kerze beschreibt den vorherrschenden Trend und signalisiert mit der Gr\u00f6\u00dfe auch die Signifikanz der Star Formation. Der Star ist ein kleiner Kerzenk\u00f6rper, der sich durch ein [&hellip;]<\/p>\n","protected":false},"author":1,"featured_media":0,"parent":49,"menu_order":4,"comment_status":"closed","ping_status":"closed","template":"","meta":{"footnotes":""},"class_list":["post-391","page","type-page","status-publish","hentry"],"_links":{"self":[{"href":"http:\/\/www.candlestick-fibonacci.de\/index.php?rest_route=\/wp\/v2\/pages\/391","targetHints":{"allow":["GET"]}}],"collection":[{"href":"http:\/\/www.candlestick-fibonacci.de\/index.php?rest_route=\/wp\/v2\/pages"}],"about":[{"href":"http:\/\/www.candlestick-fibonacci.de\/index.php?rest_route=\/wp\/v2\/types\/page"}],"author":[{"embeddable":true,"href":"http:\/\/www.candlestick-fibonacci.de\/index.php?rest_route=\/wp\/v2\/users\/1"}],"replies":[{"embeddable":true,"href":"http:\/\/www.candlestick-fibonacci.de\/index.php?rest_route=%2Fwp%2Fv2%2Fcomments&post=391"}],"version-history":[{"count":21,"href":"http:\/\/www.candlestick-fibonacci.de\/index.php?rest_route=\/wp\/v2\/pages\/391\/revisions"}],"predecessor-version":[{"id":528,"href":"http:\/\/www.candlestick-fibonacci.de\/index.php?rest_route=\/wp\/v2\/pages\/391\/revisions\/528"}],"up":[{"embeddable":true,"href":"http:\/\/www.candlestick-fibonacci.de\/index.php?rest_route=\/wp\/v2\/pages\/49"}],"wp:attachment":[{"href":"http:\/\/www.candlestick-fibonacci.de\/index.php?rest_route=%2Fwp%2Fv2%2Fmedia&parent=391"}],"curies":[{"name":"wp","href":"https:\/\/api.w.org\/{rel}","templated":true}]}}