{"id":393,"date":"2010-09-06T18:32:46","date_gmt":"2010-09-06T16:32:46","guid":{"rendered":"http:\/\/www.forex-pc.de\/wordpress\/wordpress\/?page_id=393"},"modified":"2010-09-13T15:49:41","modified_gmt":"2010-09-13T13:49:41","slug":"three-black-crows-three-white-soldiers","status":"publish","type":"page","link":"http:\/\/www.candlestick-fibonacci.de\/?page_id=393","title":{"rendered":"Three White Soldiers und Three Black Crows"},"content":{"rendered":"<hr \/>\n<div style=\"overflow: hidden;\">\n<div id=\"attachment_546\" style=\"width: 106px\" class=\"wp-caption alignnone\"><img loading=\"lazy\" decoding=\"async\" aria-describedby=\"caption-attachment-546\" class=\"size-full wp-image-546\" title=\"Three White Soldiers\" src=\"http:\/\/www.forex-pc.de\/wordpress\/wordpress\/wp-content\/uploads\/2010\/09\/three_white_soldiers.jpg\" alt=\"\" width=\"96\" height=\"108\" \/><p id=\"caption-attachment-546\" class=\"wp-caption-text\">Three White Soldiers<\/p><\/div>\n<p style=\"text-align: justify; padding: 0; margin: -150px 0 0 110px; position: relative; float: left; display: inline;\">Three White Soldiers und Three Black Crows stellen Formationen aus drei identischen Kerzen dar, die bullish oder bearish ausgepr\u00e4gt sein k\u00f6nnen.<br \/>\nThree White Soldiers beschreiben drei lange wei\u00dfe Kerzen mit jeweils h\u00f6heren Preisen, die optimalerweise in der N\u00e4he ihres H\u00f6chstkurses schlie\u00dfen.<br \/>\nDie Formation kann dabei als Boden-Umkehrformation nach einer vorherigen bearishen Marktbewegung oder auch als bullishe Fortsetzungsformation nach einem schon bestehenden Aufw\u00e4rtstrend auftreten.<\/p>\n<p>\u00a0<\/p>\n<hr \/>\n<div id=\"attachment_548\" style=\"width: 650px\" class=\"wp-caption alignnone\"><img loading=\"lazy\" decoding=\"async\" aria-describedby=\"caption-attachment-548\" class=\"size-full wp-image-548\" title=\"Three White Soldiers\" src=\"http:\/\/www.forex-pc.de\/wordpress\/wordpress\/wp-content\/uploads\/2010\/09\/threewhitesoldiers.jpg\" alt=\"\" width=\"640\" height=\"480\" srcset=\"http:\/\/www.candlestick-fibonacci.de\/wp-content\/uploads\/2010\/09\/threewhitesoldiers.jpg 640w, http:\/\/www.candlestick-fibonacci.de\/wp-content\/uploads\/2010\/09\/threewhitesoldiers-300x225.jpg 300w\" sizes=\"auto, (max-width: 640px) 100vw, 640px\" \/><p id=\"caption-attachment-548\" class=\"wp-caption-text\">Three White Soldiers<\/p><\/div>\n<p style=\"text-align: justify;\">Die Abbildung zeigt eine klassische Three White Soldiers Formation. Die erste Kerze ist bullish und damit entgegen der vorherigen Marktbewegung. Die folgenden Kerzen (2,3) bilden jeweils Schlusskurse aus, die h\u00f6her sind als die der Vorperiode. Dabei schlie\u00dfen die Kerzen immer nahe ihres H\u00f6chstkurses und verst\u00e4rken somit den bullishen Impuls. Aufgrund der starken bullishen Bewegung k\u00f6nnen \u00fcberkauft Situation hervorgerufen werden. Three White Soldiers Formationen werden deswegen h\u00e4ufig als &#8222;New News, Bad News&#8220; gesehen.<\/p>\n<hr id=\"Three Black Crows\" \/>\n<p><strong>Nun zum Analogon den Three Black Crows: <\/strong><\/p>\n<div style=\"overflow: hidden;\">\n<div id=\"attachment_549\" style=\"width: 106px\" class=\"wp-caption alignnone\"><img loading=\"lazy\" decoding=\"async\" aria-describedby=\"caption-attachment-549\" class=\"size-full wp-image-549\" title=\"Three Black Crows\" src=\"http:\/\/www.forex-pc.de\/wordpress\/wordpress\/wp-content\/uploads\/2010\/09\/three_black_crows1.jpg\" alt=\"\" width=\"96\" height=\"144\" \/><p id=\"caption-attachment-549\" class=\"wp-caption-text\">Three Black Crows<\/p><\/div>\n<p style=\"text-align: justify; padding: 0; margin: -155px 0 0 115px; position: relative; float: left; display: inline;\">Das Gegenst\u00fcck zur Three White Soldiers Formation ist die Three Black Crows Formation, die bearish zu interpretieren ist.<br \/>\nDie Three Black Crows schlie\u00dfen analog m\u00f6glichst in der N\u00e4he ihres Tiefstkurses mit langen schwarzen Kerzen.<br \/>\nDabei kann die Kerzenstruktur als Top-Umkehrsignal nach einem vorherigen Aufw\u00e4rtstrend oder auch als fortsetzende Rally der B\u00e4ren bei einem vorherigen Abw\u00e4rtstrend charakterisiert werden.<\/p>\n<\/div>\n<hr>\n<p><strong>Nun werden Kerzenformationen untersucht, die der Three Black Crows Formation \u00e4hneln, aber wie Sie sehen werden, ganz unterschiedlich zu interpretieren sind. F\u00fcr mehr Informationen klicken Sie auf die jeweiligen Auspr\u00e4gungen: <\/strong><\/p>\n<table style=\"width: 729px; height: 271px;\" border=\"0\" width=\"729\">\n<tbody>\n<tr>\n<td width=\"25%\">\n<p><div id=\"attachment_554\" style=\"width: 106px\" class=\"wp-caption alignnone\"><a class=\"aligncenter\" title=\"Three Stars in the South\" href=\"http:\/\/www.forex-pc.de\/wordpress\/wordpress\/?page_id=395 \" target=\"_blank\"><img loading=\"lazy\" decoding=\"async\" aria-describedby=\"caption-attachment-554\" class=\"size-full wp-image-554\" title=\"Three Stars in the South\" src=\"http:\/\/www.forex-pc.de\/wordpress\/wordpress\/wp-content\/uploads\/2010\/09\/three-stars-in-the-south.jpg\" alt=\"\" width=\"96\" height=\"106\" \/><\/a><p id=\"caption-attachment-554\" class=\"wp-caption-text\">Three Stars in the South<\/p><\/div><\/td>\n<td width=\"25%\">\n<p><div id=\"attachment_553\" style=\"width: 106px\" class=\"wp-caption alignnone\"><a class=\"aligncenter\" title=\"Matching Low\" href=\"http:\/\/www.forex-pc.de\/wordpress\/wordpress\/?page_id=401 \" target=\"_blank\"><img loading=\"lazy\" decoding=\"async\" aria-describedby=\"caption-attachment-553\" class=\"size-full wp-image-553\" title=\"Matching Low\" src=\"http:\/\/www.forex-pc.de\/wordpress\/wordpress\/wp-content\/uploads\/2010\/09\/matching-low.jpg\" alt=\"\" width=\"96\" height=\"106\" \/><\/a><p id=\"caption-attachment-553\" class=\"wp-caption-text\">Matching Low<\/p><\/div><\/td>\n<td width=\"25%\">\n<p><div id=\"attachment_555\" style=\"width: 100px\" class=\"wp-caption alignnone\"><a class=\"aligncenter\" title=\"Unique Three River\" href=\"http:\/\/www.forex-pc.de\/wordpress\/wordpress\/?page_id=403 \" target=\"_blank\"><img loading=\"lazy\" decoding=\"async\" aria-describedby=\"caption-attachment-555\" class=\"size-full wp-image-555\" title=\"Unique Three River\" src=\"http:\/\/www.forex-pc.de\/wordpress\/wordpress\/wp-content\/uploads\/2010\/09\/unique-three-river.jpg\" alt=\"\" width=\"90\" height=\"101\" \/><\/a><p id=\"caption-attachment-555\" class=\"wp-caption-text\">Unique Three River<\/p><\/div><\/td>\n<\/tr>\n<\/tbody>\n<tbody>\n<tr>\n<td width=\"25%\">\n<p><div id=\"attachment_552\" style=\"width: 106px\" class=\"wp-caption alignnone\"><a class=\"aligncenter\" title=\"Homing Pigeon\" href=\"http:\/\/www.forex-pc.de\/wordpress\/wordpress\/?page_id=399 \" target=\"_blank\"><img loading=\"lazy\" decoding=\"async\" aria-describedby=\"caption-attachment-552\" class=\"size-full wp-image-552\" title=\"Homing Pigeon\" src=\"http:\/\/www.forex-pc.de\/wordpress\/wordpress\/wp-content\/uploads\/2010\/09\/homing-pigeon.jpg\" alt=\"\" width=\"96\" height=\"106\" \/><\/a><p id=\"caption-attachment-552\" class=\"wp-caption-text\">Homing Pigeon<\/p><\/div><\/td>\n<td width=\"25%\">\n<p><div id=\"attachment_556\" style=\"width: 107px\" class=\"wp-caption alignnone\"><a class=\"aligncenter\" title=\"Concealing Baby Swallow\" href=\"http:\/\/www.forex-pc.de\/wordpress\/wordpress\/?page_id=405\" target=\"_blank\"><img loading=\"lazy\" decoding=\"async\" aria-describedby=\"caption-attachment-556\" class=\"size-full wp-image-556\" title=\"Concealing Baby Swallow\" src=\"http:\/\/www.forex-pc.de\/wordpress\/wordpress\/wp-content\/uploads\/2010\/09\/concealingbabyswallow.jpg\" alt=\"\" width=\"97\" height=\"116\" \/><\/a><p id=\"caption-attachment-556\" class=\"wp-caption-text\">Concealing Baby Swallow<\/p><\/div><\/td>\n<\/tr>\n<\/tbody>\n<\/table>\n<hr \/>\n<p><strong>Analog dazu gibt es entsprechende Formationen, die der Three White Soldiers Kerzenstruktur gleichen, aber bearishe Umkehrformationen darstellen. F\u00fcr n\u00e4here Informationen klicken Sie auf die entsprechenden Formationen:<\/strong><\/p>\n<table width=\"70%\">\n<tbody>\n<tr>\n<td width=\"25%\">\n<p><div id=\"attachment_558\" style=\"width: 106px\" class=\"wp-caption alignnone\"><a class=\"aligncenter\" title=\"Deliberation\" href=\"http:\/\/www.forex-pc.de\/wordpress\/wordpress\/?page_id=407 \" target=\"_blank\"><img loading=\"lazy\" decoding=\"async\" aria-describedby=\"caption-attachment-558\" class=\"size-full wp-image-558\" title=\"Deliberation\" src=\"http:\/\/www.forex-pc.de\/wordpress\/wordpress\/wp-content\/uploads\/2010\/09\/deliberation.jpg\" alt=\"\" width=\"96\" height=\"154\" \/><\/a><p id=\"caption-attachment-558\" class=\"wp-caption-text\">Deliberation<\/p><\/div><\/td>\n<td width=\"25%\">\n<p><div id=\"attachment_557\" style=\"width: 97px\" class=\"wp-caption alignnone\"><a class=\"aligncenter\" title=\"Advanced Block\" href=\"http:\/\/www.forex-pc.de\/wordpress\/wordpress\/?page_id=409\" target=\"_blank\"><img loading=\"lazy\" decoding=\"async\" aria-describedby=\"caption-attachment-557\" class=\"size-full wp-image-557\" title=\"Advanced Block\" src=\"http:\/\/www.forex-pc.de\/wordpress\/wordpress\/wp-content\/uploads\/2010\/09\/advanced-block.jpg\" alt=\"\" width=\"87\" height=\"138\" \/><\/a><p id=\"caption-attachment-557\" class=\"wp-caption-text\">Advanced Block<\/p><\/div><\/td>\n<td width=\"25%\">\n<\/td>\n<\/tr>\n<\/tbody>\n<\/table>\n<hr \/>\n<\/div>\n","protected":false},"excerpt":{"rendered":"<p>Three White Soldiers und Three Black Crows stellen Formationen aus drei identischen Kerzen dar, die bullish oder bearish ausgepr\u00e4gt sein k\u00f6nnen. Three White Soldiers beschreiben drei lange wei\u00dfe Kerzen mit jeweils h\u00f6heren Preisen, die optimalerweise in der N\u00e4he ihres H\u00f6chstkurses schlie\u00dfen. Die Formation kann dabei als Boden-Umkehrformation nach einer vorherigen bearishen Marktbewegung oder auch als [&hellip;]<\/p>\n","protected":false},"author":1,"featured_media":0,"parent":49,"menu_order":5,"comment_status":"closed","ping_status":"closed","template":"","meta":{"footnotes":""},"class_list":["post-393","page","type-page","status-publish","hentry"],"_links":{"self":[{"href":"http:\/\/www.candlestick-fibonacci.de\/index.php?rest_route=\/wp\/v2\/pages\/393","targetHints":{"allow":["GET"]}}],"collection":[{"href":"http:\/\/www.candlestick-fibonacci.de\/index.php?rest_route=\/wp\/v2\/pages"}],"about":[{"href":"http:\/\/www.candlestick-fibonacci.de\/index.php?rest_route=\/wp\/v2\/types\/page"}],"author":[{"embeddable":true,"href":"http:\/\/www.candlestick-fibonacci.de\/index.php?rest_route=\/wp\/v2\/users\/1"}],"replies":[{"embeddable":true,"href":"http:\/\/www.candlestick-fibonacci.de\/index.php?rest_route=%2Fwp%2Fv2%2Fcomments&post=393"}],"version-history":[{"count":15,"href":"http:\/\/www.candlestick-fibonacci.de\/index.php?rest_route=\/wp\/v2\/pages\/393\/revisions"}],"predecessor-version":[{"id":550,"href":"http:\/\/www.candlestick-fibonacci.de\/index.php?rest_route=\/wp\/v2\/pages\/393\/revisions\/550"}],"up":[{"embeddable":true,"href":"http:\/\/www.candlestick-fibonacci.de\/index.php?rest_route=\/wp\/v2\/pages\/49"}],"wp:attachment":[{"href":"http:\/\/www.candlestick-fibonacci.de\/index.php?rest_route=%2Fwp%2Fv2%2Fmedia&parent=393"}],"curies":[{"name":"wp","href":"https:\/\/api.w.org\/{rel}","templated":true}]}}