{"id":401,"date":"2010-09-06T18:41:14","date_gmt":"2010-09-06T16:41:14","guid":{"rendered":"http:\/\/www.forex-pc.de\/wordpress\/wordpress\/?page_id=401"},"modified":"2010-09-15T12:56:09","modified_gmt":"2010-09-15T10:56:09","slug":"matching-low","status":"publish","type":"page","link":"http:\/\/www.candlestick-fibonacci.de\/?page_id=401","title":{"rendered":"Matching Low"},"content":{"rendered":"<hr>\n<div style=\"overflow: hidden;\">\n<div id=\"attachment_585\" style=\"width: 106px\" class=\"wp-caption alignnone\"><img loading=\"lazy\" decoding=\"async\" aria-describedby=\"caption-attachment-585\" src=\"http:\/\/www.forex-pc.de\/wordpress\/wordpress\/wp-content\/uploads\/2010\/09\/matching-low1.jpg\" alt=\"\" title=\"Matching Low\" width=\"96\" height=\"106\" class=\"size-full wp-image-585\" \/><p id=\"caption-attachment-585\" class=\"wp-caption-text\">Matching Low<\/p><\/div><\/p>\n<p style=\"text-align:justify; padding:0; margin: -135px 0 0 108px; position: relative; float: left; display: inline;\">\nMatching Low ist eine Umkehrformation aus zwei Kerzen und gilt als bullishe Variante. Matching High gilt als bearisher Counterpart.<br \/>\nBei der Matching Low Formation bildet die erste Kerze einen lange schwarzen K\u00f6rper. Die zweite Kerze ist charakterisiert durch einen kleinen Kerzenk\u00f6rper und einen identischen Schlusskurs wie die vorherige Kerze. Dies indiziert, dass m\u00f6glicherweise eine bedeutende Widerstandslinie etabliert wird. Als Best\u00e4tigung dieser Formation sollte in der Folgeperiode ein h\u00f6herer Schlusskurs erreicht werden.\n<\/p>\n<\/div>\n<hr>\n","protected":false},"excerpt":{"rendered":"<p>Matching Low ist eine Umkehrformation aus zwei Kerzen und gilt als bullishe Variante. Matching High gilt als bearisher Counterpart. Bei der Matching Low Formation bildet die erste Kerze einen lange schwarzen K\u00f6rper. Die zweite Kerze ist charakterisiert durch einen kleinen Kerzenk\u00f6rper und einen identischen Schlusskurs wie die vorherige Kerze. Dies indiziert, dass m\u00f6glicherweise eine bedeutende [&hellip;]<\/p>\n","protected":false},"author":1,"featured_media":0,"parent":49,"menu_order":8,"comment_status":"closed","ping_status":"closed","template":"","meta":{"footnotes":""},"class_list":["post-401","page","type-page","status-publish","hentry"],"_links":{"self":[{"href":"http:\/\/www.candlestick-fibonacci.de\/index.php?rest_route=\/wp\/v2\/pages\/401","targetHints":{"allow":["GET"]}}],"collection":[{"href":"http:\/\/www.candlestick-fibonacci.de\/index.php?rest_route=\/wp\/v2\/pages"}],"about":[{"href":"http:\/\/www.candlestick-fibonacci.de\/index.php?rest_route=\/wp\/v2\/types\/page"}],"author":[{"embeddable":true,"href":"http:\/\/www.candlestick-fibonacci.de\/index.php?rest_route=\/wp\/v2\/users\/1"}],"replies":[{"embeddable":true,"href":"http:\/\/www.candlestick-fibonacci.de\/index.php?rest_route=%2Fwp%2Fv2%2Fcomments&post=401"}],"version-history":[{"count":6,"href":"http:\/\/www.candlestick-fibonacci.de\/index.php?rest_route=\/wp\/v2\/pages\/401\/revisions"}],"predecessor-version":[{"id":887,"href":"http:\/\/www.candlestick-fibonacci.de\/index.php?rest_route=\/wp\/v2\/pages\/401\/revisions\/887"}],"up":[{"embeddable":true,"href":"http:\/\/www.candlestick-fibonacci.de\/index.php?rest_route=\/wp\/v2\/pages\/49"}],"wp:attachment":[{"href":"http:\/\/www.candlestick-fibonacci.de\/index.php?rest_route=%2Fwp%2Fv2%2Fmedia&parent=401"}],"curies":[{"name":"wp","href":"https:\/\/api.w.org\/{rel}","templated":true}]}}