{"id":405,"date":"2010-09-06T18:42:57","date_gmt":"2010-09-06T16:42:57","guid":{"rendered":"http:\/\/www.forex-pc.de\/wordpress\/wordpress\/?page_id=405"},"modified":"2010-09-15T13:14:33","modified_gmt":"2010-09-15T11:14:33","slug":"concealing-baby-swallow","status":"publish","type":"page","link":"http:\/\/www.candlestick-fibonacci.de\/?page_id=405","title":{"rendered":"Concealing Baby Swallow"},"content":{"rendered":"<hr>\n<div style=\"overflow: hidden;\">\n<div id=\"attachment_888\" style=\"width: 107px\" class=\"wp-caption alignnone\"><img loading=\"lazy\" decoding=\"async\" aria-describedby=\"caption-attachment-888\" src=\"http:\/\/www.forex-pc.de\/wordpress\/wordpress\/wp-content\/uploads\/2010\/09\/concealingbabyswallow2.jpg\" alt=\"\" title=\"Concealing Swallow Baby\" width=\"97\" height=\"116\" class=\"size-full wp-image-888\" \/><p id=\"caption-attachment-888\" class=\"wp-caption-text\">Concealing Swallow Baby<\/p><\/div><\/p>\n<p style=\"text-align:justify; padding:0; margin: -145px 0 0 108px; position: relative; float: left; display: inline;\">\nConcealing Swallow Baby gilt als bullishe Umkehrformation. Die ersten beiden Kerzen charakterisieren den starken bearishen Impuls. Die dritte Kerze er\u00f6ffnet mit einem Gap nach unten und bildet im Verlauf der Periode einen kleinen Kerzenk\u00f6rper mit langen oberen Schatten. Dies k\u00f6nnte eine beginnende Trendschw\u00e4che indizieren. Die vierte Kerze er\u00f6ffnet mit einem starken Gap nach oben, umschlie\u00dft die dritte Kerze aber im Zeitverlauf und schlie\u00dft letztlich bei \u00e4hnlichen Tiefstkurs. Dies erm\u00f6glicht den Shortern ihre Position zu sichern. Aufgrund der geschlossenen Short Positionen ist es wahrscheinlich, dass der Kurs im Verlauf steigt.\n<\/p>\n<\/div>\n<hr>\n","protected":false},"excerpt":{"rendered":"<p>Concealing Swallow Baby gilt als bullishe Umkehrformation. Die ersten beiden Kerzen charakterisieren den starken bearishen Impuls. Die dritte Kerze er\u00f6ffnet mit einem Gap nach unten und bildet im Verlauf der Periode einen kleinen Kerzenk\u00f6rper mit langen oberen Schatten. Dies k\u00f6nnte eine beginnende Trendschw\u00e4che indizieren. Die vierte Kerze er\u00f6ffnet mit einem starken Gap nach oben, umschlie\u00dft [&hellip;]<\/p>\n","protected":false},"author":1,"featured_media":0,"parent":49,"menu_order":10,"comment_status":"closed","ping_status":"closed","template":"","meta":{"footnotes":""},"class_list":["post-405","page","type-page","status-publish","hentry"],"_links":{"self":[{"href":"http:\/\/www.candlestick-fibonacci.de\/index.php?rest_route=\/wp\/v2\/pages\/405","targetHints":{"allow":["GET"]}}],"collection":[{"href":"http:\/\/www.candlestick-fibonacci.de\/index.php?rest_route=\/wp\/v2\/pages"}],"about":[{"href":"http:\/\/www.candlestick-fibonacci.de\/index.php?rest_route=\/wp\/v2\/types\/page"}],"author":[{"embeddable":true,"href":"http:\/\/www.candlestick-fibonacci.de\/index.php?rest_route=\/wp\/v2\/users\/1"}],"replies":[{"embeddable":true,"href":"http:\/\/www.candlestick-fibonacci.de\/index.php?rest_route=%2Fwp%2Fv2%2Fcomments&post=405"}],"version-history":[{"count":6,"href":"http:\/\/www.candlestick-fibonacci.de\/index.php?rest_route=\/wp\/v2\/pages\/405\/revisions"}],"predecessor-version":[{"id":892,"href":"http:\/\/www.candlestick-fibonacci.de\/index.php?rest_route=\/wp\/v2\/pages\/405\/revisions\/892"}],"up":[{"embeddable":true,"href":"http:\/\/www.candlestick-fibonacci.de\/index.php?rest_route=\/wp\/v2\/pages\/49"}],"wp:attachment":[{"href":"http:\/\/www.candlestick-fibonacci.de\/index.php?rest_route=%2Fwp%2Fv2%2Fmedia&parent=405"}],"curies":[{"name":"wp","href":"https:\/\/api.w.org\/{rel}","templated":true}]}}