{"id":409,"date":"2010-09-06T18:44:15","date_gmt":"2010-09-06T16:44:15","guid":{"rendered":"http:\/\/www.forex-pc.de\/wordpress\/wordpress\/?page_id=409"},"modified":"2010-09-15T13:25:14","modified_gmt":"2010-09-15T11:25:14","slug":"advanced-block","status":"publish","type":"page","link":"http:\/\/www.candlestick-fibonacci.de\/?page_id=409","title":{"rendered":"Advanced Block"},"content":{"rendered":"<hr>\n<div style=\"overflow: hidden;\">\n<div id=\"attachment_882\" style=\"width: 97px\" class=\"wp-caption alignnone\"><img loading=\"lazy\" decoding=\"async\" aria-describedby=\"caption-attachment-882\" src=\"http:\/\/www.forex-pc.de\/wordpress\/wordpress\/wp-content\/uploads\/2010\/09\/advanced-block2.jpg\" alt=\"\" title=\"Advanced Block\" width=\"87\" height=\"138\" class=\"size-full wp-image-882\" \/><p id=\"caption-attachment-882\" class=\"wp-caption-text\">Advanced Block<\/p><\/div><\/p>\n<p style=\"text-align:justify; padding:0; margin: -155px 0 0 108px; position: relative; float: left; display: inline;\">\nAdvanced Block stellt eine dreikerzige Umkehrformation dar, die bearish zu interpretieren ist.<br \/>\nDie erste Kerze charakterisiert die bullishe Marktbewegung. Die zweite und dritte Kerze  zeigen eine beginnende Schw\u00e4che im vorherrschenden Trend. Dies ist ein erstes Anzeichen f\u00fcr Bullen ihre Long Positionen zu sichern.<br \/>\nDabei muss der Trend nicht absolut drehen. Auch eine Verlangsamung des bisherigen Trends ist wahrscheinlich.\n<\/p>\n<\/div>\n<hr>\n<div id=\"attachment_894\" style=\"width: 650px\" class=\"wp-caption alignnone\"><img loading=\"lazy\" decoding=\"async\" aria-describedby=\"caption-attachment-894\" src=\"http:\/\/www.forex-pc.de\/wordpress\/wordpress\/wp-content\/uploads\/2010\/09\/deliberationuadva.jpg\" alt=\"\" title=\"Advanced Block\" width=\"640\" height=\"480\" class=\"size-full wp-image-894\" srcset=\"http:\/\/www.candlestick-fibonacci.de\/wp-content\/uploads\/2010\/09\/deliberationuadva.jpg 640w, http:\/\/www.candlestick-fibonacci.de\/wp-content\/uploads\/2010\/09\/deliberationuadva-300x225.jpg 300w\" sizes=\"auto, (max-width: 640px) 100vw, 640px\" \/><p id=\"caption-attachment-894\" class=\"wp-caption-text\">Advanced Block<\/p><\/div>\n<p style=\"text-align:justify\";>\nNach vorheriger bullisher Marktbewegung formieren sich zwei kleine Kerzen mit langen Schatten (2,3). Diese k\u00f6nnten eine zunehmende Schw\u00e4che im bullishen Momentum indizieren. Immer kleiner werdende Kerzenk\u00f6rper mit langen oberen Schatten k\u00f6nnten einen zunehmenden Verkaufsdruck signalisieren. Diese bearishe Umkehrformation wurde in der Folgeperiode durch eine starke bearishe Kerze best\u00e4tigt.<\/p>\n<hr>\n","protected":false},"excerpt":{"rendered":"<p>Advanced Block stellt eine dreikerzige Umkehrformation dar, die bearish zu interpretieren ist. Die erste Kerze charakterisiert die bullishe Marktbewegung. Die zweite und dritte Kerze zeigen eine beginnende Schw\u00e4che im vorherrschenden Trend. Dies ist ein erstes Anzeichen f\u00fcr Bullen ihre Long Positionen zu sichern. Dabei muss der Trend nicht absolut drehen. Auch eine Verlangsamung des bisherigen [&hellip;]<\/p>\n","protected":false},"author":1,"featured_media":0,"parent":49,"menu_order":11,"comment_status":"closed","ping_status":"closed","template":"","meta":{"footnotes":""},"class_list":["post-409","page","type-page","status-publish","hentry"],"_links":{"self":[{"href":"http:\/\/www.candlestick-fibonacci.de\/index.php?rest_route=\/wp\/v2\/pages\/409","targetHints":{"allow":["GET"]}}],"collection":[{"href":"http:\/\/www.candlestick-fibonacci.de\/index.php?rest_route=\/wp\/v2\/pages"}],"about":[{"href":"http:\/\/www.candlestick-fibonacci.de\/index.php?rest_route=\/wp\/v2\/types\/page"}],"author":[{"embeddable":true,"href":"http:\/\/www.candlestick-fibonacci.de\/index.php?rest_route=\/wp\/v2\/users\/1"}],"replies":[{"embeddable":true,"href":"http:\/\/www.candlestick-fibonacci.de\/index.php?rest_route=%2Fwp%2Fv2%2Fcomments&post=409"}],"version-history":[{"count":6,"href":"http:\/\/www.candlestick-fibonacci.de\/index.php?rest_route=\/wp\/v2\/pages\/409\/revisions"}],"predecessor-version":[{"id":895,"href":"http:\/\/www.candlestick-fibonacci.de\/index.php?rest_route=\/wp\/v2\/pages\/409\/revisions\/895"}],"up":[{"embeddable":true,"href":"http:\/\/www.candlestick-fibonacci.de\/index.php?rest_route=\/wp\/v2\/pages\/49"}],"wp:attachment":[{"href":"http:\/\/www.candlestick-fibonacci.de\/index.php?rest_route=%2Fwp%2Fv2%2Fmedia&parent=409"}],"curies":[{"name":"wp","href":"https:\/\/api.w.org\/{rel}","templated":true}]}}