{"id":415,"date":"2010-09-06T18:46:20","date_gmt":"2010-09-06T16:46:20","guid":{"rendered":"http:\/\/www.forex-pc.de\/wordpress\/wordpress\/?page_id=415"},"modified":"2010-09-13T16:04:49","modified_gmt":"2010-09-13T14:04:49","slug":"kicking","status":"publish","type":"page","link":"http:\/\/www.candlestick-fibonacci.de\/?page_id=415","title":{"rendered":"Kicking"},"content":{"rendered":"<hr>\n<p style=\"text-align:justify;\">Kicking Formationen bestehen aus zwei Marubozu Kerzen und stellen seltene aber sehr starke Umkehrformationen dar. Dabei k\u00f6nnen sie Bullish oder Bearish interpretiert werden. Charakteristisch f\u00fcr diese Formation ist ein Gap zwischen den beiden Kerzen. Nach vorherrschender Marktbewegung signalisiert ein Er\u00f6ffnungsgap der zweiten Kerze die m\u00f6gliche Trendwende.\u00b4<\/p>\n<table width=\"50%\">\n<tr>\n<td width=\"25%\">\n<div id=\"attachment_725\" style=\"width: 81px\" class=\"wp-caption alignnone\"><img loading=\"lazy\" decoding=\"async\" aria-describedby=\"caption-attachment-725\" src=\"http:\/\/www.forex-pc.de\/wordpress\/wordpress\/wp-content\/uploads\/2010\/09\/kicking_bullish1.jpg\" alt=\"\" title=\"Kicking (Bullish)\" width=\"71\" height=\"138\" class=\"size-full wp-image-725\" \/><p id=\"caption-attachment-725\" class=\"wp-caption-text\">Kicking (Bullish)<\/p><\/div><\/p>\n<\/td>\n<td width=\"25%\">\n<div id=\"attachment_728\" style=\"width: 81px\" class=\"wp-caption alignnone\"><img loading=\"lazy\" decoding=\"async\" aria-describedby=\"caption-attachment-728\" src=\"http:\/\/www.forex-pc.de\/wordpress\/wordpress\/wp-content\/uploads\/2010\/09\/Kicking_bearish1.jpg\" alt=\"\" title=\"Kicking (Bearish)\" width=\"71\" height=\"138\" class=\"size-full wp-image-728\" \/><p id=\"caption-attachment-728\" class=\"wp-caption-text\">Kicking (Bearish)<\/p><\/div>\n<\/td>\n<\/tr>\n<\/table>\n<hr>\n","protected":false},"excerpt":{"rendered":"<p>Kicking Formationen bestehen aus zwei Marubozu Kerzen und stellen seltene aber sehr starke Umkehrformationen dar. Dabei k\u00f6nnen sie Bullish oder Bearish interpretiert werden. Charakteristisch f\u00fcr diese Formation ist ein Gap zwischen den beiden Kerzen. Nach vorherrschender Marktbewegung signalisiert ein Er\u00f6ffnungsgap der zweiten Kerze die m\u00f6gliche Trendwende.\u00b4<\/p>\n","protected":false},"author":1,"featured_media":0,"parent":49,"menu_order":13,"comment_status":"closed","ping_status":"closed","template":"","meta":{"footnotes":""},"class_list":["post-415","page","type-page","status-publish","hentry"],"_links":{"self":[{"href":"http:\/\/www.candlestick-fibonacci.de\/index.php?rest_route=\/wp\/v2\/pages\/415","targetHints":{"allow":["GET"]}}],"collection":[{"href":"http:\/\/www.candlestick-fibonacci.de\/index.php?rest_route=\/wp\/v2\/pages"}],"about":[{"href":"http:\/\/www.candlestick-fibonacci.de\/index.php?rest_route=\/wp\/v2\/types\/page"}],"author":[{"embeddable":true,"href":"http:\/\/www.candlestick-fibonacci.de\/index.php?rest_route=\/wp\/v2\/users\/1"}],"replies":[{"embeddable":true,"href":"http:\/\/www.candlestick-fibonacci.de\/index.php?rest_route=%2Fwp%2Fv2%2Fcomments&post=415"}],"version-history":[{"count":4,"href":"http:\/\/www.candlestick-fibonacci.de\/index.php?rest_route=\/wp\/v2\/pages\/415\/revisions"}],"predecessor-version":[{"id":832,"href":"http:\/\/www.candlestick-fibonacci.de\/index.php?rest_route=\/wp\/v2\/pages\/415\/revisions\/832"}],"up":[{"embeddable":true,"href":"http:\/\/www.candlestick-fibonacci.de\/index.php?rest_route=\/wp\/v2\/pages\/49"}],"wp:attachment":[{"href":"http:\/\/www.candlestick-fibonacci.de\/index.php?rest_route=%2Fwp%2Fv2%2Fmedia&parent=415"}],"curies":[{"name":"wp","href":"https:\/\/api.w.org\/{rel}","templated":true}]}}