{"id":419,"date":"2010-09-06T18:48:11","date_gmt":"2010-09-06T16:48:11","guid":{"rendered":"http:\/\/www.forex-pc.de\/wordpress\/wordpress\/?page_id=419"},"modified":"2010-09-09T15:52:07","modified_gmt":"2010-09-09T13:52:07","slug":"ladder-bottom-ladder-top","status":"publish","type":"page","link":"http:\/\/www.candlestick-fibonacci.de\/?page_id=419","title":{"rendered":"Ladder Bottom und Ladder Top"},"content":{"rendered":"<hr \/>\n<div style=\"overflow: hidden;\">\n<div id=\"attachment_740\" style=\"width: 113px\" class=\"wp-caption alignnone\"><img loading=\"lazy\" decoding=\"async\" aria-describedby=\"caption-attachment-740\" class=\"size-full wp-image-740\" title=\"Ladder Bottom\" src=\"http:\/\/www.forex-pc.de\/wordpress\/wordpress\/wp-content\/uploads\/2010\/09\/ladder-bottom1.jpg\" alt=\"\" width=\"103\" height=\"132\" \/><p id=\"caption-attachment-740\" class=\"wp-caption-text\">Ladder Bottom<\/p><\/div>\n<p style=\"text-align: justify; padding: 0; margin: -140px 0 0 140px; position: relative; float: left; display: inline;\">Die Ladder Bottom Formation besteht aus f\u00fcnf Kerzen und gilt als bullishe Bodenumkehrformation. Die ersten drei Kerzen charakterisieren die vorherige bearishe Marktbewegung und k\u00f6nnen als <a title=\"Three Black Crows\" href=\"http:\/\/www.forex-pc.de\/wordpress\/wordpress\/?page_id=393#Three Black Crows\" target=\"_blank\">Three Black Crows<\/a> formiert sein. Die vierte Kerze bildet einen kleinen K\u00f6rper mit langen oberen Schatten. Die f\u00fcnfte Kerze sollte mit einem Gap \u00fcber dem vorherigen Schlusskurs er\u00f6ffnen und einen langen bullishen Kerzenk\u00f6rper entwickeln.<br \/>\nDie Ladder Bottom Formation \u00e4hnelt zun\u00e4chst der <a title=\"Concealing Baby Swallow\" href=\"http:\/\/www.forex-pc.de\/wordpress\/wordpress\/?page_id=405\" target=\"_blank\">Concealing Baby Swallow<\/a> Formation und entwickelt in der Folgeperiode eine starke bullishe Kerze.<\/p>\n<\/div>\n<hr \/>\n<div style=\"overflow: hidden;\">\n<div id=\"attachment_739\" style=\"width: 113px\" class=\"wp-caption alignnone\"><img loading=\"lazy\" decoding=\"async\" aria-describedby=\"caption-attachment-739\" class=\"size-full wp-image-739\" title=\"Ladder Top\" src=\"http:\/\/www.forex-pc.de\/wordpress\/wordpress\/wp-content\/uploads\/2010\/09\/ladder-top.jpg\" alt=\"\" width=\"103\" height=\"132\" \/><p id=\"caption-attachment-739\" class=\"wp-caption-text\">Ladder Top<\/p><\/div>\n<p style=\"text-align: justify; padding: 0; margin: -130px 0 0 140px; position: relative; float: left; display: inline;\">Das Ladder Top kennzeichnet zun\u00e4chst eine <a title=\"Three White Soldiers\" href=\"http:\/\/www.forex-pc.de\/wordpress\/wordpress\/?page_id=393\" target=\"_blank\">Three White Soldiers<\/a> Formation. In der vierten Periode er\u00f6ffnet der Kurs \u00fcber dem Schlusskurs der Vorperiode, schlie\u00dft mit kleinem Kerzenk\u00f6rper und langen Schatten. Die f\u00fcnfte Kerze er\u00f6ffnet zun\u00e4chst mit einem Gap unterhalb des vorherigen Schlusskurses und formiert im Verlauf eine lange bullishe Kerze.<\/p>\n<\/div>\n<hr \/>\n","protected":false},"excerpt":{"rendered":"<p>Die Ladder Bottom Formation besteht aus f\u00fcnf Kerzen und gilt als bullishe Bodenumkehrformation. Die ersten drei Kerzen charakterisieren die vorherige bearishe Marktbewegung und k\u00f6nnen als Three Black Crows formiert sein. Die vierte Kerze bildet einen kleinen K\u00f6rper mit langen oberen Schatten. Die f\u00fcnfte Kerze sollte mit einem Gap \u00fcber dem vorherigen Schlusskurs er\u00f6ffnen und einen [&hellip;]<\/p>\n","protected":false},"author":1,"featured_media":0,"parent":49,"menu_order":15,"comment_status":"closed","ping_status":"closed","template":"","meta":{"footnotes":""},"class_list":["post-419","page","type-page","status-publish","hentry"],"_links":{"self":[{"href":"http:\/\/www.candlestick-fibonacci.de\/index.php?rest_route=\/wp\/v2\/pages\/419","targetHints":{"allow":["GET"]}}],"collection":[{"href":"http:\/\/www.candlestick-fibonacci.de\/index.php?rest_route=\/wp\/v2\/pages"}],"about":[{"href":"http:\/\/www.candlestick-fibonacci.de\/index.php?rest_route=\/wp\/v2\/types\/page"}],"author":[{"embeddable":true,"href":"http:\/\/www.candlestick-fibonacci.de\/index.php?rest_route=\/wp\/v2\/users\/1"}],"replies":[{"embeddable":true,"href":"http:\/\/www.candlestick-fibonacci.de\/index.php?rest_route=%2Fwp%2Fv2%2Fcomments&post=419"}],"version-history":[{"count":7,"href":"http:\/\/www.candlestick-fibonacci.de\/index.php?rest_route=\/wp\/v2\/pages\/419\/revisions"}],"predecessor-version":[{"id":748,"href":"http:\/\/www.candlestick-fibonacci.de\/index.php?rest_route=\/wp\/v2\/pages\/419\/revisions\/748"}],"up":[{"embeddable":true,"href":"http:\/\/www.candlestick-fibonacci.de\/index.php?rest_route=\/wp\/v2\/pages\/49"}],"wp:attachment":[{"href":"http:\/\/www.candlestick-fibonacci.de\/index.php?rest_route=%2Fwp%2Fv2%2Fmedia&parent=419"}],"curies":[{"name":"wp","href":"https:\/\/api.w.org\/{rel}","templated":true}]}}