{"id":421,"date":"2010-09-06T18:48:46","date_gmt":"2010-09-06T16:48:46","guid":{"rendered":"http:\/\/www.forex-pc.de\/wordpress\/wordpress\/?page_id=421"},"modified":"2010-09-15T14:02:39","modified_gmt":"2010-09-15T12:02:39","slug":"breakaway","status":"publish","type":"page","link":"http:\/\/www.candlestick-fibonacci.de\/?page_id=421","title":{"rendered":"Breakaway"},"content":{"rendered":"<hr \/>\n<div style=\"overflow: hidden;\">\n<div id=\"attachment_900\" style=\"width: 100px\" class=\"wp-caption alignnone\"><img loading=\"lazy\" decoding=\"async\" aria-describedby=\"caption-attachment-900\" class=\"size-full wp-image-900\" title=\"Breakaway (Bullish)\" src=\"http:\/\/www.forex-pc.de\/wordpress\/wordpress\/wp-content\/uploads\/2010\/09\/breakaway2.jpg\" alt=\"\" width=\"90\" height=\"122\" \/><p id=\"caption-attachment-900\" class=\"wp-caption-text\">Breakaway (Bullish)<\/p><\/div>\n<p style=\"text-align: justify; padding: 0; margin: -155px 0 0 108px; position: relative; float: left; display: inline;\">Die Beakaway Formation stellt eine seltene Umkehrformation aus f\u00fcnf Kerzen dar, die bullish oder bearish interpretiert werden kann.<br \/>\nDie erste Kerze stellt eine lange schwarze Kerze dar, die den bestehenden Trend charakterisiert. Die folgenden drei Kerzen schlie\u00dfen jeweils mit niedrigerem Schlusskurs und formieren kleine Kerzenk\u00f6rper. Diese k\u00f6nnen von der ersten Kerze mit einem Gap auseinanderrei\u00dfen. Bis hierhin \u00e4hnelt die Formation der <a title=\"Three Stars in the South\" href=\"http:\/\/www.forex-pc.de\/wordpress\/wordpress\/?page_id=395\" target=\"_blank\">Three Stars in the South<\/a> Formation. Die f\u00fcnfte Kerze stellt eine starke bullishe Kerze dar, die mindestens innerhalb des ersten oder zweiten Kerzenk\u00f6rpers schlie\u00dft und somit die Trendwende signalisiert.<\/p>\n<\/div>\n<hr \/>\n<div style=\"overflow: hidden;\">\n<div id=\"attachment_901\" style=\"width: 100px\" class=\"wp-caption alignnone\"><img loading=\"lazy\" decoding=\"async\" aria-describedby=\"caption-attachment-901\" class=\"size-full wp-image-901\" title=\"Breakaway (Bearish)\" src=\"http:\/\/www.forex-pc.de\/wordpress\/wordpress\/wp-content\/uploads\/2010\/09\/breakaway-1.jpg\" alt=\"\" width=\"90\" height=\"122\" \/><p id=\"caption-attachment-901\" class=\"wp-caption-text\">Breakaway (Bearish)<\/p><\/div>\n<p style=\"text-align: justify; padding: 0; margin: -150px 0 0 108px; position: relative; float: left; display: inline;\">Das Breakaway (Bearish) ist durch eine zun\u00e4chst starke bullishe Kerze in Richtung des vorherigen Trends charakterisiert. Die folgenden Kerzen implizieren, dass das bullishe Momentum sich abgeschw\u00e4cht hat. Dabei sollte auf Best\u00e4tigung in Form einer langen bearishen Kerze gewartet werden. Diese erfolgt bei dem bearishen Breakaway. Die f\u00fcnfte Kerze sollte innerhalb des ersten oder zweiten Kerzenk\u00f6rpers schlie\u00dfen um ein relevantes Trendwendesignal zu erzeugen.<\/p>\n<hr \/>\n<\/div>\n","protected":false},"excerpt":{"rendered":"<p>Die Beakaway Formation stellt eine seltene Umkehrformation aus f\u00fcnf Kerzen dar, die bullish oder bearish interpretiert werden kann. Die erste Kerze stellt eine lange schwarze Kerze dar, die den bestehenden Trend charakterisiert. Die folgenden drei Kerzen schlie\u00dfen jeweils mit niedrigerem Schlusskurs und formieren kleine Kerzenk\u00f6rper. Diese k\u00f6nnen von der ersten Kerze mit einem Gap auseinanderrei\u00dfen. [&hellip;]<\/p>\n","protected":false},"author":1,"featured_media":0,"parent":49,"menu_order":16,"comment_status":"closed","ping_status":"closed","template":"","meta":{"footnotes":""},"class_list":["post-421","page","type-page","status-publish","hentry"],"_links":{"self":[{"href":"http:\/\/www.candlestick-fibonacci.de\/index.php?rest_route=\/wp\/v2\/pages\/421","targetHints":{"allow":["GET"]}}],"collection":[{"href":"http:\/\/www.candlestick-fibonacci.de\/index.php?rest_route=\/wp\/v2\/pages"}],"about":[{"href":"http:\/\/www.candlestick-fibonacci.de\/index.php?rest_route=\/wp\/v2\/types\/page"}],"author":[{"embeddable":true,"href":"http:\/\/www.candlestick-fibonacci.de\/index.php?rest_route=\/wp\/v2\/users\/1"}],"replies":[{"embeddable":true,"href":"http:\/\/www.candlestick-fibonacci.de\/index.php?rest_route=%2Fwp%2Fv2%2Fcomments&post=421"}],"version-history":[{"count":5,"href":"http:\/\/www.candlestick-fibonacci.de\/index.php?rest_route=\/wp\/v2\/pages\/421\/revisions"}],"predecessor-version":[{"id":905,"href":"http:\/\/www.candlestick-fibonacci.de\/index.php?rest_route=\/wp\/v2\/pages\/421\/revisions\/905"}],"up":[{"embeddable":true,"href":"http:\/\/www.candlestick-fibonacci.de\/index.php?rest_route=\/wp\/v2\/pages\/49"}],"wp:attachment":[{"href":"http:\/\/www.candlestick-fibonacci.de\/index.php?rest_route=%2Fwp%2Fv2%2Fmedia&parent=421"}],"curies":[{"name":"wp","href":"https:\/\/api.w.org\/{rel}","templated":true}]}}