{"id":612,"date":"2010-09-08T14:12:25","date_gmt":"2010-09-08T12:12:25","guid":{"rendered":"http:\/\/www.forex-pc.de\/wordpress\/wordpress\/?page_id=612"},"modified":"2010-09-08T15:40:48","modified_gmt":"2010-09-08T13:40:48","slug":"thrusting-und-neck-formationen","status":"publish","type":"page","link":"http:\/\/www.candlestick-fibonacci.de\/?page_id=612","title":{"rendered":"Thrusting und Neck-Formationen"},"content":{"rendered":"<hr \/>\n<div id=\"attachment_630\" style=\"width: 98px\" class=\"wp-caption alignnone\"><img loading=\"lazy\" decoding=\"async\" aria-describedby=\"caption-attachment-630\" class=\"size-full wp-image-630\" title=\"Thrusting\" src=\"http:\/\/www.forex-pc.de\/wordpress\/wordpress\/wp-content\/uploads\/2010\/09\/thrusting.jpg\" alt=\"\" width=\"88\" height=\"122\" \/><p id=\"caption-attachment-630\" class=\"wp-caption-text\">Thrusting<\/p><\/div>\n<p style=\"text-align: justify; padding: 0; margin: -160px 0 0 110px; position: relative; float: left; display: inline;\">Bei der Piercing Line Umkehrformation hatten wir konstatiert, dass die zweite Kerze mindestens die H\u00e4lfte der ersten Kerze durchdringen muss. Ist diese Pr\u00e4misse nicht erf\u00fcllt, gibt es eine Reihe von Abwandlungen der Piercing Line als bullishe Umkehrformation, die eine Fortsetzung des bestehenden Trends indizieren.<br \/>\nBei einer Thrusting Kerzenformation kann die zweite Kerze nicht mehr als 50% des ersten Kerzenk\u00f6rpers durchdringen. Es entwickelt sich keine Piercing Line Formation. Die Thrusting Formation ist ein eher schwaches Fortsetzungssignal.<\/p>\n<hr \/>\n<div style=\"overflow: hidden;\">\n<div id=\"attachment_628\" style=\"width: 99px\" class=\"wp-caption alignnone\"><img loading=\"lazy\" decoding=\"async\" aria-describedby=\"caption-attachment-628\" class=\"size-full wp-image-628\" title=\"In-Neck\" src=\"http:\/\/www.forex-pc.de\/wordpress\/wordpress\/wp-content\/uploads\/2010\/09\/in-neck.jpg\" alt=\"\" width=\"89\" height=\"134\" \/><p id=\"caption-attachment-628\" class=\"wp-caption-text\">In-Neck<\/p><\/div>\n<p style=\"text-align: justify; padding: 0; margin: -135px 0 0 115px; position: relative; float: left; display: inline;\">Die In-Neck Kerzenformation beschreibt mit der ersten Kerze den vorliegenden Trend. Die zweite Kerze schlie\u00dft mit dem Schlusskurs der ersten Kerze. Trotz der gro\u00dfen Aufw\u00e4rtsbewegung der zweiten Kerze und das Erreichen des Schlusskurses der ersten Kerze ist es wahrscheinlich, dass sich der Abw\u00e4rtstrend fortsetzt.<br \/>\n<strong>Beachte Unterschied zu <a href=\"http:\/\/www.forex-pc.de\/wordpress\/wordpress\/?page_id=611\" target=\"_blank\">Separating Lines!<\/a><\/strong><\/p>\n<\/div>\n<hr \/>\n<div id=\"attachment_629\" style=\"width: 99px\" class=\"wp-caption alignnone\"><img loading=\"lazy\" decoding=\"async\" aria-describedby=\"caption-attachment-629\" class=\"size-full wp-image-629\" title=\"On-Neck\" src=\"http:\/\/www.forex-pc.de\/wordpress\/wordpress\/wp-content\/uploads\/2010\/09\/on-neck.jpg\" alt=\"\" width=\"89\" height=\"134\" \/><p id=\"caption-attachment-629\" class=\"wp-caption-text\">On-Neck<\/p><\/div>\n<p style=\"text-align: justify; padding: 0; margin: -135px 0 0 115px; position: relative; float: left; display: inline;\">Die On-Neck Formation beschreibt zun\u00e4chst eine lange schwarze Kerze, die den vorherrschenden Trend charakterisiert. Die zweite Kerze er\u00f6ffnet mit einem Gap und best\u00e4tigt zun\u00e4chst den Abw\u00e4rtstrend. Der Schlusskurs der zweiten Kerze erreicht den Tiefstkurs der ersten Kerze. Es ist sehr wahrscheinlich, dass der aktuelle Trend fortgesetzt wird.<\/p>\n<hr \/>\n<div id=\"attachment_632\" style=\"width: 650px\" class=\"wp-caption alignnone\"><img loading=\"lazy\" decoding=\"async\" aria-describedby=\"caption-attachment-632\" class=\"size-full wp-image-632\" title=\"Thrusting, In-Neck und On-Neck im Chart\" src=\"http:\/\/www.forex-pc.de\/wordpress\/wordpress\/wp-content\/uploads\/2010\/09\/oninneckthrusting.jpg\" alt=\"\" width=\"640\" height=\"480\" srcset=\"http:\/\/www.candlestick-fibonacci.de\/wp-content\/uploads\/2010\/09\/oninneckthrusting.jpg 640w, http:\/\/www.candlestick-fibonacci.de\/wp-content\/uploads\/2010\/09\/oninneckthrusting-300x225.jpg 300w\" sizes=\"auto, (max-width: 640px) 100vw, 640px\" \/><p id=\"caption-attachment-632\" class=\"wp-caption-text\">Thrusting, In-Neck und On-Neck im Chart<\/p><\/div>\n<p style=\"text-align: justify;\">Die Abbildung zeigt die drei verschiedenen Variationen in einem Chart. Eine ausgepr\u00e4gte On-Neck Kerzenformation charakterisierte mit hoher Wahrscheinlichkeit die Fortsetzung des Abw\u00e4rtstrends. Die darauffolgende In-Neck Formation k\u00f6nnte weiterhin die bearishe Marktbewegung signalisieren.<br \/>\nGerade bei schwachen Fortsetzungsformationen, wie der Thrusting Kerzenformation, sollte eine Best\u00e4tigung in Form einer dritten bearishen Kerze erfolgen.<\/p>\n<hr \/>\n","protected":false},"excerpt":{"rendered":"<p>Bei der Piercing Line Umkehrformation hatten wir konstatiert, dass die zweite Kerze mindestens die H\u00e4lfte der ersten Kerze durchdringen muss. Ist diese Pr\u00e4misse nicht erf\u00fcllt, gibt es eine Reihe von Abwandlungen der Piercing Line als bullishe Umkehrformation, die eine Fortsetzung des bestehenden Trends indizieren. Bei einer Thrusting Kerzenformation kann die zweite Kerze nicht mehr als [&hellip;]<\/p>\n","protected":false},"author":1,"featured_media":0,"parent":595,"menu_order":1,"comment_status":"closed","ping_status":"closed","template":"","meta":{"footnotes":""},"class_list":["post-612","page","type-page","status-publish","hentry"],"_links":{"self":[{"href":"http:\/\/www.candlestick-fibonacci.de\/index.php?rest_route=\/wp\/v2\/pages\/612","targetHints":{"allow":["GET"]}}],"collection":[{"href":"http:\/\/www.candlestick-fibonacci.de\/index.php?rest_route=\/wp\/v2\/pages"}],"about":[{"href":"http:\/\/www.candlestick-fibonacci.de\/index.php?rest_route=\/wp\/v2\/types\/page"}],"author":[{"embeddable":true,"href":"http:\/\/www.candlestick-fibonacci.de\/index.php?rest_route=\/wp\/v2\/users\/1"}],"replies":[{"embeddable":true,"href":"http:\/\/www.candlestick-fibonacci.de\/index.php?rest_route=%2Fwp%2Fv2%2Fcomments&post=612"}],"version-history":[{"count":7,"href":"http:\/\/www.candlestick-fibonacci.de\/index.php?rest_route=\/wp\/v2\/pages\/612\/revisions"}],"predecessor-version":[{"id":631,"href":"http:\/\/www.candlestick-fibonacci.de\/index.php?rest_route=\/wp\/v2\/pages\/612\/revisions\/631"}],"up":[{"embeddable":true,"href":"http:\/\/www.candlestick-fibonacci.de\/index.php?rest_route=\/wp\/v2\/pages\/595"}],"wp:attachment":[{"href":"http:\/\/www.candlestick-fibonacci.de\/index.php?rest_route=%2Fwp%2Fv2%2Fmedia&parent=612"}],"curies":[{"name":"wp","href":"https:\/\/api.w.org\/{rel}","templated":true}]}}