{"id":614,"date":"2010-09-08T14:13:31","date_gmt":"2010-09-08T12:13:31","guid":{"rendered":"http:\/\/www.forex-pc.de\/wordpress\/wordpress\/?page_id=614"},"modified":"2010-10-01T15:15:02","modified_gmt":"2010-10-01T13:15:02","slug":"rising-three-methods-und-falling-three-methods","status":"publish","type":"page","link":"http:\/\/www.candlestick-fibonacci.de\/?page_id=614","title":{"rendered":"Rising Three Methods und Falling Three Methods"},"content":{"rendered":"<hr>\n<div style=\"overflow: hidden;\">\n<div id=\"attachment_655\" style=\"width: 133px\" class=\"wp-caption alignnone\"><img loading=\"lazy\" decoding=\"async\" aria-describedby=\"caption-attachment-655\" src=\"http:\/\/www.forex-pc.de\/wordpress\/wordpress\/wp-content\/uploads\/2010\/09\/RisingThreeMethods.jpg\" alt=\"\" title=\"Rising Three Methods\" width=\"123\" height=\"174\" class=\"size-full wp-image-655\" \/><p id=\"caption-attachment-655\" class=\"wp-caption-text\">Rising Three Methods<\/p><\/div><\/p>\n<p style=\"text-align:justify; padding:0; margin: -170px 0 0 140px; position: relative; float: left; display: inline;\">\nDie Three Methods Formation besteht aus typischerweise f\u00fcnf Kerzen und kann Bullish -Rising Three Methods- oder Bearish -Falling Three Methods- ausgepr\u00e4gt sein.<br \/>\nDie Rising Three Methods ist gekennzeichnet durch eine vorherige bullishe Marktbewegung. Diese wird durch eine starke bullishe Kerze charakterisiert (1).<br \/>\nDie folgenden kleinen bearishen Kerzen (2, 3, 4) formieren sich idealerweise in der H\u00f6chst-Tiefkurs-Spanne der ersten Kerze. Die letzte Kerze (5) sollte eine wei\u00dfe lange Kerze sein, die \u00fcber dem Schlusskurs der ersten Kerze schlie\u00dft.<\/p>\n<\/div>\n<hr>\n<div id=\"attachment_659\" style=\"width: 650px\" class=\"wp-caption alignnone\"><img loading=\"lazy\" decoding=\"async\" aria-describedby=\"caption-attachment-659\" src=\"http:\/\/www.forex-pc.de\/wordpress\/wordpress\/wp-content\/uploads\/2010\/09\/risingthreemethods.jpg\" alt=\"\" title=\"Rising Three Methods\" width=\"640\" height=\"480\" class=\"size-full wp-image-659\" srcset=\"http:\/\/www.candlestick-fibonacci.de\/wp-content\/uploads\/2010\/09\/risingthreemethods.jpg 640w, http:\/\/www.candlestick-fibonacci.de\/wp-content\/uploads\/2010\/09\/risingthreemethods-300x225.jpg 300w\" sizes=\"auto, (max-width: 640px) 100vw, 640px\" \/><p id=\"caption-attachment-659\" class=\"wp-caption-text\">Rising Three Methods<\/p><\/div>\n<p style=\"text-align:justify\">Der Markt f\u00fchrt zun\u00e4chst seine starke bullishe Marktbewegung fort. Dies \u00e4u\u00dfert sich in einer Bullish Marubozu (1). Danach verruht der Markt drei Perioden und formiert kleine Spinning Tops bzw. Dojis. Die f\u00fcnfte Kerze setzt die signifikante bullishe Marktbewegung fort und schlie\u00dft in der N\u00e4he ihres H\u00f6chstkurses.<\/p>\n<hr>\n<div style=\"overflow: hidden;\">\n<div id=\"attachment_664\" style=\"width: 143px\" class=\"wp-caption alignnone\"><img loading=\"lazy\" decoding=\"async\" aria-describedby=\"caption-attachment-664\" src=\"http:\/\/www.forex-pc.de\/wordpress\/wordpress\/wp-content\/uploads\/2010\/09\/FallingThreeMethod1.jpg\" alt=\"\" title=\"Falling Three Method\" width=\"133\" height=\"189\" class=\"size-full wp-image-664\" \/><p id=\"caption-attachment-664\" class=\"wp-caption-text\">Falling Three Method<\/p><\/div><\/p>\n<p style=\"text-align:justify; padding:0; margin: -170px 0 0 140px; position: relative; float: left; display: inline;\">\nFalling Three Methods ist der Counterpart der obigen Formation und gilt als bearishe Fortsetzungsformation.<br \/>\nNach vorherrschender Abw\u00e4rtsbewegung (1) formieren sich drei bis f\u00fcnf identische wei\u00dfe Kerzen, die in der Handelsspanne der ersten Kerze liegen. Die letzte Kerze (5) sollte eine starke bearishe Tendenz aufweisen und tiefer als die erste Kerze schlie\u00dfen.<\/p>\n<\/div>\n<hr>\n<div id=\"attachment_660\" style=\"width: 650px\" class=\"wp-caption alignnone\"><img loading=\"lazy\" decoding=\"async\" aria-describedby=\"caption-attachment-660\" src=\"http:\/\/www.forex-pc.de\/wordpress\/wordpress\/wp-content\/uploads\/2010\/09\/Falling-three-methods.jpg\" alt=\"\" title=\"Falling Three Methods\" width=\"640\" height=\"480\" class=\"size-full wp-image-660\" srcset=\"http:\/\/www.candlestick-fibonacci.de\/wp-content\/uploads\/2010\/09\/Falling-three-methods.jpg 640w, http:\/\/www.candlestick-fibonacci.de\/wp-content\/uploads\/2010\/09\/Falling-three-methods-300x225.jpg 300w\" sizes=\"auto, (max-width: 640px) 100vw, 640px\" \/><p id=\"caption-attachment-660\" class=\"wp-caption-text\">Falling Three Methods<\/p><\/div>\n<p style=\"text-align:justify\">Bei dieser Formation ruht der Markt kurzfristig nach einer starken Kursbewegung bevor er letztlich mit diesem fortsetzt. Die mittleren Kerzen indizieren das \u201edurchatmen\u201c des Marktes. Dabei k\u00f6nnen es auch zwei, vier oder f\u00fcnf Kerzen sein, die sich als Dojis oder Stars formieren. F\u00fcr ein starkes Fortsetzungssignal ist es wichtig, dass die mittleren Kerzen die Handelsspanne der signifikanten ersten Kerze nicht \u00fcbersteigen. Schafft es eine dieser Mittelkerzen das Hoch der ersten Kerze zu brechen, so ist die Fortsetzung des bestehenden Trends zweifelhaft.\n<\/p>\n<hr id=\"Three Line Strike\">\n<p style=\"text-align:justify\">\n<strong>\u00c4hnliche Variante: Three Line Strike<\/strong><\/p>\n<div style=\"overflow: hidden;\">\n<div id=\"attachment_666\" style=\"width: 110px\" class=\"wp-caption alignnone\"><img loading=\"lazy\" decoding=\"async\" aria-describedby=\"caption-attachment-666\" src=\"http:\/\/www.forex-pc.de\/wordpress\/wordpress\/wp-content\/uploads\/2010\/09\/three-line-strike.jpg\" alt=\"\" title=\"Three Line Strike\" width=\"100\" height=\"159\" class=\"size-full wp-image-666\" \/><p id=\"caption-attachment-666\" class=\"wp-caption-text\">Three Line Strike<\/p><\/div><\/p>\n<p style=\"text-align:justify; padding:0; margin: -160px 0 0 140px; position: relative; float: left; display: inline;\">\nDie Formation Three Line Strike gleicht der Formation Rising Three Methods. Es ist jedoch der Unterschied zum vorherigen Trend zu beachten.<br \/>\nDie ersten drei Kerzen zeigen einen klaren Abw\u00e4rtstrend an. Die lange wei\u00dfe Kerze ist nicht als Umkehrsignal sondern eher als g\u00fcnstige M\u00f6glichkeit zur Aufstockung weiterer Short-Positionen zu deuten. Aufgrund der geringeren Aussagekraft des Signals sollte eine Best\u00e4tigung in Form einer schwarzen Kerze im n\u00e4chsten Zeitabschnitt erfolgen.\n<\/p>\n<\/div>\n<hr>\n<div id=\"attachment_667\" style=\"width: 650px\" class=\"wp-caption alignnone\"><img loading=\"lazy\" decoding=\"async\" aria-describedby=\"caption-attachment-667\" src=\"http:\/\/www.forex-pc.de\/wordpress\/wordpress\/wp-content\/uploads\/2010\/09\/ThreeLineStrike.jpg\" alt=\"\" title=\"Three Line Strike\" width=\"640\" height=\"480\" class=\"size-full wp-image-667\" srcset=\"http:\/\/www.candlestick-fibonacci.de\/wp-content\/uploads\/2010\/09\/ThreeLineStrike.jpg 640w, http:\/\/www.candlestick-fibonacci.de\/wp-content\/uploads\/2010\/09\/ThreeLineStrike-300x225.jpg 300w\" sizes=\"auto, (max-width: 640px) 100vw, 640px\" \/><p id=\"caption-attachment-667\" class=\"wp-caption-text\">Three Line Strike<\/p><\/div>\n<p style=\"text-align:justify\">\nIm Chart sehen wir eine bearishe Marktbewegung. Die bullishe Kerze er\u00f6ffnet zun\u00e4chst zu einem neuen Tiefstkurs und schlie\u00dft im Verlauf der Periode mit einem langen Kerzenk\u00f6rper. Dieser bullishe Impuls sollte nicht als Umkehrsignal interpretiert werden, sondern zun\u00e4chst als g\u00fcnstige M\u00f6glichkeit f\u00fcr weitere Short Positionen. Die Best\u00e4tigung in Form einer folgenden bearishen Kerze sollte in jedem Fall erfolgen.\n<\/p>\n<hr>\n","protected":false},"excerpt":{"rendered":"<p>Die Three Methods Formation besteht aus typischerweise f\u00fcnf Kerzen und kann Bullish -Rising Three Methods- oder Bearish -Falling Three Methods- ausgepr\u00e4gt sein. Die Rising Three Methods ist gekennzeichnet durch eine vorherige bullishe Marktbewegung. Diese wird durch eine starke bullishe Kerze charakterisiert (1). Die folgenden kleinen bearishen Kerzen (2, 3, 4) formieren sich idealerweise in der [&hellip;]<\/p>\n","protected":false},"author":1,"featured_media":0,"parent":595,"menu_order":2,"comment_status":"closed","ping_status":"closed","template":"","meta":{"footnotes":""},"class_list":["post-614","page","type-page","status-publish","hentry"],"_links":{"self":[{"href":"http:\/\/www.candlestick-fibonacci.de\/index.php?rest_route=\/wp\/v2\/pages\/614","targetHints":{"allow":["GET"]}}],"collection":[{"href":"http:\/\/www.candlestick-fibonacci.de\/index.php?rest_route=\/wp\/v2\/pages"}],"about":[{"href":"http:\/\/www.candlestick-fibonacci.de\/index.php?rest_route=\/wp\/v2\/types\/page"}],"author":[{"embeddable":true,"href":"http:\/\/www.candlestick-fibonacci.de\/index.php?rest_route=\/wp\/v2\/users\/1"}],"replies":[{"embeddable":true,"href":"http:\/\/www.candlestick-fibonacci.de\/index.php?rest_route=%2Fwp%2Fv2%2Fcomments&post=614"}],"version-history":[{"count":12,"href":"http:\/\/www.candlestick-fibonacci.de\/index.php?rest_route=\/wp\/v2\/pages\/614\/revisions"}],"predecessor-version":[{"id":1112,"href":"http:\/\/www.candlestick-fibonacci.de\/index.php?rest_route=\/wp\/v2\/pages\/614\/revisions\/1112"}],"up":[{"embeddable":true,"href":"http:\/\/www.candlestick-fibonacci.de\/index.php?rest_route=\/wp\/v2\/pages\/595"}],"wp:attachment":[{"href":"http:\/\/www.candlestick-fibonacci.de\/index.php?rest_route=%2Fwp%2Fv2%2Fmedia&parent=614"}],"curies":[{"name":"wp","href":"https:\/\/api.w.org\/{rel}","templated":true}]}}