{"id":621,"date":"2010-09-08T14:16:07","date_gmt":"2010-09-08T12:16:07","guid":{"rendered":"http:\/\/www.forex-pc.de\/wordpress\/wordpress\/?page_id=621"},"modified":"2010-10-01T15:12:12","modified_gmt":"2010-10-01T13:12:12","slug":"tasuki-gap","status":"publish","type":"page","link":"http:\/\/www.candlestick-fibonacci.de\/?page_id=621","title":{"rendered":"Tasuki-Gap"},"content":{"rendered":"<hr \/>\n<div style=\"overflow: hidden;\">\n<div id=\"attachment_676\" style=\"width: 101px\" class=\"wp-caption alignnone\"><img loading=\"lazy\" decoding=\"async\" aria-describedby=\"caption-attachment-676\" class=\"size-full wp-image-676\" title=\"Upside Tasuki Gap\" src=\"http:\/\/www.forex-pc.de\/wordpress\/wordpress\/wp-content\/uploads\/2010\/09\/upside-tasuki-gap.jpg\" alt=\"\" width=\"91\" height=\"148\" \/><p id=\"caption-attachment-676\" class=\"wp-caption-text\">Upside Tasuki Gap<\/p><\/div>\n<p style=\"text-align: justify; padding: 0; margin: -170px 0 0 140px; position: relative; float: left; display: inline;\">Tasuki Gap Formationen stellen Fortsetzungsformationen aus drei Kerzen dar, die Bullish (Upside Tasuki Gap) oder Bearish (Downside Tasuki Gap) ausgepr\u00e4gt sind.<br \/>\nBei einem Upside Tasuki Gap rei\u00dfen gleich zwei Kerzen (2, 3) von der bisherigen Marktbewegung (1) ab und hinterlassen ein steigendes Fenster. Dies wird als bullishes Signal interpretiert. Schlie\u00dft die dritte Kerze unter dem Fenster ist die bullishe Fortsetzung eventuell gef\u00e4hrdet. Das steigende Fenster gilt als Unterst\u00fctzungslinie.<\/p>\n<\/div>\n<hr \/>\n<div id=\"attachment_674\" style=\"width: 650px\" class=\"wp-caption alignnone\"><img loading=\"lazy\" decoding=\"async\" aria-describedby=\"caption-attachment-674\" class=\"size-full wp-image-674\" title=\"Upside-Tasuki-Gap\" src=\"http:\/\/www.forex-pc.de\/wordpress\/wordpress\/wp-content\/uploads\/2010\/09\/upsidetasukigap.jpg\" alt=\"\" width=\"640\" height=\"480\" srcset=\"http:\/\/www.candlestick-fibonacci.de\/wp-content\/uploads\/2010\/09\/upsidetasukigap.jpg 640w, http:\/\/www.candlestick-fibonacci.de\/wp-content\/uploads\/2010\/09\/upsidetasukigap-300x225.jpg 300w\" sizes=\"auto, (max-width: 640px) 100vw, 640px\" \/><p id=\"caption-attachment-674\" class=\"wp-caption-text\">Upside Tasuki Gap<\/p><\/div>\n<p style=\"text-align: justify;\">In der Abbildung formiert sich in der bullishen Marktbewegung ein steigendes Fenster zwischen erster Kerze und den folgenden beiden Kerzen (2,3). Dieses gilt als m\u00f6gliche Unterst\u00fctzungslinie. Das Upside Tasuki Gap k\u00f6nnte die Fortsetzung der bullishen Bewegung signalisieren.<\/p>\n<hr \/>\n<div style=\"overflow: hidden;\">\n<div id=\"attachment_678\" style=\"width: 103px\" class=\"wp-caption alignnone\"><img loading=\"lazy\" decoding=\"async\" aria-describedby=\"caption-attachment-678\" class=\"size-full wp-image-678\" title=\"Downside Tasuki Gap\" src=\"http:\/\/www.forex-pc.de\/wordpress\/wordpress\/wp-content\/uploads\/2010\/09\/downside-tasuki-gap.jpg\" alt=\"\" width=\"93\" height=\"173\" \/><p id=\"caption-attachment-678\" class=\"wp-caption-text\">Downside Tasuki Gap<\/p><\/div>\n<p style=\"text-align: justify; padding: 0; margin: -175px 0 0 140px; position: relative; float: left; display: inline;\">Der Downside-Tasuki-Gap stellt analog das bearishe Gegenst\u00fcck zum bullishen Upside-Tasuki-Gap dar.<br \/>\nDie erste Kerze charakterisiert die bearishe Marktbewegung. Die zweite und dritte Kerze rei\u00dfen vom voherigen Kurs ab und hinterlassen ein fallendes Fenster.<br \/>\nAnalog ist die bearishe Fortsetzungsformation gef\u00e4hrdet, wenn die dritte Kerze in dem Fenster schlie\u00dft. Das fallende Fenster gilt als Wiederstandslinie.<br \/>\nGrundlegend gilt ein fallendes Fenster als bearishes Signal.<\/p>\n<\/div>\n<hr \/>\n<div id=\"attachment_679\" style=\"width: 650px\" class=\"wp-caption alignnone\"><img loading=\"lazy\" decoding=\"async\" aria-describedby=\"caption-attachment-679\" class=\"size-full wp-image-679\" title=\"Downside Tasuki Gap\" src=\"http:\/\/www.forex-pc.de\/wordpress\/wordpress\/wp-content\/uploads\/2010\/09\/Downsidetasukigap.jpg\" alt=\"\" width=\"640\" height=\"480\" srcset=\"http:\/\/www.candlestick-fibonacci.de\/wp-content\/uploads\/2010\/09\/Downsidetasukigap.jpg 640w, http:\/\/www.candlestick-fibonacci.de\/wp-content\/uploads\/2010\/09\/Downsidetasukigap-300x225.jpg 300w\" sizes=\"auto, (max-width: 640px) 100vw, 640px\" \/><p id=\"caption-attachment-679\" class=\"wp-caption-text\">Downside Tasuki Gap<\/p><\/div>\n<p style=\"text-align: justify;\">In der Abbildung rei\u00dft der Kurs durch die zweite und dritte Kerze auseinander. Dies formiert ein fallendes Fenster und charakterisiert k\u00fcnftig eine Widerstandslinie. Es komplettiert sich ein Downside Tasuki Gap. Aufgrund der schwach ausgepr\u00e4gten Marktbewegung ist es wahrscheinlich, dass nur ein schwaches Fortsetzungssignal generiert wird.<\/p>\n<hr \/>\n<p style=\"text-align: justify;\"><strong>Die Varianten Upside Gap Three Methods und Downside Gap Three Methods:<\/strong><\/p>\n<table width=\"50%\">\n<tbody>\n<tr>\n<td id=\"Upside Gap Three Methods\" width=\"25%\">\n<p><div id=\"attachment_680\" style=\"width: 101px\" class=\"wp-caption alignnone\"><img loading=\"lazy\" decoding=\"async\" aria-describedby=\"caption-attachment-680\" class=\"size-full wp-image-680\" title=\"Upside Gap Three Methods\" src=\"http:\/\/www.forex-pc.de\/wordpress\/wordpress\/wp-content\/uploads\/2010\/09\/upside-gap-three-methods.jpg\" alt=\"\" width=\"91\" height=\"144\" \/><p id=\"caption-attachment-680\" class=\"wp-caption-text\">Upside Gap Three Methods<\/p><\/div><\/td>\n<td id=\"Downside Gap Three Methods\" width=\"25%\">\n<p><div id=\"attachment_681\" style=\"width: 101px\" class=\"wp-caption alignnone\"><img loading=\"lazy\" decoding=\"async\" aria-describedby=\"caption-attachment-681\" class=\"size-full wp-image-681\" title=\"Downside Gap Three Methods\" src=\"http:\/\/www.forex-pc.de\/wordpress\/wordpress\/wp-content\/uploads\/2010\/09\/downside-gap-three-methods.jpg\" alt=\"\" width=\"91\" height=\"142\" \/><p id=\"caption-attachment-681\" class=\"wp-caption-text\">Downside Gap Three Methods<\/p><\/div><\/td>\n<\/tr>\n<\/tbody>\n<\/table>\n<p style=\"text-align: justify;\">Die zwei Varianten stellen \u00e4hnliche Fortsetzungsformationen dar, die jedoch mit der dritten Kerze das Gap schlie\u00dfen. Upside Gap Three Methods beschreibt dabei die bullishe Fortsetzungsformation und Downside Gap Three Methods die bearishe Fortsetzungsformation.\n<\/p>\n<p style=\"text-align: justify;\"><strong>Beachten Sie den Unterschied zu der bearishen Umkehrformation <a title=\"Two Crows\" href=\"http:\/\/www.forex-pc.de\/wordpress\/wordpress\/?page_id=431\" target=\"_blank\">Two Crows<\/a>.<\/strong><\/p>\n<hr>\n","protected":false},"excerpt":{"rendered":"<p>Tasuki Gap Formationen stellen Fortsetzungsformationen aus drei Kerzen dar, die Bullish (Upside Tasuki Gap) oder Bearish (Downside Tasuki Gap) ausgepr\u00e4gt sind. Bei einem Upside Tasuki Gap rei\u00dfen gleich zwei Kerzen (2, 3) von der bisherigen Marktbewegung (1) ab und hinterlassen ein steigendes Fenster. Dies wird als bullishes Signal interpretiert. Schlie\u00dft die dritte Kerze unter dem [&hellip;]<\/p>\n","protected":false},"author":1,"featured_media":0,"parent":595,"menu_order":4,"comment_status":"closed","ping_status":"closed","template":"","meta":{"footnotes":""},"class_list":["post-621","page","type-page","status-publish","hentry"],"_links":{"self":[{"href":"http:\/\/www.candlestick-fibonacci.de\/index.php?rest_route=\/wp\/v2\/pages\/621","targetHints":{"allow":["GET"]}}],"collection":[{"href":"http:\/\/www.candlestick-fibonacci.de\/index.php?rest_route=\/wp\/v2\/pages"}],"about":[{"href":"http:\/\/www.candlestick-fibonacci.de\/index.php?rest_route=\/wp\/v2\/types\/page"}],"author":[{"embeddable":true,"href":"http:\/\/www.candlestick-fibonacci.de\/index.php?rest_route=\/wp\/v2\/users\/1"}],"replies":[{"embeddable":true,"href":"http:\/\/www.candlestick-fibonacci.de\/index.php?rest_route=%2Fwp%2Fv2%2Fcomments&post=621"}],"version-history":[{"count":14,"href":"http:\/\/www.candlestick-fibonacci.de\/index.php?rest_route=\/wp\/v2\/pages\/621\/revisions"}],"predecessor-version":[{"id":1107,"href":"http:\/\/www.candlestick-fibonacci.de\/index.php?rest_route=\/wp\/v2\/pages\/621\/revisions\/1107"}],"up":[{"embeddable":true,"href":"http:\/\/www.candlestick-fibonacci.de\/index.php?rest_route=\/wp\/v2\/pages\/595"}],"wp:attachment":[{"href":"http:\/\/www.candlestick-fibonacci.de\/index.php?rest_route=%2Fwp%2Fv2%2Fmedia&parent=621"}],"curies":[{"name":"wp","href":"https:\/\/api.w.org\/{rel}","templated":true}]}}