{"id":834,"date":"2010-09-14T15:57:59","date_gmt":"2010-09-14T13:57:59","guid":{"rendered":"http:\/\/www.forex-pc.de\/wordpress\/wordpress\/?page_id=834"},"modified":"2010-10-11T16:28:40","modified_gmt":"2010-10-11T14:28:40","slug":"fibonacci","status":"publish","type":"page","link":"http:\/\/www.candlestick-fibonacci.de\/?page_id=834","title":{"rendered":"Fibonacci"},"content":{"rendered":"<hr \/>\n<h4> Entstehungshintergrund<\/h4>\n<table width=\"100%\">\n<tbody>\n<tr>\n<td width=\"70%\">\n<p style=\"text-align: justify;\">Leonardo Fibonacci da Pisa (u.a. Leonardo Pisanus, Leonardus filius Bonacij \u2013 Kurzform Fibonacci) lebte von ca. 1180-1241 und gilt als der bedeutendste Mathematiker des Mittelalters. Durch seine vielen Reisen machte er sich mit Handelspraktiken (W\u00e4hrungssystemen) vertraut und studierte mathematische Relationen.<br \/>\nNach einer \u00c4gyptenreise ver\u00f6ffentlichte er das Buch \u201eLiber Abaci\u201c (Buch der Kalkulationen. Er f\u00fchrte das Dezimalsystem nach Europa und entwickelte die ber\u00fchmte <strong>Fibonacci-Folge<\/strong>. Gekennzeichnet ist diese Zahlenfolge dadurch, dass sich die jeweils folgende Zahl durch die Addition der beiden vorherigen ergibt (Bsp. Kaninchen Population in der Natur).<\/p>\n<p>Fibonacci Folge:<\/p>\n<pre>0+1=1 \t\t3+2=5\t \t13+8=21\r\n1+1=2 \t\t5+3=8\t\t21+13=34\r\n2+1=3 \t\t8+5=13\t\t34+21=55\u2026<\/pre>\n<p>0,1,1,2,3,5,8,13,21,34,55,89,144\u2026<\/p>\n<p>Was ist nun besonders an dieser Zahlenfolge?<\/td>\n<td width=\"5%\"><\/td>\n<td width=\"25%\">\n<p><div id=\"attachment_845\" style=\"width: 198px\" class=\"wp-caption alignnone\"><img loading=\"lazy\" decoding=\"async\" aria-describedby=\"caption-attachment-845\" class=\"size-full wp-image-845 \" title=\"Leonardo Fibonacci da Pisa \" src=\"http:\/\/www.forex-pc.de\/wordpress\/wordpress\/wp-content\/uploads\/2010\/09\/Fibonacci1.jpg\" alt=\"\" width=\"188\" height=\"228\" srcset=\"http:\/\/www.candlestick-fibonacci.de\/wp-content\/uploads\/2010\/09\/Fibonacci1.jpg 268w, http:\/\/www.candlestick-fibonacci.de\/wp-content\/uploads\/2010\/09\/Fibonacci1-246x300.jpg 246w\" sizes=\"auto, (max-width: 188px) 100vw, 188px\" \/><p id=\"caption-attachment-845\" class=\"wp-caption-text\">Leonardo Fibonacci da Pisa <\/p><\/div><\/td>\n<\/tr>\n<\/tbody>\n<\/table>\n<p style=\"text-align: justify;\">Euklid erw\u00e4hnte erstmals um ca. 300 v.Chr. den Goldenen Schnitt. Er entdeckte spezielle Teilung von platonischen K\u00f6rpern (Tetraeder, Hexaeder, Oktaeder\u2026); die Pyramiden sind exakt nach dem Goldenen Schnitt konstruiert. Die katholische Kirche bezeichnete die Relation als \u201eG\u00f6ttliches Verh\u00e4ltnis\u201c und verwendete sie beim Kirchenbau (\u00e4hnlich der Griechen beim Tempelbau: Parthenon in Athen).<\/p>\n<p>In der Natur ist ebenfalls dieser Goldene Winkel zu finden. Zwischen den aufeinander folgenden Bl\u00e4ttern bzw. Samen entspricht der goldene Winkel exakt<br \/>\n= 360\u00b0 &#8211; 360\/1.618 = 137.503\u00b0<br \/>\nDieses empfundene Sch\u00f6nheitsideal findet auch Beispiele in der Architektur, der Kunst, in der Musik und Astrologie (Venus-Uranus-Zirkel).<br \/>\nDie Fibonacci Zahlenfolge weist dieses \u201eGoldene Verh\u00e4ltnis\u201c (Zahl Phi) auf, wobei n ein Element der Fibonacci Reihe ist:<br \/>\n<img loading=\"lazy\" decoding=\"async\" src=\"http:\/\/www.forex-pc.de\/wordpress\/wordpress\/wp-content\/uploads\/2010\/09\/fibophi1.jpg\" alt=\"\" title=\"\" width=\"266\" height=\"67\" class=\"alignnone size-full wp-image-867\" \/><\/p>\n<p style=\"text-align: justify;\">\nF\u00fcr die Technische Analyse werden nicht nur diese Zahl Phi, sondern auch deren linearen und quadratischen Verh\u00e4ltnisse genutzt. Ihre Berechnungen sind dabei wie folgt:<\/p>\n<p><img loading=\"lazy\" decoding=\"async\" src=\"http:\/\/www.forex-pc.de\/wordpress\/wordpress\/wp-content\/uploads\/2010\/09\/fibophivar.jpg\" alt=\"\" title=\"\" width=\"246\" height=\"117\" class=\"alignnone size-full wp-image-859\" \/><\/p>\n<p style=\"text-align: justify;\">F\u00fcr die quadratischen Verh\u00e4ltnisse ergibt sich:<\/p>\n<p><img loading=\"lazy\" decoding=\"async\" src=\"http:\/\/www.forex-pc.de\/wordpress\/wordpress\/wp-content\/uploads\/2010\/09\/fibquadr.jpg\" alt=\"\" title=\"\" width=\"127\" height=\"67\" class=\"alignnone size-full wp-image-861\" \/><\/p>\n<hr>\n<p>\n<strong>Anwendung Technische Analyse <\/strong><\/p>\n<p style=\"text-align: justify;\">\nDiese Fibonacci Verh\u00e4ltnisse k\u00f6nnen hilfreich bei der Kursanalyse sein. An der B\u00f6rse kommt es zu immer wiederkehrenden Mustern. 1920 wurden die Fibonacci Zahlen im Bereich der B\u00f6rse implementiert. Ralph Nelson Elliot erkl\u00e4rte in seinem Buch \u201eNature\u2018s Law\u201c die Fibonacci Verh\u00e4ltnisse zum Grundordnungsprinzip der Welt. Diese Muster von Kurskorrekturbewegungen k\u00f6nnen anhand der Fibonacci Verh\u00e4ltnisse berechnet werden. L\u00e4uft die Kurskorrektur in diesem Verh\u00e4ltnis zur vorrangegangenen Entwicklung so ist es wahrscheinlich, dass diese Gegenbewegung endet.\n<\/p>\n<div id=\"attachment_868\" style=\"width: 469px\" class=\"wp-caption alignnone\"><img loading=\"lazy\" decoding=\"async\" aria-describedby=\"caption-attachment-868\" src=\"http:\/\/www.forex-pc.de\/wordpress\/wordpress\/wp-content\/uploads\/2010\/09\/three-drives-to-a-top.jpg\" alt=\"\" title=\"Three Drives to a Top\" width=\"459\" height=\"318\" class=\"size-full wp-image-868\" srcset=\"http:\/\/www.candlestick-fibonacci.de\/wp-content\/uploads\/2010\/09\/three-drives-to-a-top.jpg 459w, http:\/\/www.candlestick-fibonacci.de\/wp-content\/uploads\/2010\/09\/three-drives-to-a-top-300x207.jpg 300w\" sizes=\"auto, (max-width: 459px) 100vw, 459px\" \/><p id=\"caption-attachment-868\" class=\"wp-caption-text\">Three Drives to a Top<\/p><\/div>\n<p style=\"text-align: justify;\">\nDie Abbildung zeigt eine stilisierte Kursbewegung. Die jeweiligen Hochpunkte (1,2,3) treten mit der vorherigen Gegenbewegung im Verh\u00e4ltnis 1\/Phi auf. In den Punkten 1,2 und 3 k\u00f6nnten entsprechende Kerzenformationen (bspw. Shooting Star und Hanging Man) Verkauftssignale erzeugen. In der Praxis sind auch andere Fibonacci Relationen m\u00f6glich, an denen eine m\u00f6gliche Trendumkehr erfolgt.\n<\/p>\n<hr>\n<h4> Instrumente f\u00fcr die Technische Analyse<\/h4>\n<p><strong><br \/>\nFibonacci-Retracements<\/strong><\/p>\n<p style=\"text-align: justify;\">\nDiese Linien stellen horizontale Widerstands- und Unterst\u00fctzungslinien dar, die aus dem Hoch- und Tiefpunkt der vorherigen Marktbewegung berechnet werden. Dadurch kann das Kurskorrekturpotential abgeleitet werden. An solchen Retracements erh\u00f6ht sich die Wahrscheinlichkeit einer Umkehr.\n<\/p>\n<div id=\"attachment_869\" style=\"width: 650px\" class=\"wp-caption alignnone\"><img loading=\"lazy\" decoding=\"async\" aria-describedby=\"caption-attachment-869\" src=\"http:\/\/www.forex-pc.de\/wordpress\/wordpress\/wp-content\/uploads\/2010\/09\/fretracement.jpg\" alt=\"\" title=\"Fibonacci-Retracement\" width=\"640\" height=\"480\" class=\"size-full wp-image-869\" srcset=\"http:\/\/www.candlestick-fibonacci.de\/wp-content\/uploads\/2010\/09\/fretracement.jpg 640w, http:\/\/www.candlestick-fibonacci.de\/wp-content\/uploads\/2010\/09\/fretracement-300x225.jpg 300w\" sizes=\"auto, (max-width: 640px) 100vw, 640px\" \/><p id=\"caption-attachment-869\" class=\"wp-caption-text\">Fibonacci-Retracement<\/p><\/div>\n<p style=\"text-align: justify;\">\nDie Abbildung veranschaulicht wie der Dax Index sich an den Fibonacci Retracements orientiert. An diesen Retracements erfolgten kurze Gegenbewegungen. Deutlich wird dabei, dass der Kurs nicht absolut drehen muss. Eine vorherige eindeutige Marktbewegung ist Voraussetzung f\u00fcr das Festlegen der Retracements.\n<\/p>\n<hr>\n<p><strong>Fibonacci-Zeitprojektionen<\/strong><\/p>\n<p style=\"text-align: justify;\">\nBei dieser zeitraumbezogenen Analyse wird nach Wendepunkten im Kursverlauf gesucht. Hierf\u00fcr kann der Abstand zwischen zwei Hoch- oder Tiefpunkten, aber auch zwischen einem Hoch- und Tiefpunkt untersucht werden. Die zeitliche Differenz zwischen zwei gew\u00e4hlten Zeitpunkten wird mit der Fibonacci-Sequenz multipliziert (0.382; 0.618; 1.618; 2.618). Der sich daraus ergebende Wert wird ausgehend vom Zeitraum als vertikale Linie abgetragen.\n<\/p>\n<div id=\"attachment_870\" style=\"width: 650px\" class=\"wp-caption alignnone\"><img loading=\"lazy\" decoding=\"async\" aria-describedby=\"caption-attachment-870\" src=\"http:\/\/www.forex-pc.de\/wordpress\/wordpress\/wp-content\/uploads\/2010\/09\/fibotimeprojections.jpg\" alt=\"\" title=\"Fibonacci-Zeitprojektionen\" width=\"640\" height=\"480\" class=\"size-full wp-image-870\" srcset=\"http:\/\/www.candlestick-fibonacci.de\/wp-content\/uploads\/2010\/09\/fibotimeprojections.jpg 640w, http:\/\/www.candlestick-fibonacci.de\/wp-content\/uploads\/2010\/09\/fibotimeprojections-300x225.jpg 300w\" sizes=\"auto, (max-width: 640px) 100vw, 640px\" \/><p id=\"caption-attachment-870\" class=\"wp-caption-text\">Fibonacci-Zeitprojektionen<\/p><\/div>\n<p style=\"text-align: justify;\">\nDie zeitliche Differenz zwischen dem in der Abbildung gew\u00e4hlten Zeitraum (M\u00e4rz \u2013 Juni) wird bei den Zeitprojektionen mit der Fibonacci Folge multipliziert. Es ist ersichtlich, dass mit hoher Wahrscheinlichkeit eine Trendwende an diesen Fibonacci Verh\u00e4ltnissen auftritt.\n<\/p>\n<hr>\n<p><strong>Fibonacci-F\u00e4cherlinien<\/strong><\/p>\n<p style=\"text-align: justify;\">\n<p>Fibonacci-F\u00e4cherlinien werden an Hoch- und Tiefpunkten angelegt. Sie charakterisieren wichtige Widerstands- und Unterst\u00fctzungsbereiche. Der wesentliche Vorteil bei F\u00e4cherlinien ist, dass Preis und Zeit gleichzeitig integriert werden. Quasi wie ein Retracement inklusive der Zeit.\n<\/p>\n<div id=\"attachment_871\" style=\"width: 650px\" class=\"wp-caption alignnone\"><img loading=\"lazy\" decoding=\"async\" aria-describedby=\"caption-attachment-871\" src=\"http:\/\/www.forex-pc.de\/wordpress\/wordpress\/wp-content\/uploads\/2010\/09\/fibofan.jpg\" alt=\"\" title=\"Fibonacci-Fanlines\" width=\"640\" height=\"480\" class=\"size-full wp-image-871\" srcset=\"http:\/\/www.candlestick-fibonacci.de\/wp-content\/uploads\/2010\/09\/fibofan.jpg 640w, http:\/\/www.candlestick-fibonacci.de\/wp-content\/uploads\/2010\/09\/fibofan-300x225.jpg 300w\" sizes=\"auto, (max-width: 640px) 100vw, 640px\" \/><p id=\"caption-attachment-871\" class=\"wp-caption-text\">Fibonacci-Fanlines<\/p><\/div>\n<hr>\n<p><strong>Fibonacci-Extensions<\/strong><\/p>\n<p style=\"text-align: justify;\">\nDie Fibonacci-Extensions sind im Prinzip genau das selbe wie die Retracements. Die jeweiligen Preis-Linien werden hier allerdings \u00fcber die angesetzte Welle hinaus gesetzt. So kommen Preis-Levels wie 127,2%, 161.8% oder 261.8% zustande. So sind diese auch hier f\u00fcr Wendpunkte relevant.\n<\/p>\n<div id=\"attachment_872\" style=\"width: 650px\" class=\"wp-caption alignnone\"><img loading=\"lazy\" decoding=\"async\" aria-describedby=\"caption-attachment-872\" src=\"http:\/\/www.forex-pc.de\/wordpress\/wordpress\/wp-content\/uploads\/2010\/09\/fiboextensions.jpg\" alt=\"\" title=\"Fibonacci Extensions\" width=\"640\" height=\"480\" class=\"size-full wp-image-872\" srcset=\"http:\/\/www.candlestick-fibonacci.de\/wp-content\/uploads\/2010\/09\/fiboextensions.jpg 640w, http:\/\/www.candlestick-fibonacci.de\/wp-content\/uploads\/2010\/09\/fiboextensions-300x225.jpg 300w\" sizes=\"auto, (max-width: 640px) 100vw, 640px\" \/><p id=\"caption-attachment-872\" class=\"wp-caption-text\">Fibonacci Extensions<\/p><\/div>\n<p>Zun\u00e4chst wurde vom lokalen Tiefpunkt (39\u20ac) und Hochpunkt (45\u20ac) eine Hilfslinie gezogen. Addiert man zu dieser Strecke die Fibonacci Verh\u00e4ltnisse von 38,2% und 61,8% erh\u00e4lt man die Extensions, hier: 138,2 % und 161,8%. Die Abbildung veranschaulicht wie der Kurs zun\u00e4chst die 138,2% Extension  erreicht und diese einige Perioden testet. Bei der signifikanten 161,8% Retracement kommt es zur Trendumkehr. Es sind auch weitere Fibonacci Hierachien relevant (127,2%, 138,2%, 261%, 423%).<\/p>\n<hr>\n<p>Wir beschr\u00e4nken uns hier auf diese 4 Instrumente der Fibonacci-Analyse. Dies wird f\u00fcr unsere Analysen ausreichend sein.<br \/>\nF\u00fcr weitere Fibonacci Instrumente wird auf die Literatur verwiesen.<sup>1<\/sup><\/p>\n<hr align=\"left\" width=\"50%\";>\n<sup>1<\/sup> Vgl. Fischer R. (2001),The New Fibonacci Trader &#8211; Tools &#038; Strategies for Trading Success;    Fischer R.\/Fischer J. (2003), Candlesticks, Fibonacci, and Chart Pattern Trading Tools &#8211; A Synergistic Strategy to Enhance Profits and Reduce Risk<\/p>\n<hr>\n","protected":false},"excerpt":{"rendered":"<p>Entstehungshintergrund Leonardo Fibonacci da Pisa (u.a. Leonardo Pisanus, Leonardus filius Bonacij \u2013 Kurzform Fibonacci) lebte von ca. 1180-1241 und gilt als der bedeutendste Mathematiker des Mittelalters. Durch seine vielen Reisen machte er sich mit Handelspraktiken (W\u00e4hrungssystemen) vertraut und studierte mathematische Relationen. Nach einer \u00c4gyptenreise ver\u00f6ffentlichte er das Buch \u201eLiber Abaci\u201c (Buch der Kalkulationen. Er f\u00fchrte [&hellip;]<\/p>\n","protected":false},"author":1,"featured_media":0,"parent":1135,"menu_order":5,"comment_status":"closed","ping_status":"closed","template":"","meta":{"footnotes":""},"class_list":["post-834","page","type-page","status-publish","hentry"],"_links":{"self":[{"href":"http:\/\/www.candlestick-fibonacci.de\/index.php?rest_route=\/wp\/v2\/pages\/834","targetHints":{"allow":["GET"]}}],"collection":[{"href":"http:\/\/www.candlestick-fibonacci.de\/index.php?rest_route=\/wp\/v2\/pages"}],"about":[{"href":"http:\/\/www.candlestick-fibonacci.de\/index.php?rest_route=\/wp\/v2\/types\/page"}],"author":[{"embeddable":true,"href":"http:\/\/www.candlestick-fibonacci.de\/index.php?rest_route=\/wp\/v2\/users\/1"}],"replies":[{"embeddable":true,"href":"http:\/\/www.candlestick-fibonacci.de\/index.php?rest_route=%2Fwp%2Fv2%2Fcomments&post=834"}],"version-history":[{"count":35,"href":"http:\/\/www.candlestick-fibonacci.de\/index.php?rest_route=\/wp\/v2\/pages\/834\/revisions"}],"predecessor-version":[{"id":839,"href":"http:\/\/www.candlestick-fibonacci.de\/index.php?rest_route=\/wp\/v2\/pages\/834\/revisions\/839"}],"up":[{"embeddable":true,"href":"http:\/\/www.candlestick-fibonacci.de\/index.php?rest_route=\/wp\/v2\/pages\/1135"}],"wp:attachment":[{"href":"http:\/\/www.candlestick-fibonacci.de\/index.php?rest_route=%2Fwp%2Fv2%2Fmedia&parent=834"}],"curies":[{"name":"wp","href":"https:\/\/api.w.org\/{rel}","templated":true}]}}