{"id":94,"date":"2010-09-01T15:32:22","date_gmt":"2010-09-01T13:32:22","guid":{"rendered":"http:\/\/www.forex-pc.de\/wordpress\/wordpress\/?page_id=94"},"modified":"2013-04-16T17:55:16","modified_gmt":"2013-04-16T15:55:16","slug":"alles-was-man-uber-candlesticks-wissen-muss","status":"publish","type":"page","link":"http:\/\/www.candlestick-fibonacci.de\/","title":{"rendered":"Neue Candlestick und Fibonacci Analyse"},"content":{"rendered":"<hr \/>\n<div style=\"font-size: medium; padding-bottom: 25px;\">\n<h3>Willkommen auf der Candle-Stick-Info-Seite.<\/h3>\n<\/div>\n<div style=\"font-size: medium;\">\n<ul> <strong>Inhalt dieser Homepage:<\/strong><\/p>\n<li> Informationen \u00fcber herk\u00f6mmliche Candle-Stick-Formationen.<\/li>\n<p><\/b><\/p>\n<li> Benutzen Sie die Homepage als Wissens-Plattform.<br \/>\n<a href=\"http:\/\/www.candlestick-fibonacci.de\/?page_id=1135 \"> &gt; Basiswissen &lt; <\/a><\/li>\n<p><\/b><\/p>\n<li> Indikator &#8211; CANDLE-SCANNER. Dieser hilft Ihnen bei der Arbeit.<br \/>\n<a href=\"http:\/\/www.candlestick-fibonacci.de\/?page_id=1277 \"> &gt; Indikatoren &lt; <\/a><\/li>\n<p><\/b><\/p>\n<li> <strong>Weiterentwicklung<\/strong> der Candle-Stick-Analyse. Hierf\u00fcr biete ich ein Seminar an.<br \/>\n<a href=\"http:\/\/www.candlestick-fibonacci.de\/?page_id=1146 \"> &gt; Seminar &lt; <\/a><\/li>\n<p><\/b><\/p>\n<li> Viele automatische Handelssysteme mit Candlestick-Formationen.<br \/>\n<a href=\"http:\/\/www.candlestick-fibonacci.de\/?page_id=1319\"> &gt; Candle Trader und ALL-IN-ONE &lt; <\/a><\/li>\n<p><\/b> <\/b><\/p>\n<li> Handelssystem-Programmierung. Lassen Sie sich Ihre Systemideen programmieren.<br \/>\n<a href=\"http:\/\/www.devisen-handelssysteme.com\"> www.devisen-handelssysteme.com <\/a><\/li>\n<\/ul>\n<\/div>\n<div style=\"padding-top: 25px;\">\n<p>Die Candle-Stick-Analyse ist eine jahrhunderte, alte Analyse-Form der Aktienm\u00e4rkte. Ein gewisser Homma entwickelte die Analyse-Technik f\u00fcr den Reishandel und wurde so ein sehr reicher Mann in Japan. So l\u00e4sst es sich auch leicht vorstellen, dass diese Strategie keine Selbsterf\u00fcllende Prophezeiung ist. Sie funktionierte schon, obwohl Sie von niemandem angewandt wurde. Sie spiegelt das Verhalten von Menschen wider.Das sch\u00f6ne daran ist, dass es sehr einfach ist, diese Formationen zu erlernen und im Chart zu erkennen. Sie lassen sich auch gut mit anderen Instrumenten kombinieren. So w\u00e4hle ich hier die Fibonacci-Analyse, um noch genauere Signale zu bekommen.<\/p>\n<p>Nach jahrelanger Erfahrung mit der Candlestick und Fibonacci Analyse wurde nun von mir eine neue Methodik entwickelt, Ihre Trefferquote deutlich zu erh\u00f6hen. Mit Hilfe eines konkreten Schritt f\u00fcr Schritt &#8211; Planes werden Ihre Einstiege deutlich verbessert. Die bisherige Literatur f\u00fchrt zwar alle Patterns und Instrumente auf, l\u00e4sst den Trader in Sachen der Bewertung dieser aber v\u00f6llig im Dunkeln stehen. So werden in meinem Seminar die Eigenschaften der Formationen genau unter die Lupe genommen. So hat zum Beispiel noch niemand eine Hierarchie f\u00fcr die einzelnen Fibonacci-Verh\u00e4ltnisse eingef\u00fchrt. Sie werden Ihren Horizont deutlich erweitern k\u00f6nnen. Auch Anf\u00e4nger finden hier genau den richtigen Einstieg.<\/p>\n<\/div>\n<p><!--\n\n\n<p align=\"justify\">Sie kennen sich mit der herk\u00f6mmlichen Candlestick-Analyse aus? Oder haben schon davon geh\u00f6rt, dass diese sehr erfolgreich sein soll? Da sind Sie genau richtig auf dieser Homepage.\nNach jahrelanger Erfahrung mit der Candlestick und Fibonacci Analyse wurde nun von mir eine neue Methodik entwickelt, Ihre Trefferquote deutlich zu erh\u00f6hen.\nMit Hilfe eines konkreten Schritt f\u00fcr Schritt - Planes werden Ihre Einstiege deutlich verbessert.\nDie bisherige Literatur f\u00fchrt zwar alle Patterns und Instrumente auf, l\u00e4sst den Trader in Sachen der Bewertung dieser aber v\u00f6llig im Dunkeln stehen.\nSo werden in meinem Seminar die Eigenschaften der Formationen genau unter die Lupe genommen. So hat zum Beispiel noch niemand eine Hierarchie f\u00fcr die einzelnen Fibonacci-Verh\u00e4ltnisse eingef\u00fchrt. Sie werden Ihren Horizont deutlich erweitern k\u00f6nnen.<\/p>\n\n\nAuch Anf\u00e4nger finden hier genau den richtigen Einstieg.\n\nHier erfahren Sie mehr \u00fcber das Seminar: siehe links >>> Seminar <<< Auf dieser Homepage k\u00f6nnen Sie auch Ihr herk\u00f6mmliches Wissen auffrischen. Im Basiswissen sind eine gro\u00dfe Anzahl an Candlestick-Patterns aufgef\u00fchrt. Neulinge haben auch so einen einfachen \u00dcberblick. --><\/p>\n","protected":false},"excerpt":{"rendered":"<p>Willkommen auf der Candle-Stick-Info-Seite. Inhalt dieser Homepage: Informationen \u00fcber herk\u00f6mmliche Candle-Stick-Formationen. Benutzen Sie die Homepage als Wissens-Plattform. &gt; Basiswissen &lt; Indikator &#8211; CANDLE-SCANNER. Dieser hilft Ihnen bei der Arbeit. &gt; Indikatoren &lt; Weiterentwicklung der Candle-Stick-Analyse. Hierf\u00fcr biete ich ein Seminar an. &gt; Seminar &lt; Viele automatische Handelssysteme mit Candlestick-Formationen. &gt; Candle Trader und ALL-IN-ONE &lt; [&hellip;]<\/p>\n","protected":false},"author":1,"featured_media":0,"parent":0,"menu_order":0,"comment_status":"closed","ping_status":"closed","template":"","meta":{"footnotes":""},"class_list":["post-94","page","type-page","status-publish","hentry"],"_links":{"self":[{"href":"http:\/\/www.candlestick-fibonacci.de\/index.php?rest_route=\/wp\/v2\/pages\/94","targetHints":{"allow":["GET"]}}],"collection":[{"href":"http:\/\/www.candlestick-fibonacci.de\/index.php?rest_route=\/wp\/v2\/pages"}],"about":[{"href":"http:\/\/www.candlestick-fibonacci.de\/index.php?rest_route=\/wp\/v2\/types\/page"}],"author":[{"embeddable":true,"href":"http:\/\/www.candlestick-fibonacci.de\/index.php?rest_route=\/wp\/v2\/users\/1"}],"replies":[{"embeddable":true,"href":"http:\/\/www.candlestick-fibonacci.de\/index.php?rest_route=%2Fwp%2Fv2%2Fcomments&post=94"}],"version-history":[{"count":33,"href":"http:\/\/www.candlestick-fibonacci.de\/index.php?rest_route=\/wp\/v2\/pages\/94\/revisions"}],"predecessor-version":[{"id":1150,"href":"http:\/\/www.candlestick-fibonacci.de\/index.php?rest_route=\/wp\/v2\/pages\/94\/revisions\/1150"}],"wp:attachment":[{"href":"http:\/\/www.candlestick-fibonacci.de\/index.php?rest_route=%2Fwp%2Fv2%2Fmedia&parent=94"}],"curies":[{"name":"wp","href":"https:\/\/api.w.org\/{rel}","templated":true}]}}